{"id":12911,"date":"2025-12-01T19:10:15","date_gmt":"2025-12-01T19:10:15","guid":{"rendered":"https:\/\/rossymina.cat\/producto\/bossa-petita-de-pell-bandolera\/"},"modified":"2026-01-13T21:16:02","modified_gmt":"2026-01-13T21:16:02","slug":"bossa-petita-de-pell-bandolera","status":"publish","type":"product","link":"https:\/\/rossymina.cat\/es\/bossa-petita-de-pell-bandolera\/","title":{"rendered":"Bolsa peque\u00f1a de piel bandolera"},"content":{"rendered":"<h1>Bolsa bandolera de piel negra con solapa y cremallera<\/h1>\n<p>Medida 21x 17cm<\/p>\n<h1><a href=\"https:\/\/photos.google.com\/photo\/AF1QipOlKq9Xhxqh4S6aBWNeNVFZdphMDStgeMS89wE4\" target=\"_blank\" rel=\"noopener\">v\u00eddeo<\/a><\/h1>\n<p>Bolsa bandolera peque\u00f1a de piel tersa con un dise\u00f1o elegante y cremallera en piel negra, marr\u00f3n claro o amarilla.<br \/>\nHemos hecho esta bolsa de piel ligera y c\u00f3moda para llevarla en cualquier ocasi\u00f3n y estilo.<\/p>\n<p>\u00a1Ll\u00e9vate tus imprescindibles a cualquier sitio con esta bolsa minimalista y nunca pasa de moda!<br \/>\nTambi\u00e9n es muy vers\u00e1til, puede ser elegante o m\u00e1s deportiva, dependiendo de tu conjunto:-<\/p>","protected":false},"excerpt":{"rendered":"<h1>Bolsa bandolera de piel negra con cremallera<\/h1>\n<p>Bolsa sencilla y divertida<\/p>\n<p>Bolso de dise\u00f1o<br \/>\nBolsas y monederos de mujer<br \/>\nBolsas de boda<br \/>\nBolsos \u00fanicos hechos a mano<br \/>\nHecho a mano en Barcelona<\/p>\n<p>Bolsa bandolera de piel de color negro puro<\/p>","protected":false},"featured_media":7037,"template":"","meta":[],"product_brand":[],"product_cat":[273,246],"product_tag":[333,336,403,335],"class_list":{"0":"post-12911","1":"product","2":"type-product","3":"status-publish","4":"has-post-thumbnail","6":"product_cat-bosses-llises-pell","7":"product_cat-bosses-de-pell","8":"product_tag-bossa-de-cuir-feta-a-ma","9":"product_tag-bossa-de-cuir-marro-clar","10":"product_tag-bossa-de-cuir-negra","11":"product_tag-bosses-creuades","13":"first","14":"instock","15":"shipping-taxable","16":"purchasable","17":"product-type-simple"},"booking_location":null,"booking_location_type":null,"booking_duration":null,"booking_duration_unit":null,"booking_buffer":null,"booking_cost":null,"booking_resources":null,"_links":{"self":[{"href":"https:\/\/rossymina.cat\/es\/wp-json\/wp\/v2\/product\/12911","targetHints":{"allow":["GET"]}}],"collection":[{"href":"https:\/\/rossymina.cat\/es\/wp-json\/wp\/v2\/product"}],"about":[{"href":"https:\/\/rossymina.cat\/es\/wp-json\/wp\/v2\/types\/product"}],"wp:featuredmedia":[{"embeddable":true,"href":"https:\/\/rossymina.cat\/es\/wp-json\/wp\/v2\/media\/7037"}],"wp:attachment":[{"href":"https:\/\/rossymina.cat\/es\/wp-json\/wp\/v2\/media?parent=12911"}],"wp:term":[{"taxonomy":"product_brand","embeddable":true,"href":"https:\/\/rossymina.cat\/es\/wp-json\/wp\/v2\/product_brand?post=12911"},{"taxonomy":"product_cat","embeddable":true,"href":"https:\/\/rossymina.cat\/es\/wp-json\/wp\/v2\/product_cat?post=12911"},{"taxonomy":"product_tag","embeddable":true,"href":"https:\/\/rossymina.cat\/es\/wp-json\/wp\/v2\/product_tag?post=12911"}],"curies":[{"name":"wp","href":"https:\/\/api.w.org\/{rel}","templated":true}]}}