{"id":12920,"date":"2025-12-01T19:10:15","date_gmt":"2025-12-01T19:10:15","guid":{"rendered":"https:\/\/rossymina.cat\/producto\/bossa-bandolera-gran-de-pell\/"},"modified":"2026-01-13T21:15:46","modified_gmt":"2026-01-13T21:15:46","slug":"bolsa-bandolera-grande-de-piel","status":"publish","type":"product","link":"https:\/\/rossymina.cat\/es\/bolsa-bandolera-grande-de-piel\/","title":{"rendered":"Bolsa bandolera grande de piel"},"content":{"rendered":"<h1>Bolsa de piel grande<\/h1>\n<p>Esta bolsa cruzada es ligera y c\u00f3moda de llevar y puedes utilizarla en cualquier ocasi\u00f3n y estilo. Tiene una gran capacidad y caben perfectamente una mesita, una botella de agua peque\u00f1a y otros objetos personales.<br \/>\nPrestamos especial atenci\u00f3n a los DETALLES y aqu\u00ed ten\u00e9is POR QU\u00c9 SON TAN IMPORTANTES:<\/p>\n<p>\u2022 == Piel italiana de la mejor calidad con un tacto suave y suave== :<br \/>\n\u00bfPOR QU\u00c9? La calidad de la piel es importante para la durabilidad de la bolsa. La piel natural de buena calidad hace que la bolsa madure bien con su uso y tenga un aspecto m\u00e1s agradable con el tiempo.<\/p>\n<p>\u2022 == Forro 100% algod\u00f3n ==:<br \/>\n\u00bfPOR QU\u00c9? Mantiene la bolsa limpia y mantiene la forma correcta de la bolsa. Los colores claros aumentan la visibilidad de tus pertenencias en el interior.<\/p>\n<p>\u2022 == Cierre de seguridad con cremallera ==:<br \/>\n\u00bfPOR QU\u00c9? Tienes tus cosas bien protegidas. La buena calidad de la cremallera garantiza su facilidad de uso y durabilidad.<\/p>\n<p>\u2022 ==Correa ajustable de cuero duradero con herramientas de lat\u00f3n de alta calidad ==:<br \/>\n\u00bfPOR QU\u00c9? La calidad de la correa determina su durabilidad y comodidad.<\/p>\n<p>\u2022 ==Bolsillo interior ==:<br \/>\n\u00bfPOR QU\u00c9? M\u00e1s compartimentos facilitan mantener las cosas bien organizadas.<\/p>\n<p>DIMENSIONES<\/p>\n<p>Altura: 23 cm<br \/>\nAncho: 32 cm<br \/>\nProfundidad: 7 cm<br \/>\nCorrea: Correa de hombro ajustable de 70 cm a 121 cm<\/p>\n<p>Bolsillo interior:<br \/>\nAncho: 15 cm<br \/>\nAltura: 11 cm<\/p>\n<p>Ofrecemos esta bolsa de cuero en color marr\u00f3n claro, amarillo mostaza u otros colores como el negro, marr\u00f3n, azul cielo, rojo o burdeos.<\/p>","protected":false},"excerpt":{"rendered":"<p>bolsa redonda peque\u00f1a<\/p>","protected":false},"featured_media":8439,"template":"","meta":[],"product_brand":[],"product_cat":[273,246],"product_tag":[376,374,372,371,377,375,373],"class_list":{"0":"post-12920","1":"product","2":"type-product","3":"status-publish","4":"has-post-thumbnail","6":"product_cat-bosses-llises-pell","7":"product_cat-bosses-de-pell","8":"product_tag-bossa-de-color-bronzejat","9":"product_tag-bossa-de-pell-groc-mostassa","10":"product_tag-bossa-de-pell-marro","11":"product_tag-bossa-de-pell-negra","12":"product_tag-bossa-de-pell-turquesa","13":"product_tag-bossa-petita","14":"product_tag-moneder-minimalista","15":"pa_color-bronzejat","16":"pa_color-groc-mostassa","17":"pa_color-marro","18":"pa_color-negre","19":"pa_color-verd-turquesa","20":"pa_color-vi-pruna","22":"first","23":"instock","24":"shipping-taxable","25":"purchasable","26":"product-type-variable"},"booking_location":null,"booking_location_type":null,"booking_duration":null,"booking_duration_unit":null,"booking_buffer":null,"booking_cost":null,"booking_resources":null,"_links":{"self":[{"href":"https:\/\/rossymina.cat\/es\/wp-json\/wp\/v2\/product\/12920","targetHints":{"allow":["GET"]}}],"collection":[{"href":"https:\/\/rossymina.cat\/es\/wp-json\/wp\/v2\/product"}],"about":[{"href":"https:\/\/rossymina.cat\/es\/wp-json\/wp\/v2\/types\/product"}],"wp:featuredmedia":[{"embeddable":true,"href":"https:\/\/rossymina.cat\/es\/wp-json\/wp\/v2\/media\/8439"}],"wp:attachment":[{"href":"https:\/\/rossymina.cat\/es\/wp-json\/wp\/v2\/media?parent=12920"}],"wp:term":[{"taxonomy":"product_brand","embeddable":true,"href":"https:\/\/rossymina.cat\/es\/wp-json\/wp\/v2\/product_brand?post=12920"},{"taxonomy":"product_cat","embeddable":true,"href":"https:\/\/rossymina.cat\/es\/wp-json\/wp\/v2\/product_cat?post=12920"},{"taxonomy":"product_tag","embeddable":true,"href":"https:\/\/rossymina.cat\/es\/wp-json\/wp\/v2\/product_tag?post=12920"}],"curies":[{"name":"wp","href":"https:\/\/api.w.org\/{rel}","templated":true}]}}