{"id":12937,"date":"2025-12-01T19:10:19","date_gmt":"2025-12-01T19:10:19","guid":{"rendered":"https:\/\/rossymina.cat\/producto\/bossa-de-pell-de-mitja-lluna\/"},"modified":"2026-01-13T21:15:42","modified_gmt":"2026-01-13T21:15:42","slug":"bolsa-de-piel-de-media-luna","status":"publish","type":"product","link":"https:\/\/rossymina.cat\/es\/bolsa-de-piel-de-media-luna\/","title":{"rendered":"Bolsa de piel de media luna"},"content":{"rendered":"<h1>Bolsa de piel Half Moon<\/h1>\n<p>Bolsa bandolera peque\u00f1a y redonda de color negro hecha con piel italiana de vaca muy natural, suave y de la mejor calidad. Es el bolso minimalista de dise\u00f1o perfecto con una gran capacidad para ser tu compa\u00f1era diaria. La correa resistente es extra\u00edble y ajustable. La solapa se cierra con un cierre magn\u00e9tico oculto. Hay un \u00fanico compartimiento en su interior. Es compacta pero lo suficientemente espaciosa para llevar un tel\u00e9fono, una cartera, llaves y otras pertenencias.<br \/>\n\u2022 Caja de regalo GRATUITA<\/p>\n<p>Tama\u00f1o y dimensiones aproximadas:<\/p>\n<p>Longitud: Ancho: 21 cm<br \/>\nAltura: 19 cm<br \/>\nAncho: 7 cm<br \/>\nLa longitud de la correa se acorta y se alarga de 65 a 125 cm<\/p>\n<p>Ofrecemos esta bolsa de cuero en color marr\u00f3n claro, amarillo mostaza u otros colores como el negro, marr\u00f3n, turquesa, rojo o burdeos.<\/p>\n<p>Puede comprar esta bolsa en <a href=\"https:\/\/rossymina.etsy.com\/listing\/1054941105\/small-tan-leather-crossbody-round-bag\" target=\"_blank\" rel=\"noopener\">Etsy<\/a><\/p>\n<p>Consulte nuestros otros productos disponibles en <a href=\"https:\/\/rossymina.etsy.com\" target=\"_blank\" rel=\"noopener\">Etsy<\/a><\/p>\n<p>&nbsp;<\/p>","protected":false},"excerpt":{"rendered":"<p>bolsa redonda peque\u00f1a<\/p>","protected":false},"featured_media":8488,"template":"","meta":[],"product_brand":[],"product_cat":[273,246],"product_tag":[376,404,374,372,371,377,292,375],"class_list":{"0":"post-12937","1":"product","2":"type-product","3":"status-publish","4":"has-post-thumbnail","6":"product_cat-bosses-llises-pell","7":"product_cat-bosses-de-pell","8":"product_tag-bossa-de-color-bronzejat","9":"product_tag-bossa-de-mitja-lluna","10":"product_tag-bossa-de-pell-groc-mostassa","11":"product_tag-bossa-de-pell-marro","12":"product_tag-bossa-de-pell-negra","13":"product_tag-bossa-de-pell-turquesa","14":"product_tag-bossa-minimalista","15":"product_tag-bossa-petita","16":"pa_color-bronzejat","17":"pa_color-groc-mostassa","18":"pa_color-marro","19":"pa_color-negre","20":"pa_color-verd-turquesa","21":"pa_color-vi-pruna","23":"first","24":"instock","25":"shipping-taxable","26":"purchasable","27":"product-type-variable"},"booking_location":null,"booking_location_type":null,"booking_duration":null,"booking_duration_unit":null,"booking_buffer":null,"booking_cost":null,"booking_resources":null,"_links":{"self":[{"href":"https:\/\/rossymina.cat\/es\/wp-json\/wp\/v2\/product\/12937","targetHints":{"allow":["GET"]}}],"collection":[{"href":"https:\/\/rossymina.cat\/es\/wp-json\/wp\/v2\/product"}],"about":[{"href":"https:\/\/rossymina.cat\/es\/wp-json\/wp\/v2\/types\/product"}],"wp:featuredmedia":[{"embeddable":true,"href":"https:\/\/rossymina.cat\/es\/wp-json\/wp\/v2\/media\/8488"}],"wp:attachment":[{"href":"https:\/\/rossymina.cat\/es\/wp-json\/wp\/v2\/media?parent=12937"}],"wp:term":[{"taxonomy":"product_brand","embeddable":true,"href":"https:\/\/rossymina.cat\/es\/wp-json\/wp\/v2\/product_brand?post=12937"},{"taxonomy":"product_cat","embeddable":true,"href":"https:\/\/rossymina.cat\/es\/wp-json\/wp\/v2\/product_cat?post=12937"},{"taxonomy":"product_tag","embeddable":true,"href":"https:\/\/rossymina.cat\/es\/wp-json\/wp\/v2\/product_tag?post=12937"}],"curies":[{"name":"wp","href":"https:\/\/api.w.org\/{rel}","templated":true}]}}