{"id":12957,"date":"2025-12-01T19:10:23","date_gmt":"2025-12-01T19:10:23","guid":{"rendered":"https:\/\/rossymina.cat\/producto\/bossa-bandolera-rodona-de-pell-verda\/"},"modified":"2026-01-13T21:15:46","modified_gmt":"2026-01-13T21:15:46","slug":"bolsa-bandolera-redonda-de-piel-verde","status":"publish","type":"product","link":"https:\/\/rossymina.cat\/es\/bolsa-bandolera-redonda-de-piel-verde\/","title":{"rendered":"Bolsa bandolera redonda de piel verde"},"content":{"rendered":"<h1>Bolsa redonda de piel<\/h1>\n<p>Preciosa bolsa bandolera redonda de piel, hecha con piel de vaca suave. Hemos dise\u00f1ado esta bolsa de mujer, con solapa y cremallera. Es ligera y c\u00f3moda de llevar en cualquier ocasi\u00f3n y estilo.<br \/>\nEsta bolsa de piel pura de un solo color es informal y divertida a la vez.<br \/>\nPiel y artesan\u00eda de calidad duradera. Es ligera, espaciosa y lo suficientemente grande para cabre todos los elementos esenciales.<br \/>\nTambi\u00e9n es muy vers\u00e1til, puede ser elegante o m\u00e1s deportiva, dependiendo de tu conjunto \ud83d\ude42 nunca pasa de moda!<\/p>\n<p>\u2014DIMENSIONES:<\/p>\n<p>M\u00c1S GRANDE:<\/p>\n<p>Ancho: 34 cm<br \/>\nAltura: 27 cm<br \/>\nApertura de la cremallera: 27 cm<br \/>\nMedida del bolsillo: 24 cm x 17 cm<\/p>\n<p>M\u00c1S PEQUE\u00d1O:<\/p>\n<p>Ancho: 30 cm<br \/>\nAltura: 23 cm<br \/>\nApertura de la cremallera: 24 cm<br \/>\nMedida del bolsillo: 21 cm x 14 cm<\/p>\n<p>\u2014CAPACIDAD:<br \/>\nCaben una mesita o un libro, una botella de agua peque\u00f1a, una cartera, clavos, maquillaje y m\u00e1s.<\/p>\n<p>\u2014DETALLES:<br \/>\n\u2022 Piel espa\u00f1ola e italiana de la mejor calidad<br \/>\n\u2022 Cierre de seguridad con cremallera<br \/>\n\u2022 Correa ajustable de piel duradera con herrajes de lat\u00f3n de alta calidad<br \/>\n\u2022 Correa de hombro ajustable de 70 cm a 120 cm<br \/>\n\u2022 Bolsillo trasero accesible desde el exterior<\/p>\n<p>Ofrecemos la misma bolsa de piel en dos tama\u00f1os diferentes: m\u00e1s peque\u00f1o y mayor.<\/p>\n<p>La piel es robusta, pero suave, resistente y vibrante; la atenci\u00f3n al por menor es fant\u00e1stica.<\/p>\n<p>Puedes comprar esta bolsa en <a href=\"https:\/\/rossymina.etsy.com\/listing\/1125429745\/round-leather-crossbody-bag-everyday-bag\" target=\"_blank\" rel=\"noopener\">Etsy<\/a><\/p>\n<p>Consulta nuestros otros productos disponibles en <a href=\"https:\/\/rossymina.etsy.com\" target=\"_blank\" rel=\"noopener\">Etsy<\/a><\/p>\n<p>&nbsp;<\/p>","protected":false},"excerpt":{"rendered":"<p>bolsa redonda peque\u00f1a<\/p>","protected":false},"featured_media":8523,"template":"","meta":[],"product_brand":[],"product_cat":[273,246],"product_tag":[376,374,372,371,377,375,373],"class_list":{"0":"post-12957","1":"product","2":"type-product","3":"status-publish","4":"has-post-thumbnail","6":"product_cat-bosses-llises-pell","7":"product_cat-bosses-de-pell","8":"product_tag-bossa-de-color-bronzejat","9":"product_tag-bossa-de-pell-groc-mostassa","10":"product_tag-bossa-de-pell-marro","11":"product_tag-bossa-de-pell-negra","12":"product_tag-bossa-de-pell-turquesa","13":"product_tag-bossa-petita","14":"product_tag-moneder-minimalista","16":"first","17":"instock","18":"shipping-taxable","19":"purchasable","20":"product-type-simple"},"booking_location":null,"booking_location_type":null,"booking_duration":null,"booking_duration_unit":null,"booking_buffer":null,"booking_cost":null,"booking_resources":null,"_links":{"self":[{"href":"https:\/\/rossymina.cat\/es\/wp-json\/wp\/v2\/product\/12957","targetHints":{"allow":["GET"]}}],"collection":[{"href":"https:\/\/rossymina.cat\/es\/wp-json\/wp\/v2\/product"}],"about":[{"href":"https:\/\/rossymina.cat\/es\/wp-json\/wp\/v2\/types\/product"}],"wp:featuredmedia":[{"embeddable":true,"href":"https:\/\/rossymina.cat\/es\/wp-json\/wp\/v2\/media\/8523"}],"wp:attachment":[{"href":"https:\/\/rossymina.cat\/es\/wp-json\/wp\/v2\/media?parent=12957"}],"wp:term":[{"taxonomy":"product_brand","embeddable":true,"href":"https:\/\/rossymina.cat\/es\/wp-json\/wp\/v2\/product_brand?post=12957"},{"taxonomy":"product_cat","embeddable":true,"href":"https:\/\/rossymina.cat\/es\/wp-json\/wp\/v2\/product_cat?post=12957"},{"taxonomy":"product_tag","embeddable":true,"href":"https:\/\/rossymina.cat\/es\/wp-json\/wp\/v2\/product_tag?post=12957"}],"curies":[{"name":"wp","href":"https:\/\/api.w.org\/{rel}","templated":true}]}}