{"id":13021,"date":"2025-12-01T19:10:35","date_gmt":"2025-12-01T19:10:35","guid":{"rendered":"https:\/\/rossymina.cat\/producto\/portatargetes-bifold\/"},"modified":"2026-01-13T21:16:04","modified_gmt":"2026-01-13T21:16:04","slug":"portatarjetas-bifold","status":"publish","type":"product","link":"https:\/\/rossymina.cat\/es\/portatarjetas-bifold\/","title":{"rendered":"Portatarjetas bifold"},"content":{"rendered":"<p>Peque\u00f1o tarjetero de piel suave que se abre como un libro y tiene capacidad para tarjetas de visita y de cr\u00e9dito, as\u00ed como billetes y billetes juntos.<\/p>\n<p>Este tarjetero de doble plegada puede contener hasta diez tarjetas.<\/p>\n<p>Existe la opci\u00f3n de tener o no compartimiento con cremallera.<\/p>\n<p>Dimensiones<\/p>\n<p>Abierto 10 por 15 cm<\/p>\n<p>Cerrado 10 por 7,5 cm<\/p>\n<p>&nbsp;<\/p>","protected":false},"excerpt":{"rendered":"<p>Porta-tarjetas con dos ranuras que se abre como un libro en diferentes colores de piel. Capacidad para tarjetas de visita y de cr\u00e9dito, as\u00ed como billetes juntos.<\/p>","protected":false},"featured_media":8961,"template":"","meta":[],"product_brand":[],"product_cat":[272],"product_tag":[289],"class_list":{"0":"post-13021","1":"product","2":"type-product","3":"status-publish","4":"has-post-thumbnail","6":"product_cat-carteres-i-targeters","7":"product_tag-moneder-de-canvi-de-cuir","9":"first","10":"instock","11":"shipping-taxable","12":"purchasable","13":"product-type-simple"},"booking_location":null,"booking_location_type":null,"booking_duration":null,"booking_duration_unit":null,"booking_buffer":null,"booking_cost":null,"booking_resources":null,"_links":{"self":[{"href":"https:\/\/rossymina.cat\/es\/wp-json\/wp\/v2\/product\/13021","targetHints":{"allow":["GET"]}}],"collection":[{"href":"https:\/\/rossymina.cat\/es\/wp-json\/wp\/v2\/product"}],"about":[{"href":"https:\/\/rossymina.cat\/es\/wp-json\/wp\/v2\/types\/product"}],"wp:featuredmedia":[{"embeddable":true,"href":"https:\/\/rossymina.cat\/es\/wp-json\/wp\/v2\/media\/8961"}],"wp:attachment":[{"href":"https:\/\/rossymina.cat\/es\/wp-json\/wp\/v2\/media?parent=13021"}],"wp:term":[{"taxonomy":"product_brand","embeddable":true,"href":"https:\/\/rossymina.cat\/es\/wp-json\/wp\/v2\/product_brand?post=13021"},{"taxonomy":"product_cat","embeddable":true,"href":"https:\/\/rossymina.cat\/es\/wp-json\/wp\/v2\/product_cat?post=13021"},{"taxonomy":"product_tag","embeddable":true,"href":"https:\/\/rossymina.cat\/es\/wp-json\/wp\/v2\/product_tag?post=13021"}],"curies":[{"name":"wp","href":"https:\/\/api.w.org\/{rel}","templated":true}]}}