{"id":13031,"date":"2025-12-01T19:10:39","date_gmt":"2025-12-01T19:10:39","guid":{"rendered":"https:\/\/rossymina.cat\/producto\/motxilla-petita-de-pell-negra\/"},"modified":"2026-01-13T21:16:07","modified_gmt":"2026-01-13T21:16:07","slug":"mochila-pequena-de-piel-negra","status":"publish","type":"product","link":"https:\/\/rossymina.cat\/es\/mochila-pequena-de-piel-negra\/","title":{"rendered":"Mochila peque\u00f1a de piel negra"},"content":{"rendered":"<p>Esta mochila negra est\u00e1 hecha a mano con piel de vaca 100% de alta calidad. Hemos dise\u00f1ado esta bolsa minimalista con un compartimento con un bolsillo abierto en el interior. Lo guarda todo dentro de forma segura y se cierra con una cremallera met\u00e1lica. Las correas se ajustan para adaptarse perfectamente a los hombros y tienen una parte m\u00e1s ancha y c\u00f3moda. Esta mochila o mochila minimalista ser\u00e1 tu compa\u00f1era diaria y durar\u00e1 toda su vida.<\/p>\n<p>La mochila tiene espacio suficiente para llevar una tableta y tambi\u00e9n hacemos versiones m\u00e1s grandes que se adaptan a ordenadores port\u00e1tiles.<\/p>\n<p>Podr\u00e1s traer todas tus pertenencias personales, documentos o un cuaderno.<\/p>","protected":false},"excerpt":{"rendered":"<p>&nbsp; <\/p>\n<p>Mochila de piel hecha a mano para hombre o mujer con forro de algod\u00f3n y cremallera met\u00e1lica.<\/p>\n<p>&nbsp;<\/p>","protected":false},"featured_media":11751,"template":"","meta":[],"product_brand":[],"product_cat":[23],"product_tag":[292,291,294,293],"class_list":{"0":"post-13031","1":"product","2":"type-product","3":"status-publish","4":"has-post-thumbnail","6":"product_cat-sin-categorizar","7":"product_tag-bossa-minimalista","8":"product_tag-motxilla-de-pell-negra","9":"product_tag-pell-adobada-vegetal","10":"product_tag-pell-suau-i-natural","12":"first","13":"instock","14":"shipping-taxable","15":"purchasable","16":"product-type-simple"},"booking_location":null,"booking_location_type":null,"booking_duration":null,"booking_duration_unit":null,"booking_buffer":null,"booking_cost":null,"booking_resources":null,"_links":{"self":[{"href":"https:\/\/rossymina.cat\/es\/wp-json\/wp\/v2\/product\/13031","targetHints":{"allow":["GET"]}}],"collection":[{"href":"https:\/\/rossymina.cat\/es\/wp-json\/wp\/v2\/product"}],"about":[{"href":"https:\/\/rossymina.cat\/es\/wp-json\/wp\/v2\/types\/product"}],"wp:featuredmedia":[{"embeddable":true,"href":"https:\/\/rossymina.cat\/es\/wp-json\/wp\/v2\/media\/11751"}],"wp:attachment":[{"href":"https:\/\/rossymina.cat\/es\/wp-json\/wp\/v2\/media?parent=13031"}],"wp:term":[{"taxonomy":"product_brand","embeddable":true,"href":"https:\/\/rossymina.cat\/es\/wp-json\/wp\/v2\/product_brand?post=13031"},{"taxonomy":"product_cat","embeddable":true,"href":"https:\/\/rossymina.cat\/es\/wp-json\/wp\/v2\/product_cat?post=13031"},{"taxonomy":"product_tag","embeddable":true,"href":"https:\/\/rossymina.cat\/es\/wp-json\/wp\/v2\/product_tag?post=13031"}],"curies":[{"name":"wp","href":"https:\/\/api.w.org\/{rel}","templated":true}]}}