{"id":13032,"date":"2025-12-01T19:10:39","date_gmt":"2025-12-01T19:10:39","guid":{"rendered":"https:\/\/rossymina.cat\/producto\/bossa-de-pell-de-color-marro-amb-solapa\/"},"modified":"2026-01-13T21:16:08","modified_gmt":"2026-01-13T21:16:08","slug":"bolsa-de-piel-de-color-marron-con-solapa","status":"publish","type":"product","link":"https:\/\/rossymina.cat\/es\/bolsa-de-piel-de-color-marron-con-solapa\/","title":{"rendered":"Bolsa de piel de color marr\u00f3n con solapa"},"content":{"rendered":"<p>Esta bolsa bandolera de cuero marr\u00f3n est\u00e1 hecha con cuero italiano muy natural, suave y de gran calidad. Lo hemos dise\u00f1ado con cremallera y solapa, pero tambi\u00e9n tenemos una versi\u00f3n sin solapa que es una mejor opci\u00f3n para llevarla como bolso.<\/p>\n<p>Esta bolsa es ligera y c\u00f3moda, hecha para acompa\u00f1arle a una boda o para llevarla en cualquier ocasi\u00f3n y estilo.<\/p>\n<p>Este bolso de cuero marr\u00f3n es ligero, peque\u00f1o y delgado, pero lo suficientemente grande para cabre sus imprescindibles.<\/p>\n<p>Tambi\u00e9n es muy vers\u00e1til, puede ser elegante o m\u00e1s deportiva, dependiendo de su conjunto \ud83d\ude42<\/p>\n<p>El cuero es suave y robusto, pero suave, resistente y vibrante; la atenci\u00f3n al por menor es fant\u00e1stica.<\/p>\n<p>Ofrecemos tres tama\u00f1os con las siguientes DIMENSIONES:<\/p>\n<p>\u2714 M\u00c1S PEQUE\u00d1O:<\/p>\n<p>Un \u00fanico compartimiento, sin forro (sin forro)<\/p>\n<p>apertura con cremallera del compartimento principal 19,5 cm \/ 7,6 pulgadas<br \/>\n\u2014DIMENSIONES:<\/p>\n<p>Ancho: 8\u2033 | 21 cm<\/p>\n<p>Altura: 6\u2033 | 16 cm<br \/>\nCorrea: Correa de hombro ajustable 27\u201d \u2013 47,6\u201d (70 cm \u2013 120 cm)<br \/>\n\u2014CAPACIDAD: Caben el tel\u00e9fono, una cartera peque\u00f1a, las llaves y el maquillaje<\/p>\n<p>\u2714 MEDIA:<br \/>\nForro 100% algod\u00f3n. Incluye bolsillo interior con cremallera. 6\u2033 de ancho x 4 1\/3 de altura (15 cm\/11 cm)<br \/>\nApertura con cremallera del compartimento principal 23 cm \/ 9 pulgadas<br \/>\n\u2014DIMENSIONES:<br \/>\nAncho: 9,6\u2033 | 25 cm<br \/>\nAltura: 7,5\u2033 | 19 cm<br \/>\n\u2014CAPACIDAD: Caben un tel\u00e9fono grande o un libro, una cartera, llaves y maquillaje<\/p>\n<p>\u2714 M\u00c1S GRANDE:<br \/>\nForro 100% algod\u00f3n. Incluye bolsillo interior con cremallera<br \/>\nApertura con cremallera del compartimento principal 27 cm \u2013 10,4 pulgadas<br \/>\n\u2014DIMENSIONES:<br \/>\nAncho: 12\u2033 | 30 cm<br \/>\nAltura: 8\u2033 | 21 cm<br \/>\n\u2014CAPACIDAD: Caben una mesita peque\u00f1a o un libro, una botella peque\u00f1a de agua, una cartera, clavos, maquillaje, etc.<\/p>\n<p>Correa: Correa de hombro ajustable de 27\u201d a 47,6\u201d (70 cm \u2013 120 cm)<\/p>\n<p>DETALLES<br \/>\n\u2022 Piel espa\u00f1ola e italiana de la mejor calidad<br \/>\n\u2022 Cierre de seguridad con cremallera<br \/>\n\u2022 CORREA: Hecha de piel m\u00e1s dura, est\u00e1 dise\u00f1ada para durar y es ajustable para utilizar la bolsa como cruzada o en el hombro. H\u00e1ganos saber si la quiere llevar como BOLSA DE CLUTCH para que podamos hacer que la correa sea desmontable y no est\u00e9 fijada en el bolso.<br \/>\n\u2022 Bolsillo interior<br \/>\n\u2022 Forro 100% algod\u00f3n<\/p>\n<p>Nuestro env\u00edo GRATUITO es SEGUIDO y la entrega normalmente tarda dos semanas.<br \/>\n\u25ba Si desea recibir su bolsa en 3 a 5 d\u00edas, actualice a FASTER y proporcione un n\u00famero de TEL\u00c9FONO en una nota para la entrega.<\/p>\n<p>Para una entrega M\u00c1S R\u00c1PIDO, por favor Actualizar el env\u00edo y proporcionar un n\u00famero de tel\u00e9fono es imprescindible.<\/p>\n<p>PARA M\u00c1S COLORES, VISITA NUESTRAS LISTAS DE ETSY<br \/>\nAMARILLO \u2013 https:\/\/www.etsy.com\/listing\/848402143\/mustard-leather-crossbody-bag-everyday<br \/>\nMARR\u00d3N CLARO \u2013 https:\/\/www.etsy.com\/listing\/955119674\/small-tan-leather-crossbody-bag-medium?ref=hp_opfy-1&amp;frs=1<br \/>\nNEGRO \u2013 https:\/\/www.etsy.com\/listing\/979636185\/black-leather-handbag-with-flap-for<br \/>\nMARR\u00d3N \u2013 https:\/\/www.etsy.com\/listing\/982188245\/small-or-medium-size-light-or-dark-brown?ref=shop_home_recs_9&amp;frs=1<br \/>\nROJO \u2013 https:\/\/www.etsy.com\/listing\/970357695\/small-or-medium-size-red-leather?ref=shop_home_recs_23&amp;frs=1<br \/>\nLIURA \u2013 https:\/\/www.etsy.com\/listing\/968384678\/small-or-medium-size-burgundy-wine-color?ref=shop_home_recs_16&amp;frs=1<br \/>\nTURQUESA \u2013 https:\/\/www.etsy.com\/listing\/979717659\/small-or-medium-size-teal-turquoise?ref=shop_home_active_6&amp;frs=1&amp;sca=1<\/p>","protected":false},"excerpt":{"rendered":"<p>Bolsa sencilla y divertida<\/p>\n<p>Bolso de dise\u00f1o<br \/>\nBolsas y monederos de mujer<br \/>\nBolsas de boda<br \/>\nBolsos \u00fanicos hechos a mano<br \/>\nHecho a mano en Barcelona<\/p>\n<p>Bolsa de piel de color negro puro con o sin solapa.<\/p>","protected":false},"featured_media":8888,"template":"","meta":[],"product_brand":[],"product_cat":[273,246],"product_tag":[397,281,416,417],"class_list":{"0":"post-13032","1":"product","2":"type-product","3":"status-publish","4":"has-post-thumbnail","6":"product_cat-bosses-llises-pell","7":"product_cat-bosses-de-pell","8":"product_tag-bossa-creuada","9":"product_tag-bossa-de-cuir-marro","10":"product_tag-cuir-de-color-marro","11":"product_tag-moneder-marro-xocolata","13":"first","14":"instock","15":"shipping-taxable","16":"purchasable","17":"product-type-simple"},"booking_location":null,"booking_location_type":null,"booking_duration":null,"booking_duration_unit":null,"booking_buffer":null,"booking_cost":null,"booking_resources":null,"_links":{"self":[{"href":"https:\/\/rossymina.cat\/es\/wp-json\/wp\/v2\/product\/13032","targetHints":{"allow":["GET"]}}],"collection":[{"href":"https:\/\/rossymina.cat\/es\/wp-json\/wp\/v2\/product"}],"about":[{"href":"https:\/\/rossymina.cat\/es\/wp-json\/wp\/v2\/types\/product"}],"wp:featuredmedia":[{"embeddable":true,"href":"https:\/\/rossymina.cat\/es\/wp-json\/wp\/v2\/media\/8888"}],"wp:attachment":[{"href":"https:\/\/rossymina.cat\/es\/wp-json\/wp\/v2\/media?parent=13032"}],"wp:term":[{"taxonomy":"product_brand","embeddable":true,"href":"https:\/\/rossymina.cat\/es\/wp-json\/wp\/v2\/product_brand?post=13032"},{"taxonomy":"product_cat","embeddable":true,"href":"https:\/\/rossymina.cat\/es\/wp-json\/wp\/v2\/product_cat?post=13032"},{"taxonomy":"product_tag","embeddable":true,"href":"https:\/\/rossymina.cat\/es\/wp-json\/wp\/v2\/product_tag?post=13032"}],"curies":[{"name":"wp","href":"https:\/\/api.w.org\/{rel}","templated":true}]}}