{"id":13612,"date":"2026-05-11T11:02:30","date_gmt":"2026-05-11T11:02:30","guid":{"rendered":"https:\/\/rossymina.cat\/?post_type=product&#038;p=13612"},"modified":"2026-05-11T13:35:59","modified_gmt":"2026-05-11T13:35:59","slug":"bossa-rodona-de-pell","status":"publish","type":"product","link":"https:\/\/rossymina.cat\/es\/bossa-rodona-de-pell\/","title":{"rendered":"Bolsa redonda de piel"},"content":{"rendered":"<h1>Bolsa redonda de piel<\/h1>\n<p>Bossa de m\u00e0 rodona de pell, feta amb pell de vaca suau. Dissenyem aquest moneder de dona, amb solapa i cremallera. \u00c9s lleuger i c\u00f2mode de portar en qualsevol ocasi\u00f3 i estil.<br \/>\nAquest moneder de pell d&#8217;un sol color \u00e9s casual i divertit.<br \/>\nCuir de qualitat duradora i artesania. \u00c9s lleuger, espai\u00f3s i prou gran com per cabre tot el necessari.<br \/>\nTamb\u00e9 \u00e9s molt vers\u00e0til, pot ser elegant o m\u00e9s esportiu &#8211;segons el teu vestit \ud83d\ude42 mai passa de moda!<br \/>\nEl cuir \u00e9s robust, per\u00f2 suau, resistent i vibrant; l&#8217;atenci\u00f3 al detall \u00e9s fant\u00e0stica.<br \/>\n&#8212; CAPACITAT: pots cabre una tauleta o llibre, una ampolla d&#8217;aigua petita, cartera, claus, maquillatge i molt m\u00e9s.<\/p>\n<p>&#8212; DETALLS:<br \/>\n\u2022 Pell de millor qualitat espanyola i italiana<br \/>\n\u2022 Cierre de seguridad con cremallera<br \/>\n\u2022 Corretja de pell duradora ajustable amb maquinari de llaut\u00f3 d&#8217;alta qualitat<br \/>\n\u2022 Corretja d&#8217;espatlla ajustable 27&#8221; &#8211; 47,6&#8221; (70 cm &#8211; 120 cm)<br \/>\n\u2022 Bolsillo trasero accesible desde el exterior<\/p>\n<p>\u2014DIMENSIONES:<\/p>\n<p>Amplada: 12 &#8220;\/ 30 cm<br \/>\nAlt: 9 &#8220;\/23 cm<br \/>\nObertura de la cremallera: 9,5 &#8220;\/ 24 cm<br \/>\nMida de la butxaca: 8,3 &#8220;x 5,5&#8221; \/ 21 cm x 14 cm<\/p>\n<p>&nbsp;<\/p>","protected":false},"excerpt":{"rendered":"<p>bolsa redonda peque\u00f1a de diferentes colores<\/p>","protected":false},"featured_media":8523,"template":"","meta":[],"product_brand":[],"product_cat":[273,246],"product_tag":[376,374,372,371,377,375,373],"class_list":{"0":"post-13612","1":"product","2":"type-product","3":"status-publish","4":"has-post-thumbnail","6":"product_cat-bosses-llises-pell","7":"product_cat-bosses-de-pell","8":"product_tag-bossa-de-color-bronzejat","9":"product_tag-bossa-de-pell-groc-mostassa","10":"product_tag-bossa-de-pell-marro","11":"product_tag-bossa-de-pell-negra","12":"product_tag-bossa-de-pell-turquesa","13":"product_tag-bossa-petita","14":"product_tag-moneder-minimalista","15":"pa_color-blau","16":"pa_color-cuir","17":"pa_color-groc-mostassa","18":"pa_color-marro","19":"pa_color-merfil","20":"pa_color-negre","21":"pa_color-taronja","22":"pa_color-turquesa","23":"pa_color-verd","24":"pa_color-verd-militar","25":"pa_color-vermell","26":"pa_color-vi","28":"first","29":"instock","30":"shipping-taxable","31":"purchasable","32":"product-type-variable"},"booking_location":null,"booking_location_type":null,"booking_duration":null,"booking_duration_unit":null,"booking_buffer":null,"booking_cost":null,"booking_resources":null,"_links":{"self":[{"href":"https:\/\/rossymina.cat\/es\/wp-json\/wp\/v2\/product\/13612","targetHints":{"allow":["GET"]}}],"collection":[{"href":"https:\/\/rossymina.cat\/es\/wp-json\/wp\/v2\/product"}],"about":[{"href":"https:\/\/rossymina.cat\/es\/wp-json\/wp\/v2\/types\/product"}],"wp:featuredmedia":[{"embeddable":true,"href":"https:\/\/rossymina.cat\/es\/wp-json\/wp\/v2\/media\/8523"}],"wp:attachment":[{"href":"https:\/\/rossymina.cat\/es\/wp-json\/wp\/v2\/media?parent=13612"}],"wp:term":[{"taxonomy":"product_brand","embeddable":true,"href":"https:\/\/rossymina.cat\/es\/wp-json\/wp\/v2\/product_brand?post=13612"},{"taxonomy":"product_cat","embeddable":true,"href":"https:\/\/rossymina.cat\/es\/wp-json\/wp\/v2\/product_cat?post=13612"},{"taxonomy":"product_tag","embeddable":true,"href":"https:\/\/rossymina.cat\/es\/wp-json\/wp\/v2\/product_tag?post=13612"}],"curies":[{"name":"wp","href":"https:\/\/api.w.org\/{rel}","templated":true}]}}