{"id":13748,"date":"2026-05-12T15:17:47","date_gmt":"2026-05-12T15:17:47","guid":{"rendered":"https:\/\/rossymina.cat\/?post_type=product&#038;p=13748"},"modified":"2026-05-12T15:24:03","modified_gmt":"2026-05-12T15:24:03","slug":"bossa-bandolera-turquesa","status":"publish","type":"product","link":"https:\/\/rossymina.cat\/es\/bossa-bandolera-turquesa\/","title":{"rendered":"Bolsa bandolera turquesa"},"content":{"rendered":"<p>Aquest moneder de pell petit o mitj\u00e0<i> color turquesa<\/i>\u00a0est\u00e0 fet a m\u00e0 amb pell de vaca italiana de la millor qualitat. La corretja de cuir resistent \u00e9s ajustable perqu\u00e8 la puguis fer com a bossa de crossbody o bandolera.<\/p>\n<p>Fem aquest moneder de pell lleuger i c\u00f2mode per portar-lo en qualsevol ocasi\u00f3 i estil,<br \/>\nPur d&#8217;un sol color, una bossa de m\u00e0 de pell suau i llisa amb tancament de solapa i cremallera per a seguretat.<br \/>\nCuir de qualitat duradora i artesania. \u00c9s lleuger, petit i prim, per\u00f2 prou gran com per cabre tot el que es necessita.<br \/>\nTamb\u00e9 \u00e9s molt vers\u00e0til, pot ser elegant o m\u00e9s esportiu, segons el vostre vestit \ud83d\ude42<\/p>\n<p>DIMENSIONES:<br \/>\n\u2714 M\u00c1S PEQUE\u00d1O:<br \/>\nUn \u00fanico compartimiento, sin forro (sin forro)<br \/>\nobertura de cremallera del compartiment principal 19,5 cm \/ 7,6 polzades<br \/>\n\u2014DIMENSIONES:<br \/>\nAncho: 8\u2033 | 21 cm<br \/>\nAltura: 6\u2033 | 16 cm<br \/>\nCorretja: bandolera ajustable 27&#8221; &#8211; 47,6&#8221; (70 cm &#8211; 120 cm)<br \/>\n&#8212; CAPACITAT: pot adaptar-se al vostre tel\u00e8fon, cartera petita, claus i maquillatge<\/p>\n<p>\u2714 MEDIO:<br \/>\nFolre 100% cot\u00f3. Inclou butxaca interior amb cremallera. 6&#8243; d&#8217;amplada x 4 1\/3 d&#8217;al\u00e7ada (15 cm\/11 cm)<br \/>\nobertura de cremallera del compartiment principal 23 cm \/ 9 polzades<br \/>\n\u2014DIMENSIONES:<br \/>\nAncho: 9,6\u2033 | 25 cm<br \/>\nAltura: 7,5\u2033 | 19 cm<br \/>\n&#8212; CAPACITAT: Pots cabre un tel\u00e8fon o llibre gran, cartera, claus, maquillatge<\/p>\n<p>\u2714 M\u00c1S GRANDE:<br \/>\nFolre 100% cot\u00f3. Inclou butxaca interior amb cremallera<br \/>\nobertura de cremallera del compartiment principal 27 cm &#8211; 10,4 polzades<br \/>\n\u2014DIMENSIONES:<br \/>\nAncho: 12\u2033 | 30 cm<br \/>\nAltura: 8\u2033 | 21 cm<br \/>\n&#8212; CAPACITAT: Podeu posar-hi una tauleta o un llibre petit, una petita ampolla d&#8217;aigua, cartera, claus, maquillatge, etc.<\/p>\n<p>Corretja: bandolera ajustable 27&#8221; &#8211; 47,6&#8221; (70 cm &#8211; 120 cm)<\/p>\n<p>DETALLES<br \/>\n\u2022 Pell de millor qualitat espanyola i italiana<br \/>\n\u2022 Cierre de seguridad con cremallera<br \/>\n\u2022 Corretja de pell duradora ajustable amb maquinari de llaut\u00f3 d&#8217;alta qualitat<br \/>\n\u2022 Bolsillo interior<br \/>\n\u2022 Forro 100% algod\u00f3n<\/p>","protected":false},"excerpt":{"rendered":"<p>Bolsa cl\u00e1sica de piel con cierre de cremallera y bolsillo interior.<\/p>\n<p>Bolso de dise\u00f1o<br \/>\nBolsas y monederos de mujer<br \/>\nBolsas de boda<br \/>\nBolsos \u00fanicos hechos a mano<br \/>\nHecho a mano en Barcelona<\/p>\n<p>Bolsa bandolera de piel de color negro puro<\/p>","protected":false},"featured_media":13752,"template":"","meta":[],"product_brand":[],"product_cat":[273,246],"product_tag":[333,334,336,256,335],"class_list":{"0":"post-13748","1":"product","2":"type-product","3":"status-publish","4":"has-post-thumbnail","6":"product_cat-bosses-llises-pell","7":"product_cat-bosses-de-pell","8":"product_tag-bossa-de-cuir-feta-a-ma","9":"product_tag-cuir-de-color-marro-clar","10":"product_tag-bossa-de-cuir-marro-clar","11":"product_tag-bossa-de-cuir-negre","12":"product_tag-bosses-creuades","13":"pa_size-bigger","14":"pa_size-medium","15":"pa_size-smaller","17":"first","18":"instock","19":"shipping-taxable","20":"purchasable","21":"product-type-variable"},"booking_location":null,"booking_location_type":null,"booking_duration":null,"booking_duration_unit":null,"booking_buffer":null,"booking_cost":null,"booking_resources":null,"_links":{"self":[{"href":"https:\/\/rossymina.cat\/es\/wp-json\/wp\/v2\/product\/13748","targetHints":{"allow":["GET"]}}],"collection":[{"href":"https:\/\/rossymina.cat\/es\/wp-json\/wp\/v2\/product"}],"about":[{"href":"https:\/\/rossymina.cat\/es\/wp-json\/wp\/v2\/types\/product"}],"wp:featuredmedia":[{"embeddable":true,"href":"https:\/\/rossymina.cat\/es\/wp-json\/wp\/v2\/media\/13752"}],"wp:attachment":[{"href":"https:\/\/rossymina.cat\/es\/wp-json\/wp\/v2\/media?parent=13748"}],"wp:term":[{"taxonomy":"product_brand","embeddable":true,"href":"https:\/\/rossymina.cat\/es\/wp-json\/wp\/v2\/product_brand?post=13748"},{"taxonomy":"product_cat","embeddable":true,"href":"https:\/\/rossymina.cat\/es\/wp-json\/wp\/v2\/product_cat?post=13748"},{"taxonomy":"product_tag","embeddable":true,"href":"https:\/\/rossymina.cat\/es\/wp-json\/wp\/v2\/product_tag?post=13748"}],"curies":[{"name":"wp","href":"https:\/\/api.w.org\/{rel}","templated":true}]}}