{"id":13772,"date":"2026-05-12T16:11:04","date_gmt":"2026-05-12T16:11:04","guid":{"rendered":"https:\/\/rossymina.cat\/?post_type=product&#038;p=13772"},"modified":"2026-05-14T09:38:34","modified_gmt":"2026-05-14T09:38:34","slug":"bossa-pintada-amb-plumes","status":"publish","type":"product","link":"https:\/\/rossymina.cat\/es\/bossa-pintada-amb-plumes\/","title":{"rendered":"Bolsa pintada con plumas"},"content":{"rendered":"<h1>Bossa petita pintada amb plumes<\/h1>\n<pre>Bossa petita \u00fanica per a dona, aquesta mini bossa multifuncional s'adapta a qualsevol ocasi\u00f3. Pintada a m\u00e0 amb colors neutres, aquesta bossa bandolera rodona de pell de vaca suau de color negre \u00e9s l'accessori imprescindible per al dia o la nit. Est\u00e0 disponible en pell negra o marr\u00f3 xocolata. Porta una moneder, el tel\u00e8fon i les claus, i tens la bossa perfecta per a una passejada d'un dia o una discoteca. Pintem acuradament aquestes bosses, una per una, sobre la pell de la millor qualitat, perqu\u00e8 tinguis el mini regal perfecte per a una amiga o per a tu mateixa. Bossa de festa o bossa de nit per sortir.<\/pre>\n<p>La longitud de la correa se acorta y se alarga de 60 a 125 cm (24\u2033 a 47\u2033)<\/p>\n<p>Hacemos esta bolsa en 3 tama\u00f1os<\/p>\n<p>Es la bolsa del tama\u00f1o perfecto de 25 cm de ancho \/ 19 cm de altura (25 cm), lo suficientemente grande para todos tus objetos esenciales (hacia un port\u00e1til, tel\u00e9fono, cartera, dinero, llaves). Es una gran opci\u00f3n para cualquier ocasi\u00f3n, elegante o informal. La correa es ajustable, lo suficientemente larga para llevar la bolsa cruzada o corta como bolso.<\/p>\n<p>El forro es 100% algod\u00f3n y tiene un bolsillo interior de 15 cm de ancho \/ 11 cm de altura (15 cm) con cremallera, lo suficientemente grande para cabre el tel\u00e9fono o la cartera.<\/p>\n<p>Est\u00e1 disponible en varios colores<\/p>\n<ul>\n<li>en <span style=\"color: #993300\">marr\u00f3n chocolate intenso\u00a0<\/span><\/li>\n<li>Negro aut\u00e9ntico<\/li>\n<li>Blanco<\/li>\n<li>Blau turquesa <span style=\"font-family: -apple-system, BlinkMacSystemFont, 'Segoe UI', Roboto, 'Helvetica Neue', Arial, 'Noto Sans', sans-serif, 'Apple Color Emoji', 'Segoe UI Emoji', 'Segoe UI Symbol', 'Noto Color Emoji'\">y se adapta a los gustos y tendencias m\u00e1s exigentes.<\/span><\/li>\n<\/ul>\n<p>Pintat a m\u00e0 amb colors especials resistents\u00a0Pell espanyola i italiana de la millor qualitat<\/p>\n<p>F\u00e0cil de netejar i resistent a l&#8217;aigua<\/p>\n<p>Segur amb cremallera<br \/>\nCorretja de pell duradora amb ferramentes de llaut\u00f3 d&#8217;alta qualitat<br \/>\nButxaca interior<\/p>\n<p>Tambi\u00e9n disponible en un tama\u00f1o <a href=\"https:\/\/rossymina.com\/shop\/bags\/handpainted-bags\/crossbody-leather-bag-with-geometrical-design\" target=\"_blank\" rel=\"noopener\">M\u00c1S GRANDE<\/a> de 12\u2033 de ancho \/ 8\u2033 de altura (30 cm \/ 21 cm)<\/p>","protected":false},"excerpt":{"rendered":"<p>Esta bolsa bandolera \u00fanica est\u00e1 pintada a mano con un dise\u00f1o geom\u00e9trico y est\u00e1 hecha completamente a mano con piel de vaca espa\u00f1ola de mejor calidad.<\/p>","protected":false},"featured_media":13780,"template":"","meta":[],"product_brand":[],"product_cat":[246,247],"product_tag":[333,341,281,256],"class_list":{"0":"post-13772","1":"product","2":"type-product","3":"status-publish","4":"has-post-thumbnail","6":"product_cat-bosses-de-pell","7":"product_cat-bosses-pintats","8":"product_tag-bossa-de-cuir-feta-a-ma","9":"product_tag-cuir-pintada-a-ma","10":"product_tag-bossa-de-cuir-marro","11":"product_tag-bossa-de-cuir-negre","12":"pa_color-blanc","13":"pa_color-marro","14":"pa_color-negre","15":"pa_color-turquesa","16":"pa_color-vermell","18":"first","19":"instock","20":"shipping-taxable","21":"purchasable","22":"product-type-variable"},"booking_location":null,"booking_location_type":null,"booking_duration":null,"booking_duration_unit":null,"booking_buffer":null,"booking_cost":null,"booking_resources":null,"_links":{"self":[{"href":"https:\/\/rossymina.cat\/es\/wp-json\/wp\/v2\/product\/13772","targetHints":{"allow":["GET"]}}],"collection":[{"href":"https:\/\/rossymina.cat\/es\/wp-json\/wp\/v2\/product"}],"about":[{"href":"https:\/\/rossymina.cat\/es\/wp-json\/wp\/v2\/types\/product"}],"wp:featuredmedia":[{"embeddable":true,"href":"https:\/\/rossymina.cat\/es\/wp-json\/wp\/v2\/media\/13780"}],"wp:attachment":[{"href":"https:\/\/rossymina.cat\/es\/wp-json\/wp\/v2\/media?parent=13772"}],"wp:term":[{"taxonomy":"product_brand","embeddable":true,"href":"https:\/\/rossymina.cat\/es\/wp-json\/wp\/v2\/product_brand?post=13772"},{"taxonomy":"product_cat","embeddable":true,"href":"https:\/\/rossymina.cat\/es\/wp-json\/wp\/v2\/product_cat?post=13772"},{"taxonomy":"product_tag","embeddable":true,"href":"https:\/\/rossymina.cat\/es\/wp-json\/wp\/v2\/product_tag?post=13772"}],"curies":[{"name":"wp","href":"https:\/\/api.w.org\/{rel}","templated":true}]}}