{"id":13830,"date":"2026-05-14T11:54:39","date_gmt":"2026-05-14T11:54:39","guid":{"rendered":"https:\/\/rossymina.cat\/?post_type=product&#038;p=13830"},"modified":"2026-05-14T13:56:40","modified_gmt":"2026-05-14T13:56:40","slug":"bossa-de-pell-negre-per-a-cada-dia-amb-flors-pintades","status":"publish","type":"product","link":"https:\/\/rossymina.cat\/es\/bossa-de-pell-negre-per-a-cada-dia-amb-flors-pintades\/","title":{"rendered":"Bolsa de piel negra para cada d\u00eda con flores pintadas"},"content":{"rendered":"<h1>Bolsa de piel para todos los d\u00edas con flores pintadas<\/h1>\n<p>Esta bolsa bandolera especial est\u00e1 pintada a mano con flores de colores brillantes y est\u00e1 hecha completamente a mano con piel de vaca espa\u00f1ola de mejor calidad. Es muy ligera y la piel es suave y tersa al tacto.<\/p>\n<p>Dise\u00f1amos y pintamos a mano nuestros productos seleccionando cuidadosamente la piel y cada prenda es \u00fanica y especial. Utilizamos colores de piel vibrantes y resistentes y decorada con colgantes de piedras naturales.<\/p>\n<p>Es el tama\u00f1o perfecto de la bolsa de 12\u2033 de ancho \/ 8\u2033 de altura (30 cm \/ 21 cm), lo suficientemente grande para todos sus objetos esenciales (hacia un port\u00e1til, tel\u00e9fono, cartera, dinero, llaves). Es una gran opci\u00f3n para cualquier ocasi\u00f3n, elegante o informal. La correa es ajustable, lo suficientemente larga para llevar la bolsa cruzada o corta como bolso.<\/p>\n<p>El forro es 100% algod\u00f3n y tiene un bolsillo interior de 6\u2033 de ancho \/ 4,3\u2033 de altura (15 cm \/ 11 cm) con cremallera, lo suficientemente grande para su tel\u00e9fono o cartera.<br \/>\nEst\u00e1 disponible en varios colores<\/p>\n<ul>\n<li>en <span style=\"color: #993300\">marr&oacute;n chocolate intenso&lt;\/span&gt;color\u00a0<\/span><\/li>\n<li>Negro aut\u00e9ntico<\/li>\n<li><span style=\"color: #339966\">turquesa o verde azulado<\/span><\/li>\n<li>Blanco de boda<\/li>\n<\/ul>\n<p>y se adapta a los gustos y tendencias m\u00e1s exigentes.<\/p>\n<p>\u2022 Pintado a mano con colores especiales resistentes<br \/>\n\u2022 Piel espa\u00f1ola e italiana de la mejor calidad<br \/>\n\u2022 F\u00e1cil de limpiar y Resistente al agua<br \/>\n\u2022 Seguro con cremallera<br \/>\n\u2022 Correa de cuero duradera con herrajes de lat\u00f3n de alta calidad<br \/>\n\u2022 Bolsillo interior<\/p>\n<p>Tambi\u00e9n disponible en un tama\u00f1o <a href=\"https:\/\/rossymina.com\/shop\/bags\/handpainted-bags\/everyday-leather-bag-with-flowers\/\" target=\"_blank\" rel=\"noopener\">M\u00c1S PEQUE\u00d1A<\/a> de 25 cm de ancho \/ 19 cm de altura (25 cm \/ 19 cm)<\/p>","protected":false},"excerpt":{"rendered":"<p>Esta bolsa bandolera \u00fanica est\u00e1 pintada a mano con flores y hecha completamente a mano con piel de vaca espa\u00f1ola de la mejor calidad.<\/p>","protected":false},"featured_media":13833,"template":"","meta":[],"product_brand":[],"product_cat":[246,247],"product_tag":[333,255,259,343,278,344,345],"class_list":{"0":"post-13830","1":"product","2":"type-product","3":"status-publish","4":"has-post-thumbnail","6":"product_cat-bosses-de-pell","7":"product_cat-bosses-pintats","8":"product_tag-bossa-de-cuir-feta-a-ma","9":"product_tag-cuir-pintat-a-ma","10":"product_tag-flors-mexicanes","11":"product_tag-bossa-de-cuir-turquesa","12":"product_tag-bossa-de-nuvia","13":"product_tag-disseny-de-flors-brillants","14":"product_tag-flors-pintades","15":"pa_size-bigger","16":"pa_size-medium","18":"first","19":"instock","20":"shipping-taxable","21":"purchasable","22":"product-type-variable"},"booking_location":null,"booking_location_type":null,"booking_duration":null,"booking_duration_unit":null,"booking_buffer":null,"booking_cost":null,"booking_resources":null,"_links":{"self":[{"href":"https:\/\/rossymina.cat\/es\/wp-json\/wp\/v2\/product\/13830","targetHints":{"allow":["GET"]}}],"collection":[{"href":"https:\/\/rossymina.cat\/es\/wp-json\/wp\/v2\/product"}],"about":[{"href":"https:\/\/rossymina.cat\/es\/wp-json\/wp\/v2\/types\/product"}],"wp:featuredmedia":[{"embeddable":true,"href":"https:\/\/rossymina.cat\/es\/wp-json\/wp\/v2\/media\/13833"}],"wp:attachment":[{"href":"https:\/\/rossymina.cat\/es\/wp-json\/wp\/v2\/media?parent=13830"}],"wp:term":[{"taxonomy":"product_brand","embeddable":true,"href":"https:\/\/rossymina.cat\/es\/wp-json\/wp\/v2\/product_brand?post=13830"},{"taxonomy":"product_cat","embeddable":true,"href":"https:\/\/rossymina.cat\/es\/wp-json\/wp\/v2\/product_cat?post=13830"},{"taxonomy":"product_tag","embeddable":true,"href":"https:\/\/rossymina.cat\/es\/wp-json\/wp\/v2\/product_tag?post=13830"}],"curies":[{"name":"wp","href":"https:\/\/api.w.org\/{rel}","templated":true}]}}