{"id":11144,"date":"2025-11-26T18:18:22","date_gmt":"2025-11-26T18:18:22","guid":{"rendered":"https:\/\/rossymina.cat\/?page_id=11144"},"modified":"2026-01-21T07:40:34","modified_gmt":"2026-01-21T07:40:34","slug":"declaracio-daccessibilitat","status":"publish","type":"page","link":"https:\/\/rossymina.cat\/fr\/declaracio-daccessibilitat\/","title":{"rendered":"D\u00e9claration d&#039;accessibilit\u00e9"},"content":{"rendered":"<div data-elementor-type=\"wp-page\" data-elementor-id=\"11144\" class=\"elementor elementor-11144\" data-elementor-post-type=\"page\">\n\t\t\t\t<div class=\"elementor-element elementor-element-e289e60 e-flex e-con-boxed e-con e-parent\" data-id=\"e289e60\" data-element_type=\"container\" data-e-type=\"container\">\n\t\t\t\t\t<div class=\"e-con-inner\">\n\t\t\t\t<div class=\"elementor-element elementor-element-b7e9460 elementor-widget elementor-widget-heading\" data-id=\"b7e9460\" data-element_type=\"widget\" data-e-type=\"widget\" data-widget_type=\"heading.default\">\n\t\t\t\t\t<h2 class=\"elementor-heading-title elementor-size-default\">D\u00e9claration d&#039;accessibilit\u00e9<\/h2>\t\t\t\t<\/div>\n\t\t\t\t<div class=\"elementor-element elementor-element-ac3e0fd elementor-widget elementor-widget-text-editor\" data-id=\"ac3e0fd\" data-element_type=\"widget\" data-e-type=\"widget\" data-widget_type=\"text-editor.default\">\n\t\t\t\t\t\t\t\t\t<p><b>DECLARACI\u00d3 D\u2019ACCESSIBILITAT \/ Declaraci\u00f3 d\u2019accessibilitat<\/b><\/p>\n<p><span style=\"font-weight: 400;\">Estem compromesos a fer accessible el nostre lloc web de conformitat amb el Reial decret 1112\/2018, de 7 de setembre, sobre l\u2019accessibilitat dels llocs web i aplicacions per a dispositius m\u00f2bils del sector p\u00fablic (en endavant, Reial decret 1112\/2018, de 7 de setembre).<\/span><\/p>\n<p><b>Situaci\u00f3 de compliment<\/b><\/p>\n<p><span style=\"font-weight: 400;\">Aquest lloc web \u00e9s parcialment conforme amb el Reial decret 1112\/2018, de 7 de setembre, a causa de la manca de conformitat dels aspectes que s\u2019indiquen a continuaci\u00f3.<\/span><\/p>\n<p><b>Contingut no accessible<\/b><\/p>\n<p><span style=\"font-weight: 400;\">El contingut que es recull a continuaci\u00f3 no \u00e9s accessible per les raons seg\u00fcents:<\/span><\/p>\n<ul>\n<li style=\"font-weight: 400;\" aria-level=\"1\"><span style=\"font-weight: 400;\">C\u00e0rrega desproporcionada: no s&#8217;aplica.<\/span><\/li>\n<\/ul>\n<p><b>Preparaci\u00f3 de la present declaraci\u00f3 d\u2019accessibilitat<\/b><\/p>\n<p><span style=\"font-weight: 400;\">La present declaraci\u00f3 va ser preparada el<\/span><b> 26&nbsp;de novembre de 2025<\/b><span style=\"font-weight: 400;\">. El m\u00e8tode emprat per preparar la declaraci\u00f3 ha estat una autoavaluaci\u00f3 realitzada pel propi organisme.<\/span><\/p>\n<p><b>Observacions i dades de contacte<\/b><\/p>\n<p><span style=\"font-weight: 400;\">Pot realitzar comunicacions sobre els requisits d\u2019accessibilitat (article 10.2.a) del Reial decret 1112\/2018, de 7 de setembre), com ara:<\/span><\/p>\n<ul>\n<li style=\"font-weight: 400;\" aria-level=\"1\"><span style=\"font-weight: 400;\">Informar sobre qualsevol possible incompliment per part d\u2019aquest lloc web.<\/span><\/li>\n<li style=\"font-weight: 400;\" aria-level=\"1\"><span style=\"font-weight: 400;\">Transmetre altres dificultats d\u2019acc\u00e9s al contingut.<\/span><\/li>\n<li style=\"font-weight: 400;\" aria-level=\"1\"><span style=\"font-weight: 400;\">Formular qualsevol altra consulta o suggeriment de millora relativa a l\u2019accessibilitat del lloc web.<\/span><\/li>\n<\/ul>\n<p><span style=\"font-weight: 400;\">A trav\u00e9s de les seg\u00fcents vies:<\/span><\/p>\n<ul>\n<li style=\"\" aria-level=\"1\"><b style=\"font-weight: 400;\">Correu electr\u00f2nic:&nbsp;<\/b><b>hola@rossymina.cat<\/b><\/li>\n<li aria-level=\"1\"><b style=\"font-weight: 400;\">Tel\u00e8fon: <\/b><b style=\"\">+34&nbsp;<\/b><b>691 61 66 06<\/b><\/li>\n<\/ul>\n<p><span style=\"font-weight: 400;\">Les comunicacions seran rebudes i tractades per la direcci\u00f3 de l\u2019empresa, com a unitat responsable dels continguts d\u2019aquest lloc web.<\/span><\/p>\n<p><b>Contingut opcional<\/b><\/p>\n<p><span style=\"font-weight: 400;\">La versi\u00f3 actualment visible d\u2019aquest lloc web \u00e9s&nbsp;<\/span><span style=\"font-weight: bold;\">novembre&nbsp;<\/span><b>de 2025<\/b><span style=\"font-weight: 400;\">&nbsp;i en aquesta data es va fer la revisi\u00f3 del nivell d\u2019accessibilitat vigent en aquell moment. A partir d\u2019aquesta data, es duen a terme revisions parcials di\u00e0ries del contingut web nou o modificat, tant de les plantilles com de les p\u00e0gines i documents finals publicats, per tal d\u2019assegurar el compliment dels requisits d\u2019accessibilitat de la Norma UNE-EN 301549:2019, considerant les excepcions del Reial decret 1112\/2018, de 7 de setembre.<\/span><\/p>\n<p><span style=\"font-weight: 400;\">Entre altres, s\u2019adopten les seg\u00fcents mesures per facilitar l\u2019accessibilitat:<\/span><\/p>\n<ul>\n<li style=\"font-weight: 400;\" aria-level=\"1\"><span style=\"font-weight: 400;\">Utilitzaci\u00f3 de text alternatiu a les imatges.<\/span><\/li>\n<li style=\"font-weight: 400;\" aria-level=\"1\"><span style=\"font-weight: 400;\">Els enlla\u00e7os ofereixen detalls de la funci\u00f3 o dest\u00ed de l\u2019hipervincle.<\/span><\/li>\n<li style=\"font-weight: 400;\" aria-level=\"1\"><span style=\"font-weight: 400;\">\u00das dels est\u00e0ndards del W3C: XHTML 1.0, CSS 3.0, WAI AA.<\/span><\/li>\n<\/ul>\t\t\t\t\t\t\t\t<\/div>\n\t\t\t\t\t<\/div>\n\t\t\t\t<\/div>\n\t\t\t\t<\/div>","protected":false},"excerpt":{"rendered":"<p>DECLARACI\u00d3 D\u2019ACCESSIBILITAT \/ Declaraci\u00f3 d\u2019accessibilitat Estem compromesos a fer accessible el nostre lloc web de conformitat amb el Reial decret 1112\/2018, de 7 de setembre, sobre l\u2019accessibilitat dels llocs web i aplicacions per a dispositius m\u00f2bils del sector p\u00fablic (en endavant, Reial decret 1112\/2018, de 7 de setembre). Situaci\u00f3 de compliment Aquest lloc web \u00e9s [&hellip;]<\/p>\n","protected":false},"author":1,"featured_media":0,"parent":0,"menu_order":0,"comment_status":"closed","ping_status":"closed","template":"","meta":{"footnotes":""},"class_list":["post-11144","page","type-page","status-publish","hentry"],"_links":{"self":[{"href":"https:\/\/rossymina.cat\/fr\/wp-json\/wp\/v2\/pages\/11144","targetHints":{"allow":["GET"]}}],"collection":[{"href":"https:\/\/rossymina.cat\/fr\/wp-json\/wp\/v2\/pages"}],"about":[{"href":"https:\/\/rossymina.cat\/fr\/wp-json\/wp\/v2\/types\/page"}],"author":[{"embeddable":true,"href":"https:\/\/rossymina.cat\/fr\/wp-json\/wp\/v2\/users\/1"}],"replies":[{"embeddable":true,"href":"https:\/\/rossymina.cat\/fr\/wp-json\/wp\/v2\/comments?post=11144"}],"version-history":[{"count":7,"href":"https:\/\/rossymina.cat\/fr\/wp-json\/wp\/v2\/pages\/11144\/revisions"}],"predecessor-version":[{"id":13454,"href":"https:\/\/rossymina.cat\/fr\/wp-json\/wp\/v2\/pages\/11144\/revisions\/13454"}],"wp:attachment":[{"href":"https:\/\/rossymina.cat\/fr\/wp-json\/wp\/v2\/media?parent=11144"}],"curies":[{"name":"wp","href":"https:\/\/api.w.org\/{rel}","templated":true}]}}