{"id":11098,"date":"2025-11-26T16:25:19","date_gmt":"2025-11-26T16:25:19","guid":{"rendered":"https:\/\/rossymina.cat\/?post_type=product&#038;p=11098"},"modified":"2026-02-16T08:09:09","modified_gmt":"2026-02-16T08:09:09","slug":"tallers-de-cuir-a-barcelona","status":"publish","type":"product","link":"https:\/\/rossymina.cat\/fr\/tallers-de-cuir-a-barcelona\/","title":{"rendered":"Tallers de cuir a Barcelona"},"content":{"rendered":"<p><strong>Qu\u00e8 oferim?<\/strong><\/p>\n<p>Als nostres tallers de cuir podr\u00e0s:<\/p>\n<ul>\n<li>Con\u00e8ixer els tipus de cuir i les eines b\u00e0siques.<\/li>\n<li>Aprendre t\u00e8cniques tradicionals de tall, perforat i muntatge.<\/li>\n<li>Elaborar la teva pr\u00f2pia pe\u00e7a artesanal (clauer, cartera, targeter o petit accessori).<\/li>\n<li>Personalitzar la teva creaci\u00f3 amb inicials, formes o detalls \u00fanics.<\/li>\n<li>Viure una experi\u00e8ncia aut\u00e8ntica en un taller real del Born, Barcelona.<\/li>\n<\/ul>","protected":false},"excerpt":{"rendered":"<p>Descobreix l\u2019experi\u00e8ncia de crear amb les teves pr\u00f2pies mans una pe\u00e7a de cuir aut\u00e8ntic.<br \/>\nA Rossymina oferim tallers presencials a Barcelona on aprendr\u00e0s t\u00e8cniques b\u00e0siques de marroquineria, treballar\u00e0s amb materials premium i elaborar\u00e0s un article propi per endur-te a casa.<\/p>\n<p>Els nostres tallers s\u00f3n pr\u00e0ctics, propers i pensats per a totes les edats. No necessites experi\u00e8ncia pr\u00e8via: nom\u00e9s ganes d\u2019aprendre i gaudir del proc\u00e9s.<\/p>","protected":false},"featured_media":11093,"template":"","meta":[],"product_brand":[],"product_cat":[549],"product_tag":[202],"class_list":{"0":"post-11098","1":"product","2":"type-product","3":"status-publish","4":"has-post-thumbnail","6":"product_cat-tallers-de-cuir","7":"product_tag-taller","9":"first","10":"instock","11":"virtual","12":"sold-individually","13":"purchasable","14":"product-type-booking"},"booking_location":"","booking_location_type":"","booking_duration":1,"booking_duration_unit":"hour","booking_buffer":0,"booking_cost":40,"booking_resources":[],"_links":{"self":[{"href":"https:\/\/rossymina.cat\/fr\/wp-json\/wp\/v2\/product\/11098","targetHints":{"allow":["GET"]}}],"collection":[{"href":"https:\/\/rossymina.cat\/fr\/wp-json\/wp\/v2\/product"}],"about":[{"href":"https:\/\/rossymina.cat\/fr\/wp-json\/wp\/v2\/types\/product"}],"wp:featuredmedia":[{"embeddable":true,"href":"https:\/\/rossymina.cat\/fr\/wp-json\/wp\/v2\/media\/11093"}],"wp:attachment":[{"href":"https:\/\/rossymina.cat\/fr\/wp-json\/wp\/v2\/media?parent=11098"}],"wp:term":[{"taxonomy":"product_brand","embeddable":true,"href":"https:\/\/rossymina.cat\/fr\/wp-json\/wp\/v2\/product_brand?post=11098"},{"taxonomy":"product_cat","embeddable":true,"href":"https:\/\/rossymina.cat\/fr\/wp-json\/wp\/v2\/product_cat?post=11098"},{"taxonomy":"product_tag","embeddable":true,"href":"https:\/\/rossymina.cat\/fr\/wp-json\/wp\/v2\/product_tag?post=11098"}],"curies":[{"name":"wp","href":"https:\/\/api.w.org\/{rel}","templated":true}]}}