{"id":12543,"date":"2025-12-01T19:07:48","date_gmt":"2025-12-01T19:07:48","guid":{"rendered":"https:\/\/rossymina.cat\/producto\/motxilla-de-pell-de-color-marro-clar\/"},"modified":"2026-01-13T21:14:31","modified_gmt":"2026-01-13T21:14:31","slug":"motxilla-de-pell-de-color-marro-clar","status":"publish","type":"product","link":"https:\/\/rossymina.cat\/fr\/motxilla-de-pell-de-color-marro-clar\/","title":{"rendered":"Sac \u00e0 dos en cuir marron clair"},"content":{"rendered":"<p><iframe title=\"tan backpack\" width=\"800\" height=\"450\" data-src=\"https:\/\/www.youtube.com\/embed\/IyG3haVhH1s?feature=oembed\" frameborder=\"0\" allow=\"accelerometer; autoplay; clipboard-write; encrypted-media; gyroscope; picture-in-picture; web-share\" referrerpolicy=\"strict-origin-when-cross-origin\" allowfullscreen src=\"data:image\/svg+xml;base64,PHN2ZyB3aWR0aD0iMSIgaGVpZ2h0PSIxIiB4bWxucz0iaHR0cDovL3d3dy53My5vcmcvMjAwMC9zdmciPjwvc3ZnPg==\" class=\"lazyload\" data-load-mode=\"1\"><\/iframe><\/p>\n<p>&nbsp;<\/p>\n<p>Aquesta motxilla de color marr\u00f3 clar est\u00e0 feta a m\u00e0 amb pell de vaca 100% d&#8217;alta qualitat. Hem dissenyat aquesta bossa minimalista amb un compartiment gran i dues butxaques amb cremallera, una al davant i l&#8217;altra a la part posterior. Ho guarda tot a dins de manera segura i es tanca amb una cremallera met\u00e0l\u00b7lica. Les corretges s&#8217;ajusten per adaptar-se perfectament a les espatlles i tenen una part m\u00e9s ampla i suau. Aquesta motxilla o motxilla minimalista ser\u00e0 la teva companya di\u00e0ria i durar\u00e0 tota la vida.<\/p>\n<p>La motxilla t\u00e9 prou espai per a un ordinador port\u00e0til de 17 polzades.<\/p>\n<p>Hem afegit una butxaca exterior posterior per accedir ocult al m\u00f2bil, la cartera i les claus mentre la bossa est\u00e0 tancada. Aquestes motxilles de disseny senzill i net estan disponibles en diversos colors i completaran el teu look elegant i informal.<\/p>\n<p>_<\/p>","protected":false},"excerpt":{"rendered":"<p>Sac \u00e0 dos en cuir fait main pour homme ou femme, avec doublure en coton et fermeture \u00e9clair en m\u00e9tal.<\/p>","protected":false},"featured_media":8784,"template":"","meta":[],"product_brand":[],"product_cat":[23],"product_tag":[241,243,245,242,244],"class_list":{"0":"post-12543","1":"product","2":"type-product","3":"status-publish","4":"has-post-thumbnail","6":"product_cat-sin-categorizar","7":"product_tag-pell-de-color-marro-clar","8":"product_tag-botiga-etsy","9":"product_tag-motxilla-de-pell","10":"product_tag-motxilla-etsy","11":"product_tag-motxilla-feta-a-ma","13":"first","14":"instock","15":"shipping-taxable","16":"purchasable","17":"product-type-simple"},"booking_location":null,"booking_location_type":null,"booking_duration":null,"booking_duration_unit":null,"booking_buffer":null,"booking_cost":null,"booking_resources":null,"_links":{"self":[{"href":"https:\/\/rossymina.cat\/fr\/wp-json\/wp\/v2\/product\/12543","targetHints":{"allow":["GET"]}}],"collection":[{"href":"https:\/\/rossymina.cat\/fr\/wp-json\/wp\/v2\/product"}],"about":[{"href":"https:\/\/rossymina.cat\/fr\/wp-json\/wp\/v2\/types\/product"}],"wp:featuredmedia":[{"embeddable":true,"href":"https:\/\/rossymina.cat\/fr\/wp-json\/wp\/v2\/media\/8784"}],"wp:attachment":[{"href":"https:\/\/rossymina.cat\/fr\/wp-json\/wp\/v2\/media?parent=12543"}],"wp:term":[{"taxonomy":"product_brand","embeddable":true,"href":"https:\/\/rossymina.cat\/fr\/wp-json\/wp\/v2\/product_brand?post=12543"},{"taxonomy":"product_cat","embeddable":true,"href":"https:\/\/rossymina.cat\/fr\/wp-json\/wp\/v2\/product_cat?post=12543"},{"taxonomy":"product_tag","embeddable":true,"href":"https:\/\/rossymina.cat\/fr\/wp-json\/wp\/v2\/product_tag?post=12543"}],"curies":[{"name":"wp","href":"https:\/\/api.w.org\/{rel}","templated":true}]}}