{"id":12553,"date":"2025-12-01T19:07:48","date_gmt":"2025-12-01T19:07:48","guid":{"rendered":"https:\/\/rossymina.cat\/producto\/bossa-de-pell-negra-amb-disseny-de-ploma-de-pao\/"},"modified":"2026-05-05T13:37:40","modified_gmt":"2026-05-05T13:37:40","slug":"bossa-de-pell-negra-amb-disseny-de-ploma-de-pao","status":"publish","type":"product","link":"https:\/\/rossymina.cat\/fr\/bossa-de-pell-negra-amb-disseny-de-ploma-de-pao\/","title":{"rendered":"Sacoche en cuir noir orn\u00e9 d'un motif de plumes de paon"},"content":{"rendered":"<p>Aquesta bossa bandolera \u00fanica de color negre amb disseny de plomes de pa\u00f3 est\u00e0 feta completament a m\u00e0 amb pell de vaca espanyola de la millor qualitat. \u00c9s molt lleugera i suau i llisa al tacte.<br \/>\nDissenyem i pintem a m\u00e0 els nostres productes seleccionant acuradament la pell i cada pe\u00e7a \u00e9s \u00fanica i especial. Utilitzem colors de pell vibrants i resistents i decorats amb pedres naturals com ara ull de tigre, ametista i corals.<br \/>\n\u00c9s una bossa de la mida perfecta, prou gran per a tots els teus objectes essencials (hi cap un quadern A5, tel\u00e8fon, cartera, diners, claus i m\u00e9s) i \u00e9s una gran opci\u00f3 per a qualsevol ocasi\u00f3, elegant o informal. La corretja \u00e9s ajustable, prou llarga per portar la bossa creuada o curta com a bossa de m\u00e0.<br \/>\nEl folre \u00e9s 100% cot\u00f3 i t\u00e9 una butxaca interior amb cremallera, prou gran per cabre el tel\u00e8fon o la cartera.<br \/>\nEs presenta en diversos colors que coincideixen amb els gustos i les tend\u00e8ncies m\u00e9s exigents.<\/p>\n<p>DETALLS<\/p>\n<p>\u2022 Pintat a m\u00e0 amb colors especials resistents<br \/>\n\u2022 Pell espanyola i italiana de la millor qualitat<br \/>\n\u2022 F\u00e0cil de netejar i Resistent a l&#8217;aigua<br \/>\n\u2022 Segur amb cremallera<br \/>\n\u2022 Corretja de cuir duradora amb ferramentes de llaut\u00f3 d&#8217;alta qualitat<br \/>\n\u2022 Butxaca interior<\/p>\n<p>DIMENSIONS<\/p>\n<p>Bossa m\u00e9s petita:<\/p>\n<p>25 cm d&#8217;amplada \/ 19 cm d&#8217;al\u00e7ada (25 cm \/ 19 cm),<\/p>\n<p>Bossa m\u00e9s gran:<\/p>\n<p>30 cm d&#8217;amplada \/ 20 cm d&#8217;al\u00e7ada (30 cm \/ 21 cm)<\/p>\n<p>Butxaca interior:<\/p>\n<p>15 cm d&#8217;amplada \/ 11 cm d&#8217;al\u00e7ada (15 cm \/ 11 cm)<\/p>","protected":false},"excerpt":{"rendered":"<p>Bossa bandolera negra amb disseny de plomes de pa\u00f3<\/p>","protected":false},"featured_media":8917,"template":"","meta":[],"product_brand":[],"product_cat":[246,247],"product_tag":[255,249],"class_list":{"0":"post-12553","1":"product","2":"type-product","3":"status-publish","4":"has-post-thumbnail","6":"product_cat-bosses-de-pell","7":"product_cat-bosses-pintats","8":"product_tag-cuir-pintat-a-ma","9":"product_tag-plomes-de-pao","11":"first","12":"instock","13":"shipping-taxable","14":"purchasable","15":"product-type-simple"},"booking_location":null,"booking_location_type":null,"booking_duration":null,"booking_duration_unit":null,"booking_buffer":null,"booking_cost":null,"booking_resources":null,"_links":{"self":[{"href":"https:\/\/rossymina.cat\/fr\/wp-json\/wp\/v2\/product\/12553","targetHints":{"allow":["GET"]}}],"collection":[{"href":"https:\/\/rossymina.cat\/fr\/wp-json\/wp\/v2\/product"}],"about":[{"href":"https:\/\/rossymina.cat\/fr\/wp-json\/wp\/v2\/types\/product"}],"wp:featuredmedia":[{"embeddable":true,"href":"https:\/\/rossymina.cat\/fr\/wp-json\/wp\/v2\/media\/8917"}],"wp:attachment":[{"href":"https:\/\/rossymina.cat\/fr\/wp-json\/wp\/v2\/media?parent=12553"}],"wp:term":[{"taxonomy":"product_brand","embeddable":true,"href":"https:\/\/rossymina.cat\/fr\/wp-json\/wp\/v2\/product_brand?post=12553"},{"taxonomy":"product_cat","embeddable":true,"href":"https:\/\/rossymina.cat\/fr\/wp-json\/wp\/v2\/product_cat?post=12553"},{"taxonomy":"product_tag","embeddable":true,"href":"https:\/\/rossymina.cat\/fr\/wp-json\/wp\/v2\/product_tag?post=12553"}],"curies":[{"name":"wp","href":"https:\/\/api.w.org\/{rel}","templated":true}]}}