{"id":12556,"date":"2025-12-01T19:07:48","date_gmt":"2025-12-01T19:07:48","guid":{"rendered":"https:\/\/rossymina.cat\/producto\/bossa-de-pell-negra-amb-rosa\/"},"modified":"2026-05-05T13:39:06","modified_gmt":"2026-05-05T13:39:06","slug":"bossa-de-pell-negra-amb-rosa","status":"publish","type":"product","link":"https:\/\/rossymina.cat\/fr\/bossa-de-pell-negra-amb-rosa\/","title":{"rendered":"Sacoche en cuir noir avec rose"},"content":{"rendered":"<h1>Bossa de pell negra amb una rosa vermella<\/h1>\n<p>Aquesta bossa bandolera \u00fanica en color negre absolut amb disseny de rosa vermella est\u00e0 feta completament a m\u00e0 amb pell de vaca espanyola de la millor qualitat. \u00c9s molt lleugera i suau i llisa al tacte.<br \/>\nDissenyem i pintem a m\u00e0 els nostres productes seleccionant acuradament la pell i cada pe\u00e7a \u00e9s \u00fanica i especial. Utilitzem colors de pell vibrants i resistents i decorats amb pedres naturals com la pedra d&#8217;ull de tigre, l&#8217;ametista i els corals.<br \/>\n\u00c9s la bossa de la mida perfecta de 25 cm d&#8217;amplada \/ 19 cm d&#8217;al\u00e7ada, prou gran per a tots els vostres elements essencials (hi cap un port\u00e0til, tel\u00e8fon, cartera, diners, claus) i \u00e9s una gran opci\u00f3 per a qualsevol ocasi\u00f3, elegant o informal. La corretja \u00e9s ajustable, prou llarga per portar la bossa creuada o curta com a bossa de m\u00e0.<br \/>\nEl folre \u00e9s 100% cot\u00f3 i t\u00e9 una butxaca interior de 15 cm d&#8217;amplada \/ 11 cm d&#8217;al\u00e7ada amb cremallera, prou gran per a un tel\u00e8fon o una cartera.<\/p>\n<p>\u2022 Pintat a m\u00e0 amb colors especials resistents<br \/>\n\u2022 Pell espanyola i italiana de la millor qualitat<br \/>\n\u2022 F\u00e0cil de netejar i resistent a l&#8217;aigua<br \/>\n\u2022 Segur amb cremallera<br \/>\n\u2022 Corretja de pell duradora amb ferramentes de llaut\u00f3 d&#8217;alta qualitat<br \/>\n\u2022 Butxaca interior<\/p>\n<p>&nbsp;<\/p>","protected":false},"excerpt":{"rendered":"<p>Aquesta bossa bandolera \u00fanica en color negre absolut amb un disseny de roses vermelles est\u00e0 feta completament a m\u00e0 amb pell de vaca espanyola de la millor qualitat. \u00c9s molt lleugera i suau i llisa al tacte.<\/p>","protected":false},"featured_media":8242,"template":"","meta":[],"product_brand":[],"product_cat":[246,247],"product_tag":[256,258,257],"class_list":{"0":"post-12556","1":"product","2":"type-product","3":"status-publish","4":"has-post-thumbnail","6":"product_cat-bosses-de-pell","7":"product_cat-bosses-pintats","8":"product_tag-bossa-de-cuir-negre","9":"product_tag-bossa-de-rosa-vermella","10":"product_tag-bosses-de-cuir","12":"first","13":"instock","14":"shipping-taxable","15":"purchasable","16":"product-type-simple"},"booking_location":null,"booking_location_type":null,"booking_duration":null,"booking_duration_unit":null,"booking_buffer":null,"booking_cost":null,"booking_resources":null,"_links":{"self":[{"href":"https:\/\/rossymina.cat\/fr\/wp-json\/wp\/v2\/product\/12556","targetHints":{"allow":["GET"]}}],"collection":[{"href":"https:\/\/rossymina.cat\/fr\/wp-json\/wp\/v2\/product"}],"about":[{"href":"https:\/\/rossymina.cat\/fr\/wp-json\/wp\/v2\/types\/product"}],"wp:featuredmedia":[{"embeddable":true,"href":"https:\/\/rossymina.cat\/fr\/wp-json\/wp\/v2\/media\/8242"}],"wp:attachment":[{"href":"https:\/\/rossymina.cat\/fr\/wp-json\/wp\/v2\/media?parent=12556"}],"wp:term":[{"taxonomy":"product_brand","embeddable":true,"href":"https:\/\/rossymina.cat\/fr\/wp-json\/wp\/v2\/product_brand?post=12556"},{"taxonomy":"product_cat","embeddable":true,"href":"https:\/\/rossymina.cat\/fr\/wp-json\/wp\/v2\/product_cat?post=12556"},{"taxonomy":"product_tag","embeddable":true,"href":"https:\/\/rossymina.cat\/fr\/wp-json\/wp\/v2\/product_tag?post=12556"}],"curies":[{"name":"wp","href":"https:\/\/api.w.org\/{rel}","templated":true}]}}