{"id":12560,"date":"2025-12-01T19:07:48","date_gmt":"2025-12-01T19:07:48","guid":{"rendered":"https:\/\/rossymina.cat\/producto\/ronyonera-de-pell-color-pruna\/"},"modified":"2026-01-13T21:14:31","modified_gmt":"2026-01-13T21:14:31","slug":"ronyonera-de-pell-color-pruna","status":"publish","type":"product","link":"https:\/\/rossymina.cat\/fr\/ronyonera-de-pell-color-pruna\/","title":{"rendered":"Ronyonera de pell color pruna"},"content":{"rendered":"<h1>Ronyonera de pell bordeus<\/h1>\n<p>Ronyonera\/ronyonera de pell color vi feta de pell 100% aut\u00e8ntica\/aut\u00e8ntica d&#8217;It\u00e0lia i Espanya. Aquesta ronyonera\/ronyonera de pell t\u00e9 un \u00fanic compartiment que es tanca amb una cremallera YKK met\u00e0l\u00b7lica.<\/p>\n<p>El cintur\u00f3 s&#8217;obre i es tanca c\u00f2modament amb un mosquet\u00f3.<\/p>\n<p>GUIA DE MIDES<\/p>\n<p>Longitud: 22 cm<\/p>\n<p>Al\u00e7ada: 13 cm<\/p>\n<p>Amplada: 4 cm<\/p>\n<p>La longitud de la corretja s&#8217;ajusta de 60 cm (la m\u00e9s curta amb la bossa de 60) a 120 cm (la m\u00e9s llarga)<\/p>\n<p>ronyonera de palissandre, ri\u00f1onera, ronyonera, ronyonera<\/p>","protected":false},"excerpt":{"rendered":"<p>Pots portar aquesta ronyonera tant a la cintura com a bandolera gr\u00e0cies al cintur\u00f3 ajustable. T\u00e9 prou espai a l&#8217;interior per als teus petits objectes essencials com ara claus, un tel\u00e8fon m\u00f2bil, una cartera i els teus cosm\u00e8tics.<\/p>","protected":false},"featured_media":8830,"template":"","meta":[],"product_brand":[],"product_cat":[260],"product_tag":[261,263,262,264,265],"class_list":{"0":"post-12560","1":"product","2":"type-product","3":"status-publish","4":"has-post-thumbnail","6":"product_cat-ronyoneres","7":"product_tag-bossa-de-cintura-amb-cremallera","8":"product_tag-bossa-de-pell-artesanal","9":"product_tag-bossa-de-pell-bordeus","10":"product_tag-ronyonera-de-disseny","11":"product_tag-ronyonera-feta-a-ma","13":"first","14":"instock","15":"shipping-taxable","16":"purchasable","17":"product-type-simple"},"booking_location":null,"booking_location_type":null,"booking_duration":null,"booking_duration_unit":null,"booking_buffer":null,"booking_cost":null,"booking_resources":null,"_links":{"self":[{"href":"https:\/\/rossymina.cat\/fr\/wp-json\/wp\/v2\/product\/12560","targetHints":{"allow":["GET"]}}],"collection":[{"href":"https:\/\/rossymina.cat\/fr\/wp-json\/wp\/v2\/product"}],"about":[{"href":"https:\/\/rossymina.cat\/fr\/wp-json\/wp\/v2\/types\/product"}],"wp:featuredmedia":[{"embeddable":true,"href":"https:\/\/rossymina.cat\/fr\/wp-json\/wp\/v2\/media\/8830"}],"wp:attachment":[{"href":"https:\/\/rossymina.cat\/fr\/wp-json\/wp\/v2\/media?parent=12560"}],"wp:term":[{"taxonomy":"product_brand","embeddable":true,"href":"https:\/\/rossymina.cat\/fr\/wp-json\/wp\/v2\/product_brand?post=12560"},{"taxonomy":"product_cat","embeddable":true,"href":"https:\/\/rossymina.cat\/fr\/wp-json\/wp\/v2\/product_cat?post=12560"},{"taxonomy":"product_tag","embeddable":true,"href":"https:\/\/rossymina.cat\/fr\/wp-json\/wp\/v2\/product_tag?post=12560"}],"curies":[{"name":"wp","href":"https:\/\/api.w.org\/{rel}","templated":true}]}}