{"id":12562,"date":"2025-12-01T19:07:48","date_gmt":"2025-12-01T19:07:48","guid":{"rendered":"https:\/\/rossymina.cat\/producto\/arracades-penjants-de-cuir\/"},"modified":"2026-01-13T21:14:36","modified_gmt":"2026-01-13T21:14:36","slug":"arracades-penjants-de-cuir","status":"publish","type":"product","link":"https:\/\/rossymina.cat\/fr\/arracades-penjants-de-cuir\/","title":{"rendered":"Arracades penjants de cuir"},"content":{"rendered":"<blockquote><p>&nbsp;<\/p><\/blockquote>\n<p>Precioses arracades amb serrells en forma de pa\u00f3 \u2665<\/p>\n<p>TINGUEU EN COMPTE QUE L&#8217;ENVIAMENT EST\u00c0NDARD<br \/>\n\u00c9S SENSE SEGUIMENT (lent). PODEU TRIAR UN ENVIAMENT<br \/>\nAMB SEGUIMENT AL FINALITZACI\u00d3 DE LA COMPRA.<\/p>\n<p>\u2192 MIDES:<\/p>\n<p>\u2022 Arracades d&#8217;aproximadament 8 cm x 3 cm \/ 3&#8243; x 1 1\/4&#8243; (llargada x amplada).<\/p>\n<p>\u2192 MATERIALS:<\/p>\n<p>\u2022<br \/>\nAquestes arracades estan disponibles per a orelles perforades (seleccioneu l&#8217;estil quan feu la comanda des del men\u00fa desplegable).<br \/>\n\u2022 Imatge d&#8217;alta qualitat impresa en paper impermeable i protegida amb un cabutx\u00f3 de vidre.<br \/>\n\u2022 Tots els accessoris no contenen n\u00edquel.<\/p>\n<p>\u2192 EMBALATGE:<\/p>\n<p>\u2022 Aquestes arracades s&#8217;enviaran en una caixa de regal, llestes per regalar (o guardar!).<br \/>\n\u2022 Si voleu afegir una nota manuscrita, deixeu-me un missatge amb la vostra comanda.<\/p>\n<p>\u2022<br \/>\nInternacional: Tingueu en compte que TOTES les comandes internacionals triguen entre 2 i 4 setmanes a arribar. No \u00e9s estrany que triguin les 4 setmanes.<br \/>\nTingueu-ho en compte a l&#8217;hora de fer la comanda.<\/p>","protected":false},"excerpt":{"rendered":"<p>&nbsp; Precioses arracades amb serrells en forma de pa\u00f3 \u2665 TINGUEU EN COMPTE QUE L&#8217;ENVIAMENT EST\u00c0NDARD \u00c9S SENSE SEGUIMENT (lent). PODEU TRIAR UN ENVIAMENT AMB SEGUIMENT AL FINALITZACI\u00d3 DE LA COMPRA. \u2192 MIDES: \u2022 Arracades d&#8217;aproximadament 8 cm x 3 cm \/ 3&#8243; x 1 1\/4&#8243; (llargada x amplada). \u2192 MATERIALS: \u2022 Aquestes arracades estan [&hellip;]<\/p>\n","protected":false},"featured_media":3206,"template":"","meta":[],"product_brand":[],"product_cat":[251],"product_tag":[255,249,269,266,270,271,268,267],"class_list":{"0":"post-12562","1":"product","2":"type-product","3":"status-publish","4":"has-post-thumbnail","6":"product_cat-joieria","7":"product_tag-cuir-pintat-a-ma","8":"product_tag-plomes-de-pao","9":"product_tag-arracada-de-disseny-de-cuir","10":"product_tag-arracada-de-plomes","11":"product_tag-arracada-vermella-i-daurada","12":"product_tag-cuir-turquesa","13":"product_tag-joieria-casolana","14":"product_tag-joieria-feta-a-ma","15":"pa_color-blau-verdos","16":"pa_color-or","17":"pa_color-taronja","18":"pa_color-vermell","20":"first","21":"instock","22":"shipping-taxable","23":"purchasable","24":"product-type-variable"},"booking_location":null,"booking_location_type":null,"booking_duration":null,"booking_duration_unit":null,"booking_buffer":null,"booking_cost":null,"booking_resources":null,"_links":{"self":[{"href":"https:\/\/rossymina.cat\/fr\/wp-json\/wp\/v2\/product\/12562","targetHints":{"allow":["GET"]}}],"collection":[{"href":"https:\/\/rossymina.cat\/fr\/wp-json\/wp\/v2\/product"}],"about":[{"href":"https:\/\/rossymina.cat\/fr\/wp-json\/wp\/v2\/types\/product"}],"wp:featuredmedia":[{"embeddable":true,"href":"https:\/\/rossymina.cat\/fr\/wp-json\/wp\/v2\/media\/3206"}],"wp:attachment":[{"href":"https:\/\/rossymina.cat\/fr\/wp-json\/wp\/v2\/media?parent=12562"}],"wp:term":[{"taxonomy":"product_brand","embeddable":true,"href":"https:\/\/rossymina.cat\/fr\/wp-json\/wp\/v2\/product_brand?post=12562"},{"taxonomy":"product_cat","embeddable":true,"href":"https:\/\/rossymina.cat\/fr\/wp-json\/wp\/v2\/product_cat?post=12562"},{"taxonomy":"product_tag","embeddable":true,"href":"https:\/\/rossymina.cat\/fr\/wp-json\/wp\/v2\/product_tag?post=12562"}],"curies":[{"name":"wp","href":"https:\/\/api.w.org\/{rel}","templated":true}]}}