{"id":12563,"date":"2025-12-01T19:07:48","date_gmt":"2025-12-01T19:07:48","guid":{"rendered":"https:\/\/rossymina.cat\/producto\/portatargetes-de-cinc-ranures\/"},"modified":"2026-01-13T21:14:32","modified_gmt":"2026-01-13T21:14:32","slug":"portatargetes-de-cinc-ranures","status":"publish","type":"product","link":"https:\/\/rossymina.cat\/fr\/portatargetes-de-cinc-ranures\/","title":{"rendered":"Porte-cartes \u00e0 cinq emplacements"},"content":{"rendered":"<p>Aquest elegant i senzill portatargetes t\u00e9 5 compartiments o ranures per mantenir les teves targetes organitzades, segures i sempre a m\u00e0. Cada element \u00e9s \u00fanic i irrepetible, els colors i la pell poden diferir en realitat de les fotos.<\/p>\n<p>&nbsp;<\/p>\n<p>Aquest elegant tarjetero t\u00e9 cinc compartiments per tenir els teus tajetes organitzats, segurs i sempre a m\u00e0. Cada pe\u00e7a \u00e9s \u00fanica i irrepetible, els colors i les pells poden variar i ser diferents dels de la foto.<\/p>","protected":false},"excerpt":{"rendered":"<p>Portatargetes, compacte i elegant<\/p>","protected":false},"featured_media":8981,"template":"","meta":[],"product_brand":[],"product_cat":[272],"product_tag":[],"class_list":{"0":"post-12563","1":"product","2":"type-product","3":"status-publish","4":"has-post-thumbnail","6":"product_cat-carteres-i-targeters","8":"first","9":"instock","10":"shipping-taxable","11":"purchasable","12":"product-type-simple"},"booking_location":null,"booking_location_type":null,"booking_duration":null,"booking_duration_unit":null,"booking_buffer":null,"booking_cost":null,"booking_resources":null,"_links":{"self":[{"href":"https:\/\/rossymina.cat\/fr\/wp-json\/wp\/v2\/product\/12563","targetHints":{"allow":["GET"]}}],"collection":[{"href":"https:\/\/rossymina.cat\/fr\/wp-json\/wp\/v2\/product"}],"about":[{"href":"https:\/\/rossymina.cat\/fr\/wp-json\/wp\/v2\/types\/product"}],"wp:featuredmedia":[{"embeddable":true,"href":"https:\/\/rossymina.cat\/fr\/wp-json\/wp\/v2\/media\/8981"}],"wp:attachment":[{"href":"https:\/\/rossymina.cat\/fr\/wp-json\/wp\/v2\/media?parent=12563"}],"wp:term":[{"taxonomy":"product_brand","embeddable":true,"href":"https:\/\/rossymina.cat\/fr\/wp-json\/wp\/v2\/product_brand?post=12563"},{"taxonomy":"product_cat","embeddable":true,"href":"https:\/\/rossymina.cat\/fr\/wp-json\/wp\/v2\/product_cat?post=12563"},{"taxonomy":"product_tag","embeddable":true,"href":"https:\/\/rossymina.cat\/fr\/wp-json\/wp\/v2\/product_tag?post=12563"}],"curies":[{"name":"wp","href":"https:\/\/api.w.org\/{rel}","templated":true}]}}