{"id":12564,"date":"2025-12-01T19:07:54","date_gmt":"2025-12-01T19:07:54","guid":{"rendered":"https:\/\/rossymina.cat\/producto\/bossa-de-pell-de-color-marro-pintada-amb-flors\/"},"modified":"2026-01-13T21:14:35","modified_gmt":"2026-01-13T21:14:35","slug":"bossa-de-pell-de-color-marro-pintada-amb-flors","status":"publish","type":"product","link":"https:\/\/rossymina.cat\/fr\/bossa-de-pell-de-color-marro-pintada-amb-flors\/","title":{"rendered":"Sac en cuir marron orn\u00e9 de fleurs"},"content":{"rendered":"<h1>Bossa de pell de color marr\u00f3 clar amb flors pintades<\/h1>\n<p>Aquesta bossa bandolera especial de pell de color marr\u00f3 clar est\u00e0 pintada a m\u00e0 amb un disseny floral de crisantems o <span class=\"ILfuVd NA6bn\"><span class=\"e24Kjd\"><b>cri\u00e0s<\/b><\/span>. Les flors bordeus estan elegantment adornades amb or. La bossa est\u00e0 feta completament a m\u00e0 amb pell de vaca espanyola de la millor qualitat. \u00c9s molt lleugera i la pell \u00e9s suau i natural al tacte.<\/p>\n<p>Dissenyem i pintem a m\u00e0 els nostres productes seleccionant acuradament la pell i cada pe\u00e7a \u00e9s \u00fanica i especial.<\/p>\n<p>\u00c9s la MIDA perfecta de la bossa de 12\u2033 d&#8217;amplada \/ 8\u2033 d&#8217;al\u00e7ada (30 cm \/ 21 cm), prou gran per a tots els vostres elements essencials (hi cap un port\u00e0til, tel\u00e8fon, cartera, diners, claus). \u00c9s una gran opci\u00f3 per a qualsevol ocasi\u00f3, elegant o informal. La corretja \u00e9s ajustable, prou llarga per portar la bossa creuada o curta com a bossa de m\u00e0.<br \/>\nEl folre \u00e9s 100% cot\u00f3 i t\u00e9 una butxaca interior de 15 cm d&#8217;amplada\/11 cm d&#8217;al\u00e7ada amb cremallera, prou gran per al tel\u00e8fon o la cartera.<\/p>\n<p>Comprova una bossa de mida m\u00e9s petita <a href=\"https:\/\/rossymina.com\/shop\/bags\/handpainted-bags\/casual-tan-leather-bag-flower\/\" target=\"_blank\" rel=\"noopener\">aqu\u00ed<\/a>.<\/p>","protected":false},"excerpt":{"rendered":"<p>Bossa de pell de color marr\u00f3 clar amb flors color vinya i fulles daurades.<\/p>\n<div>Pell i artesania de qualitat duradora. \u00c9s lleugera, prima, per\u00f2 prou gran per a tot l&#8217;essencial (incl\u00f2s un iPad o un port\u00e0til m\u00e9s petit).<\/div>\n<div>Tamb\u00e9 \u00e9s molt vers\u00e0til, pot ser elegant o m\u00e9s esportiva, depenent del teu conjunt \ud83d\ude42<\/div>\n<div>Pot portar tot l&#8217;essencial i mai passa de moda!<\/div>\n<\/div>\n<div>La pell \u00e9s robusta, per\u00f2 suau; la pintura a la bossa \u00e9s resistent i vibrant; l&#8217;atenci\u00f3 al detall \u00e9s fant\u00e0stica.<\/div>","protected":false},"featured_media":5350,"template":"","meta":[],"product_brand":[],"product_cat":[246,247],"product_tag":[],"class_list":{"0":"post-12564","1":"product","2":"type-product","3":"status-publish","4":"has-post-thumbnail","6":"product_cat-bosses-de-pell","7":"product_cat-bosses-pintats","9":"first","10":"instock","11":"shipping-taxable","12":"purchasable","13":"product-type-simple"},"booking_location":null,"booking_location_type":null,"booking_duration":null,"booking_duration_unit":null,"booking_buffer":null,"booking_cost":null,"booking_resources":null,"_links":{"self":[{"href":"https:\/\/rossymina.cat\/fr\/wp-json\/wp\/v2\/product\/12564","targetHints":{"allow":["GET"]}}],"collection":[{"href":"https:\/\/rossymina.cat\/fr\/wp-json\/wp\/v2\/product"}],"about":[{"href":"https:\/\/rossymina.cat\/fr\/wp-json\/wp\/v2\/types\/product"}],"wp:featuredmedia":[{"embeddable":true,"href":"https:\/\/rossymina.cat\/fr\/wp-json\/wp\/v2\/media\/5350"}],"wp:attachment":[{"href":"https:\/\/rossymina.cat\/fr\/wp-json\/wp\/v2\/media?parent=12564"}],"wp:term":[{"taxonomy":"product_brand","embeddable":true,"href":"https:\/\/rossymina.cat\/fr\/wp-json\/wp\/v2\/product_brand?post=12564"},{"taxonomy":"product_cat","embeddable":true,"href":"https:\/\/rossymina.cat\/fr\/wp-json\/wp\/v2\/product_cat?post=12564"},{"taxonomy":"product_tag","embeddable":true,"href":"https:\/\/rossymina.cat\/fr\/wp-json\/wp\/v2\/product_tag?post=12564"}],"curies":[{"name":"wp","href":"https:\/\/api.w.org\/{rel}","templated":true}]}}