{"id":12571,"date":"2025-12-01T19:07:54","date_gmt":"2025-12-01T19:07:54","guid":{"rendered":"https:\/\/rossymina.cat\/producto\/arracades-bereber-amb-mini-borles\/"},"modified":"2026-01-13T21:14:36","modified_gmt":"2026-01-13T21:14:36","slug":"boucles-doreilles-berberes-a-mini-pompons","status":"publish","type":"product","link":"https:\/\/rossymina.cat\/fr\/boucles-doreilles-berberes-a-mini-pompons\/","title":{"rendered":"Boucles d&#039;oreilles berb\u00e8res \u00e0 mini pompons"},"content":{"rendered":"<p>Boucles d&#039;oreilles style berb\u00e8re \u2013 style ethnique \u2013 boucles d&#039;oreilles en cuir peint \u2013 boucles d&#039;oreilles boh\u00e8mes \u2013 boucles d&#039;oreilles de mari\u00e9e \u2013 boucles d&#039;oreilles color\u00e9es \u2013 boucles d&#039;oreilles \u00e0 clip<\/p>","protected":false},"excerpt":{"rendered":"<p>Boucles d&#039;oreilles style berb\u00e8re \u2013 style ethnique \u2013 boucles d&#039;oreilles en cuir peint \u2013 boucles d&#039;oreilles boh\u00e8mes \u2013 boucles d&#039;oreilles de mari\u00e9e \u2013 boucles d&#039;oreilles color\u00e9es \u2013 boucles d&#039;oreilles \u00e0 clip<\/p>","protected":false},"featured_media":8713,"template":"","meta":[],"product_brand":[],"product_cat":[251],"product_tag":[],"class_list":{"0":"post-12571","1":"product","2":"type-product","3":"status-publish","4":"has-post-thumbnail","6":"product_cat-joieria","7":"pa_color-marro","8":"pa_color-negre","9":"pa_color-taronja","10":"pa_color-turquesa","12":"first","13":"instock","14":"shipping-taxable","15":"purchasable","16":"product-type-variable"},"booking_location":null,"booking_location_type":null,"booking_duration":null,"booking_duration_unit":null,"booking_buffer":null,"booking_cost":null,"booking_resources":null,"_links":{"self":[{"href":"https:\/\/rossymina.cat\/fr\/wp-json\/wp\/v2\/product\/12571","targetHints":{"allow":["GET"]}}],"collection":[{"href":"https:\/\/rossymina.cat\/fr\/wp-json\/wp\/v2\/product"}],"about":[{"href":"https:\/\/rossymina.cat\/fr\/wp-json\/wp\/v2\/types\/product"}],"wp:featuredmedia":[{"embeddable":true,"href":"https:\/\/rossymina.cat\/fr\/wp-json\/wp\/v2\/media\/8713"}],"wp:attachment":[{"href":"https:\/\/rossymina.cat\/fr\/wp-json\/wp\/v2\/media?parent=12571"}],"wp:term":[{"taxonomy":"product_brand","embeddable":true,"href":"https:\/\/rossymina.cat\/fr\/wp-json\/wp\/v2\/product_brand?post=12571"},{"taxonomy":"product_cat","embeddable":true,"href":"https:\/\/rossymina.cat\/fr\/wp-json\/wp\/v2\/product_cat?post=12571"},{"taxonomy":"product_tag","embeddable":true,"href":"https:\/\/rossymina.cat\/fr\/wp-json\/wp\/v2\/product_tag?post=12571"}],"curies":[{"name":"wp","href":"https:\/\/api.w.org\/{rel}","templated":true}]}}