{"id":12576,"date":"2025-12-01T19:07:54","date_gmt":"2025-12-01T19:07:54","guid":{"rendered":"https:\/\/rossymina.cat\/producto\/bossa-de-pell-blanca-amb-flors\/"},"modified":"2026-05-05T13:27:56","modified_gmt":"2026-05-05T13:27:56","slug":"bossa-de-pell-blanca-amb-flors","status":"publish","type":"product","link":"https:\/\/rossymina.cat\/fr\/bossa-de-pell-blanca-amb-flors\/","title":{"rendered":"Sac en cuir blanc \u00e0 fleurs"},"content":{"rendered":"<h1>Bossa de pell blanca pintada amb flors<\/h1>\n<p>Aquesta bossa bandolera \u00fanica en color blanc nupcial amb disseny floral est\u00e0 feta completament a m\u00e0 amb pell de vaca espanyola de la millor qualitat. La bossa de pell \u00e9s molt lleugera i t\u00e9 un tacte suau i llis.<\/p>\n<p>Dissenyem i pintem a m\u00e0 els nostres productes seleccionant acuradament la pell i cada pe\u00e7a \u00e9s \u00fanica i especial. Utilitzem colors de pell vibrants i resistents que combinen amb les pedres naturals que utilitzem, que s\u00f3n la pedra d&#8217;ull de tigre, l&#8217;ametista i els corals.<\/p>\n<p>Dissenyem i pintem a m\u00e0 els nostres productes seleccionant acuradament la pell i cada pe\u00e7a \u00e9s \u00fanica i especial. Utilitzem colors de pell vibrants i resistents i decorada amb penjolls de pedres naturals.<\/p>\n<p>\u00c9s la MIDA perfecta de la bossa de 25 cm d&#8217;amplada \/ 19 cm d&#8217;al\u00e7ada (25 cm \/ 19 cm), prou gran per a tots els vostres elements essencials (hi cap un port\u00e0til, tel\u00e8fon, cartera, diners, claus). \u00c9s una gran opci\u00f3 per a qualsevol ocasi\u00f3, elegant o informal. La corretja \u00e9s ajustable, prou llarga per portar la bossa creuada o curta com a bossa de m\u00e0.<br \/>\nEl folre \u00e9s 100% cot\u00f3 i t\u00e9 una butxaca interior de 15 cm d&#8217;amplada\/11 cm d&#8217;al\u00e7ada (15 cm) amb cremallera, prou gran per al tel\u00e8fon o la cartera.<\/p>\n<p>Consulta altres colors disponibles <a href=\"https:\/\/rossymina.com\/shop\/bags\/handpainted-bags\/everyday-leather-bag-with-painted-flowers\/\" target=\"_blank\" rel=\"noopener\">aqu\u00ed.<\/a><\/p>\n<p>i s&#8217;adapta als gustos i tend\u00e8ncies m\u00e9s exigents.<\/p>\n<p>\u2022 Pintat a m\u00e0 amb colors especials resistents<br \/>\n\u2022 Pell espanyola i italiana de la millor qualitat.<\/p>","protected":false},"excerpt":{"rendered":"<p>Aquesta bossa bandolera \u00fanica en color blanc nupcial amb disseny floral est\u00e0 feta completament a m\u00e0 amb pell de vaca espanyola de la millor qualitat. La bossa de pell \u00e9s molt lleugera i suau i llisa al tacte.<\/p>","protected":false},"featured_media":3336,"template":"","meta":[],"product_brand":[],"product_cat":[246,247],"product_tag":[255,259,277,280,279,278],"class_list":{"0":"post-12576","1":"product","2":"type-product","3":"status-publish","4":"has-post-thumbnail","6":"product_cat-bosses-de-pell","7":"product_cat-bosses-pintats","8":"product_tag-cuir-pintat-a-ma","9":"product_tag-flors-mexicanes","10":"product_tag-blanc-de-nuvia","11":"product_tag-bossa-blanca-de-casament","12":"product_tag-bossa-de-cuir-de-casament","13":"product_tag-bossa-de-nuvia","15":"first","16":"instock","17":"shipping-taxable","18":"purchasable","19":"product-type-simple"},"booking_location":null,"booking_location_type":null,"booking_duration":null,"booking_duration_unit":null,"booking_buffer":null,"booking_cost":null,"booking_resources":null,"_links":{"self":[{"href":"https:\/\/rossymina.cat\/fr\/wp-json\/wp\/v2\/product\/12576","targetHints":{"allow":["GET"]}}],"collection":[{"href":"https:\/\/rossymina.cat\/fr\/wp-json\/wp\/v2\/product"}],"about":[{"href":"https:\/\/rossymina.cat\/fr\/wp-json\/wp\/v2\/types\/product"}],"wp:featuredmedia":[{"embeddable":true,"href":"https:\/\/rossymina.cat\/fr\/wp-json\/wp\/v2\/media\/3336"}],"wp:attachment":[{"href":"https:\/\/rossymina.cat\/fr\/wp-json\/wp\/v2\/media?parent=12576"}],"wp:term":[{"taxonomy":"product_brand","embeddable":true,"href":"https:\/\/rossymina.cat\/fr\/wp-json\/wp\/v2\/product_brand?post=12576"},{"taxonomy":"product_cat","embeddable":true,"href":"https:\/\/rossymina.cat\/fr\/wp-json\/wp\/v2\/product_cat?post=12576"},{"taxonomy":"product_tag","embeddable":true,"href":"https:\/\/rossymina.cat\/fr\/wp-json\/wp\/v2\/product_tag?post=12576"}],"curies":[{"name":"wp","href":"https:\/\/api.w.org\/{rel}","templated":true}]}}