{"id":12578,"date":"2025-12-01T19:07:54","date_gmt":"2025-12-01T19:07:54","guid":{"rendered":"https:\/\/rossymina.cat\/producto\/bossa-de-pell-marro-amb-libel%c2%b7lules\/"},"modified":"2026-05-05T13:31:50","modified_gmt":"2026-05-05T13:31:50","slug":"bossa-de-pell-marro-amb-libel%c2%b7lules","status":"publish","type":"product","link":"https:\/\/rossymina.cat\/fr\/bossa-de-pell-marro-amb-libel%c2%b7lules\/","title":{"rendered":"Sac en cuir marron avec des libellules"},"content":{"rendered":"<p>Aquesta bossa bandolera \u00fanica en un intens color marr\u00f3 xocolata amb un disseny de lib\u00e8l\u00b7lula est\u00e0 feta completament a m\u00e0 amb pell de vaca espanyola de la millor qualitat. \u00c9s molt lleugera i suau i llisa al tacte.<br \/>\nDissenyem i pintem a m\u00e0 els nostres productes seleccionant acuradament la pell i cada pe\u00e7a \u00e9s \u00fanica i especial. Utilitzem colors de pell vibrants i resistents i decorada amb pedres naturals com l&#8217;ull de tigre, l&#8217;ametista i els corals.<br \/>\n\u00c9s la MIDA perfecta de la bossa, amb una amplada de 25 cm \/ 19 cm d&#8217;al\u00e7ada, prou gran per a tots els vostres objectes essencials (hi cap un port\u00e0til, un tel\u00e8fon, una cartera, diners, claus i m\u00e9s) i \u00e9s una gran opci\u00f3 per a qualsevol ocasi\u00f3, elegant o informal.<\/p>\n<p>La corretja \u00e9s ajustable, prou llarga per portar la bossa creuada o curta com a bossa de m\u00e0.<br \/>\nEl folre \u00e9s 100% cot\u00f3 i t\u00e9 una butxaca interior amb cremallera, prou gran per cabre el tel\u00e8fon o la cartera.<br \/>\nEst\u00e0 disponible en diversos colors que s&#8217;adapten als gustos i tend\u00e8ncies m\u00e9s exigents.<\/p>\n<p>DETALLS<\/p>\n<p>\u2022 Pintat a m\u00e0 amb colors especials resistents<br \/>\n\u2022 Pell espanyola i italiana de la millor qualitat<br \/>\n\u2022 F\u00e0cil de netejar i resistent a l&#8217;aigua<br \/>\n\u2022 Segur amb cremallera<br \/>\n\u2022 Corretja de pell duradora amb ferramentes de llaut\u00f3 d&#8217;alta qualitat<br \/>\n\u2022 Butxaca interior<\/p>\n<p>Tamb\u00e9 disponible en una mida m\u00e9s gran de 30 cm d&#8217;amplada \/ 20 cm d&#8217;al\u00e7ada (30 cm \/ 21 cm)<\/p>\n<p>Butxaca interior:<br \/>\n15 cm d&#8217;amplada \/ 11 cm d&#8217;al\u00e7ada (15 cm \/ 11 cm)<\/p>","protected":false},"excerpt":{"rendered":"<p>Aquesta bossa bandolera \u00fanica en un intens color marr\u00f3 xocolata amb un disseny de lib\u00e8l\u00b7lula est\u00e0 feta completament a m\u00e0 amb la pell de vaca espanyola de la millor qualitat. \u00c9s molt lleugera i suau i llisa al tacte.<\/p>","protected":false},"featured_media":6907,"template":"","meta":[],"product_brand":[],"product_cat":[246,247],"product_tag":[255,281,282],"class_list":{"0":"post-12578","1":"product","2":"type-product","3":"status-publish","4":"has-post-thumbnail","6":"product_cat-bosses-de-pell","7":"product_cat-bosses-pintats","8":"product_tag-cuir-pintat-a-ma","9":"product_tag-bossa-de-cuir-marro","10":"product_tag-libellules-pintades-a-ma","12":"first","13":"instock","14":"shipping-taxable","15":"purchasable","16":"product-type-simple"},"booking_location":null,"booking_location_type":null,"booking_duration":null,"booking_duration_unit":null,"booking_buffer":null,"booking_cost":null,"booking_resources":null,"_links":{"self":[{"href":"https:\/\/rossymina.cat\/fr\/wp-json\/wp\/v2\/product\/12578","targetHints":{"allow":["GET"]}}],"collection":[{"href":"https:\/\/rossymina.cat\/fr\/wp-json\/wp\/v2\/product"}],"about":[{"href":"https:\/\/rossymina.cat\/fr\/wp-json\/wp\/v2\/types\/product"}],"wp:featuredmedia":[{"embeddable":true,"href":"https:\/\/rossymina.cat\/fr\/wp-json\/wp\/v2\/media\/6907"}],"wp:attachment":[{"href":"https:\/\/rossymina.cat\/fr\/wp-json\/wp\/v2\/media?parent=12578"}],"wp:term":[{"taxonomy":"product_brand","embeddable":true,"href":"https:\/\/rossymina.cat\/fr\/wp-json\/wp\/v2\/product_brand?post=12578"},{"taxonomy":"product_cat","embeddable":true,"href":"https:\/\/rossymina.cat\/fr\/wp-json\/wp\/v2\/product_cat?post=12578"},{"taxonomy":"product_tag","embeddable":true,"href":"https:\/\/rossymina.cat\/fr\/wp-json\/wp\/v2\/product_tag?post=12578"}],"curies":[{"name":"wp","href":"https:\/\/api.w.org\/{rel}","templated":true}]}}