{"id":12586,"date":"2025-12-01T19:07:58","date_gmt":"2025-12-01T19:07:58","guid":{"rendered":"https:\/\/rossymina.cat\/producto\/ronyonera-de-pell-de-color-marro-clar\/"},"modified":"2026-01-13T21:14:38","modified_gmt":"2026-01-13T21:14:38","slug":"ronyonera-de-pell-de-color-marro-clar","status":"publish","type":"product","link":"https:\/\/rossymina.cat\/fr\/ronyonera-de-pell-de-color-marro-clar\/","title":{"rendered":"Ronyonera de pell de color marr\u00f3 clar"},"content":{"rendered":"<h1>Ronyona de pell Rossymina en color marr\u00f3 clar<\/h1>\n<p><iframe title=\"Rossymina fannypack tan\" width=\"800\" height=\"450\" data-src=\"https:\/\/www.youtube.com\/embed\/PLKjV_Smr58?feature=oembed\" frameborder=\"0\" allow=\"accelerometer; autoplay; clipboard-write; encrypted-media; gyroscope; picture-in-picture; web-share\" referrerpolicy=\"strict-origin-when-cross-origin\" allowfullscreen src=\"data:image\/svg+xml;base64,PHN2ZyB3aWR0aD0iMSIgaGVpZ2h0PSIxIiB4bWxucz0iaHR0cDovL3d3dy53My5vcmcvMjAwMC9zdmciPjwvc3ZnPg==\" class=\"lazyload\" data-load-mode=\"1\"><\/iframe><\/p>\n<p>Ronyona de pell, bossa de cintura, bossa de cintura, bossa de cintura feta de pell 100% aut\u00e8ntica d&#8217;It\u00e0lia i Espanya. Aquesta bossa de cintura\/ronyonera de pell t\u00e9 un \u00fanic compartiment que es tanca amb una cremallera YKK met\u00e0l\u00b7lica. Pots portar aquesta ronyonera tant a la cintura com com a bandolera gr\u00e0cies al cintur\u00f3 ajustable. T\u00e9 prou espai a l&#8217;interior per als teus petits objectes essencials com ara claus, un tel\u00e8fon m\u00f2bil, una cartera i els teus cosm\u00e8tics.<\/p>\n<p>El cintur\u00f3 s&#8217;obre i es tanca c\u00f2modament amb un mosquet\u00f3.<\/p>\n<p>Cada ronyonera est\u00e0 feta a m\u00e0 per garantir l&#8217;eleg\u00e0ncia i la durabilitat.<br \/>\nLa pell aut\u00e8ntica de vaca pot presentar petites imperfeccions i variacions de color a causa de la naturalesa del material. Aix\u00f2 afegeix singularitat a cada article.<br \/>\nLa pell \u00e9s un material noble, flexible, transpirable i resistent. Madura meravellosament.<\/p>\n<p>GUIA DE TALLES<\/p>\n<p>Longitud: 23 cm o 9&#8243;<br \/>\nAl\u00e7ada: 14 cm o 5&#8243; 1\/2<br \/>\nAmplada: 4 cm o 1&#8243; 1\/2<br \/>\nLa longitud de la corretja s&#8217;ajusta a la mida del maluc des de 70 cm o 27&#8243; 1\/2 (la m\u00e9s curta) fins a 110 cm o 43&#8243; (la m\u00e9s llarga)<\/p>\n<p>Feu-nos saber si necessiteu una mida especial i l&#8217;adaptarem.<\/p>","protected":false},"excerpt":{"rendered":"<p>Ronyonera de color marr\u00f3 clar<\/p>","protected":false},"featured_media":8828,"template":"","meta":[],"product_brand":[],"product_cat":[260],"product_tag":[],"class_list":{"0":"post-12586","1":"product","2":"type-product","3":"status-publish","4":"has-post-thumbnail","6":"product_cat-ronyoneres","8":"first","9":"instock","10":"shipping-taxable","11":"purchasable","12":"product-type-simple"},"booking_location":null,"booking_location_type":null,"booking_duration":null,"booking_duration_unit":null,"booking_buffer":null,"booking_cost":null,"booking_resources":null,"_links":{"self":[{"href":"https:\/\/rossymina.cat\/fr\/wp-json\/wp\/v2\/product\/12586","targetHints":{"allow":["GET"]}}],"collection":[{"href":"https:\/\/rossymina.cat\/fr\/wp-json\/wp\/v2\/product"}],"about":[{"href":"https:\/\/rossymina.cat\/fr\/wp-json\/wp\/v2\/types\/product"}],"wp:featuredmedia":[{"embeddable":true,"href":"https:\/\/rossymina.cat\/fr\/wp-json\/wp\/v2\/media\/8828"}],"wp:attachment":[{"href":"https:\/\/rossymina.cat\/fr\/wp-json\/wp\/v2\/media?parent=12586"}],"wp:term":[{"taxonomy":"product_brand","embeddable":true,"href":"https:\/\/rossymina.cat\/fr\/wp-json\/wp\/v2\/product_brand?post=12586"},{"taxonomy":"product_cat","embeddable":true,"href":"https:\/\/rossymina.cat\/fr\/wp-json\/wp\/v2\/product_cat?post=12586"},{"taxonomy":"product_tag","embeddable":true,"href":"https:\/\/rossymina.cat\/fr\/wp-json\/wp\/v2\/product_tag?post=12586"}],"curies":[{"name":"wp","href":"https:\/\/api.w.org\/{rel}","templated":true}]}}