{"id":12587,"date":"2025-12-01T19:07:58","date_gmt":"2025-12-01T19:07:58","guid":{"rendered":"https:\/\/rossymina.cat\/producto\/cartera-de-pell-l\/"},"modified":"2026-01-13T21:15:32","modified_gmt":"2026-01-13T21:15:32","slug":"cartera-de-pell-l","status":"publish","type":"product","link":"https:\/\/rossymina.cat\/fr\/cartera-de-pell-l\/","title":{"rendered":"Portefeuille en cuir"},"content":{"rendered":"<blockquote><p>Aquesta cartera de cuir unisex \u00e9s el protector de diners essencial per al dia a dia que necessites. \u00c9s lleugera i prima i alhora funcional i minimalista. La pell de vaca que fem servir \u00e9s pell genu\u00efna, adobada naturalment i t\u00e9 un tacte suau i agradable. Seleccionem i escollim acuradament cada combinaci\u00f3 de colors per crear una pe\u00e7a \u00fanica perqu\u00e8 gaudeixis del teu accessori de cuir fet a m\u00e0. A l&#8217;interior trobar\u00e0s tres ranures per a targetes, una secci\u00f3 per a bitllets o bitllets i un compartiment amb cremallera per a monedes. El bot\u00f3 de pressi\u00f3 \u00e9s per a la seguretat i la comoditat.<\/p>\n<p>Un regal o una compra perfectes que mantindran les teves pertinences segures i organitzades.<\/p>\n<p>DIMENSIONS<\/p>\n<p>Una vegada oberta, mesura 20 x 10 cm o 8&#8243;x 4&#8243;<\/p>\n<p>Una vegada tancada, mesura 10 x 10 cm o 4&#8243;x 4&#8243;<\/p>\n<p>3 ranures per a targetes<\/p>\n<p>Compartiment amb cremallera per a monedes<\/p>\n<p>Butxaca gran per a bitllets<\/p>\n<p>Bot\u00f3 de pressi\u00f3 per a tancament de seguretat, tamb\u00e9 oferim aquesta cartera sense bot\u00f3<\/p><\/blockquote>","protected":false},"excerpt":{"rendered":"<p>cartera unisex<\/p>","protected":false},"featured_media":8217,"template":"","meta":[],"product_brand":[],"product_cat":[272],"product_tag":[],"class_list":{"0":"post-12587","1":"product","2":"type-product","3":"status-publish","4":"has-post-thumbnail","6":"product_cat-carteres-i-targeters","7":"pa_color-blau","8":"pa_color-blau-verdos","9":"pa_color-bronzejat","10":"pa_color-groc","11":"pa_color-marro","12":"pa_color-negre","13":"pa_color-taronja","14":"pa_color-verd","15":"pa_color-vermell","16":"pa_color-vi","18":"first","19":"instock","20":"shipping-taxable","21":"purchasable","22":"product-type-variable"},"booking_location":null,"booking_location_type":null,"booking_duration":null,"booking_duration_unit":null,"booking_buffer":null,"booking_cost":null,"booking_resources":null,"_links":{"self":[{"href":"https:\/\/rossymina.cat\/fr\/wp-json\/wp\/v2\/product\/12587","targetHints":{"allow":["GET"]}}],"collection":[{"href":"https:\/\/rossymina.cat\/fr\/wp-json\/wp\/v2\/product"}],"about":[{"href":"https:\/\/rossymina.cat\/fr\/wp-json\/wp\/v2\/types\/product"}],"wp:featuredmedia":[{"embeddable":true,"href":"https:\/\/rossymina.cat\/fr\/wp-json\/wp\/v2\/media\/8217"}],"wp:attachment":[{"href":"https:\/\/rossymina.cat\/fr\/wp-json\/wp\/v2\/media?parent=12587"}],"wp:term":[{"taxonomy":"product_brand","embeddable":true,"href":"https:\/\/rossymina.cat\/fr\/wp-json\/wp\/v2\/product_brand?post=12587"},{"taxonomy":"product_cat","embeddable":true,"href":"https:\/\/rossymina.cat\/fr\/wp-json\/wp\/v2\/product_cat?post=12587"},{"taxonomy":"product_tag","embeddable":true,"href":"https:\/\/rossymina.cat\/fr\/wp-json\/wp\/v2\/product_tag?post=12587"}],"curies":[{"name":"wp","href":"https:\/\/api.w.org\/{rel}","templated":true}]}}