{"id":12591,"date":"2025-12-01T19:07:58","date_gmt":"2025-12-01T19:07:58","guid":{"rendered":"https:\/\/rossymina.cat\/producto\/cartera-compacta-de-pell-s\/"},"modified":"2026-01-13T21:14:39","modified_gmt":"2026-01-13T21:14:39","slug":"cartera-compacta-de-pell-s","status":"publish","type":"product","link":"https:\/\/rossymina.cat\/fr\/cartera-compacta-de-pell-s\/","title":{"rendered":"Portefeuille compact en cuir"},"content":{"rendered":"<blockquote><p>Aquesta cartera compacta de pell petita t\u00e9 capacitat per a monedes, targetes i bitllets, per\u00f2 els mant\u00e9 junts de manera segura i es mant\u00e9 compacta. La cartera Barcelona \u00e9s lleugera i prima, i alhora funcional i minimalista. La pell de vaca que fem servir \u00e9s pell aut\u00e8ntica, adobada naturalment i t\u00e9 un tacte suau i agradable. Seleccionem i escollim acuradament cada combinaci\u00f3 de colors per crear una pe\u00e7a \u00fanica perqu\u00e8 gaudiu de la vostra pell feta a m\u00e0. A l&#8217;interior trobareu 2 compartiments o ranures per a targetes, una secci\u00f3 per a bitllets i un compartiment per a monedes amb cremallera. El bot\u00f3 de pressi\u00f3 \u00e9s per a la seguretat i la comoditat.<\/p>\n<p>Anomeneu-la com vulgueu: cartera, moneder o portamonedes, les vostres targetes i bitllets estaran segurs i ajustats.<\/p>\n<p>DIMENSIONS<\/p>\n<p>Una vegada oberta, fa 15 x 10 cm o 7&#8243;x 4&#8243;<\/p>\n<p>Una vegada tancada, fa 10 per 7 cm o 4&#8243;x 2,5&#8243;<\/p>\n<p>2 ranures per a targetes<\/p>\n<p>compartiment amb cremallera per a monedes<\/p>\n<p>butxaca per a bitllets<\/p>\n<p>bot\u00f3 de pressi\u00f3 per a tancament de seguretat<\/p><\/blockquote>","protected":false},"excerpt":{"rendered":"<p>Organitzador de cartera compacte<\/p>","protected":false},"featured_media":8801,"template":"","meta":[],"product_brand":[],"product_cat":[272],"product_tag":[],"class_list":{"0":"post-12591","1":"product","2":"type-product","3":"status-publish","4":"has-post-thumbnail","6":"product_cat-carteres-i-targeters","7":"pa_color-bronzejat","8":"pa_color-groc","9":"pa_color-la-teva-eleccio-de-colors","10":"pa_color-negre","11":"pa_color-turquesa","13":"first","14":"instock","15":"shipping-taxable","16":"purchasable","17":"product-type-variable"},"booking_location":null,"booking_location_type":null,"booking_duration":null,"booking_duration_unit":null,"booking_buffer":null,"booking_cost":null,"booking_resources":null,"_links":{"self":[{"href":"https:\/\/rossymina.cat\/fr\/wp-json\/wp\/v2\/product\/12591","targetHints":{"allow":["GET"]}}],"collection":[{"href":"https:\/\/rossymina.cat\/fr\/wp-json\/wp\/v2\/product"}],"about":[{"href":"https:\/\/rossymina.cat\/fr\/wp-json\/wp\/v2\/types\/product"}],"wp:featuredmedia":[{"embeddable":true,"href":"https:\/\/rossymina.cat\/fr\/wp-json\/wp\/v2\/media\/8801"}],"wp:attachment":[{"href":"https:\/\/rossymina.cat\/fr\/wp-json\/wp\/v2\/media?parent=12591"}],"wp:term":[{"taxonomy":"product_brand","embeddable":true,"href":"https:\/\/rossymina.cat\/fr\/wp-json\/wp\/v2\/product_brand?post=12591"},{"taxonomy":"product_cat","embeddable":true,"href":"https:\/\/rossymina.cat\/fr\/wp-json\/wp\/v2\/product_cat?post=12591"},{"taxonomy":"product_tag","embeddable":true,"href":"https:\/\/rossymina.cat\/fr\/wp-json\/wp\/v2\/product_tag?post=12591"}],"curies":[{"name":"wp","href":"https:\/\/api.w.org\/{rel}","templated":true}]}}