{"id":12607,"date":"2025-12-01T19:08:06","date_gmt":"2025-12-01T19:08:06","guid":{"rendered":"https:\/\/rossymina.cat\/producto\/ronyonera-de-pell-vermella\/"},"modified":"2026-01-13T21:14:41","modified_gmt":"2026-01-13T21:14:41","slug":"ronyonera-de-pell-vermella","status":"publish","type":"product","link":"https:\/\/rossymina.cat\/fr\/ronyonera-de-pell-vermella\/","title":{"rendered":"Ronyonera de pell vermella"},"content":{"rendered":"<blockquote><p>Ronyonera\/ronyonera\/bossa de cintura de cuir feta de cuir 100% aut\u00e8ntic\/aut\u00e8ntic d&#8217;It\u00e0lia i Espanya. Aquesta ronyonera\/bossa de cintura de cuir t\u00e9 un \u00fanic compartiment que es tanca amb una cremallera met\u00e0l\u00b7lica YKK. Pots portar aquesta ronyonera tant a la cintura com com a bandolera gr\u00e0cies al cintur\u00f3 ajustable. T\u00e9 prou espai a l&#8217;interior per als teus petits objectes essencials com ara claus, un tel\u00e8fon m\u00f2bil, una cartera i els teus cosm\u00e8tics.<br \/>\nS&#8217;obre i es tanca c\u00f2modament amb un mosquet\u00f3.<\/p>\n<p>Cada bossa est\u00e0 feta a m\u00e0 per garantir l&#8217;eleg\u00e0ncia i la durabilitat.<br \/>\nEl cuir aut\u00e8ntic de pell de vaca pot presentar petites imperfeccions i variacions de color a causa de la naturalesa del material. Aix\u00f2 afegeix singularitat a cada article.<br \/>\nEl cuir \u00e9s un material noble, flexible, transpirable i resistent. Madura meravellosament.<\/p>\n<p>GUIA DE TALLES<\/p>\n<p>Longitud: 22 cm o 8 polzades<br \/>\nAl\u00e7ada: 13 cm o 5,12 polzades<br \/>\nAmplada: 4 cm o 2 polzades<br \/>\nLongitud de la corretja ajustable de 60 cm o 24 polzades (la m\u00e9s curta amb bossa de 60) a 120 cm o 45 polzades (la m\u00e9s llarga)<\/p>\n<p>ronyonera, bossa de cintura, ronyonera<\/p>\n<p>una butxaca, corretja ajustable<\/p>","protected":false},"excerpt":{"rendered":"<p>Ronyonera\/ronyonera\/bossa de cintura de cuir feta de cuir 100% aut\u00e8ntic\/aut\u00e8ntic d&#8217;It\u00e0lia i Espanya. Aquesta ronyonera\/bossa de cintura de cuir t\u00e9 un \u00fanic compartiment que es tanca amb una cremallera met\u00e0l\u00b7lica YKK. Pots portar aquesta ronyonera tant a la cintura com com a bandolera gr\u00e0cies al cintur\u00f3 ajustable. T\u00e9 prou espai a l&#8217;interior per als teus [&hellip;]<\/p>\n","protected":false},"featured_media":8825,"template":"","meta":[],"product_brand":[],"product_cat":[260],"product_tag":[],"class_list":{"0":"post-12607","1":"product","2":"type-product","3":"status-publish","4":"has-post-thumbnail","6":"product_cat-ronyoneres","8":"first","9":"instock","10":"shipping-taxable","11":"purchasable","12":"product-type-simple"},"booking_location":null,"booking_location_type":null,"booking_duration":null,"booking_duration_unit":null,"booking_buffer":null,"booking_cost":null,"booking_resources":null,"_links":{"self":[{"href":"https:\/\/rossymina.cat\/fr\/wp-json\/wp\/v2\/product\/12607","targetHints":{"allow":["GET"]}}],"collection":[{"href":"https:\/\/rossymina.cat\/fr\/wp-json\/wp\/v2\/product"}],"about":[{"href":"https:\/\/rossymina.cat\/fr\/wp-json\/wp\/v2\/types\/product"}],"wp:featuredmedia":[{"embeddable":true,"href":"https:\/\/rossymina.cat\/fr\/wp-json\/wp\/v2\/media\/8825"}],"wp:attachment":[{"href":"https:\/\/rossymina.cat\/fr\/wp-json\/wp\/v2\/media?parent=12607"}],"wp:term":[{"taxonomy":"product_brand","embeddable":true,"href":"https:\/\/rossymina.cat\/fr\/wp-json\/wp\/v2\/product_brand?post=12607"},{"taxonomy":"product_cat","embeddable":true,"href":"https:\/\/rossymina.cat\/fr\/wp-json\/wp\/v2\/product_cat?post=12607"},{"taxonomy":"product_tag","embeddable":true,"href":"https:\/\/rossymina.cat\/fr\/wp-json\/wp\/v2\/product_tag?post=12607"}],"curies":[{"name":"wp","href":"https:\/\/api.w.org\/{rel}","templated":true}]}}