{"id":12609,"date":"2025-12-01T19:08:06","date_gmt":"2025-12-01T19:08:06","guid":{"rendered":"https:\/\/rossymina.cat\/producto\/ronyonera-de-pell-negra\/"},"modified":"2026-01-13T21:14:41","modified_gmt":"2026-01-13T21:14:41","slug":"ronyonera-de-pell-negra","status":"publish","type":"product","link":"https:\/\/rossymina.cat\/fr\/ronyonera-de-pell-negra\/","title":{"rendered":"Ronyonera de pell negra"},"content":{"rendered":"<blockquote><p>Ronyonera de cuir, bossa de cintura, bossa de cintura, bossa de cintura de cuir feta de cuir 100% aut\u00e8ntic\/aut\u00e8ntic d&#8217;It\u00e0lia i Espanya. Aquesta bossa de cintura\/ronyonera de cuir t\u00e9 un \u00fanic compartiment que es tanca amb una cremallera met\u00e0l\u00b7lica YKK. Pots portar aquesta ronyonera tant a la cintura com com a bandolera gr\u00e0cies al cintur\u00f3 ajustable. T\u00e9 prou espai a l&#8217;interior per als teus petits objectes essencials com ara claus, un tel\u00e8fon m\u00f2bil, una cartera i els teus cosm\u00e8tics.<\/p>\n<p>El cintur\u00f3 s&#8217;obre i es tanca c\u00f2modament amb un mosquet\u00f3.<\/p>\n<p>Cada ronyonera est\u00e0 feta a m\u00e0 per garantir l&#8217;eleg\u00e0ncia i la durabilitat.<br \/>\nEl cuir aut\u00e8ntic de pell de vaca pot presentar petites imperfeccions i variacions de color a causa de la naturalesa del material. Aix\u00f2 afegeix singularitat a cada article.<br \/>\nEl cuir \u00e9s un material noble, flexible, transpirable i resistent. Madura meravellosament.<\/p>\n<p>GUIA DE TALLES<\/p>\n<p>Longitud: 23 cm o 9&#8243;<br \/>\nAl\u00e7ada: 14 cm o 5&#8243; 1\/2<br \/>\nAmplada: 4 cm o 1&#8243; 1\/2<br \/>\nLa longitud de la corretja s&#8217;ajusta a la mida del maluc des de 70 cm o 27&#8243; 1\/2 (la m\u00e9s curta) fins a 110 cm o 43&#8243; (la m\u00e9s llarga)<\/p>\n<p>Feu-nos saber si necessiteu una mida especial i l&#8217;adaptarem.<\/p><\/blockquote>","protected":false},"excerpt":{"rendered":"<p>Ronyonera de cuir, bossa de cintura, bossa de cintura, bossa de cintura de cuir feta de cuir 100% aut\u00e8ntic\/aut\u00e8ntic d&#8217;It\u00e0lia i Espanya. Aquesta bossa de cintura\/ronyonera de cuir t\u00e9 un \u00fanic compartiment que es tanca amb una cremallera met\u00e0l\u00b7lica YKK. Pots portar aquesta ronyonera tant a la cintura com com a bandolera gr\u00e0cies al cintur\u00f3 [&hellip;]<\/p>\n","protected":false},"featured_media":8840,"template":"","meta":[],"product_brand":[],"product_cat":[260],"product_tag":[296,256,297,295,265],"class_list":{"0":"post-12609","1":"product","2":"type-product","3":"status-publish","4":"has-post-thumbnail","6":"product_cat-ronyoneres","7":"product_tag-bossa-de-cinturo-de-cuir","8":"product_tag-bossa-de-cuir-negre","9":"product_tag-ronyonera-de-cuir","10":"product_tag-ronyonera-de-cuir-negre","11":"product_tag-ronyonera-feta-a-ma","13":"first","14":"instock","15":"shipping-taxable","16":"purchasable","17":"product-type-simple"},"booking_location":null,"booking_location_type":null,"booking_duration":null,"booking_duration_unit":null,"booking_buffer":null,"booking_cost":null,"booking_resources":null,"_links":{"self":[{"href":"https:\/\/rossymina.cat\/fr\/wp-json\/wp\/v2\/product\/12609","targetHints":{"allow":["GET"]}}],"collection":[{"href":"https:\/\/rossymina.cat\/fr\/wp-json\/wp\/v2\/product"}],"about":[{"href":"https:\/\/rossymina.cat\/fr\/wp-json\/wp\/v2\/types\/product"}],"wp:featuredmedia":[{"embeddable":true,"href":"https:\/\/rossymina.cat\/fr\/wp-json\/wp\/v2\/media\/8840"}],"wp:attachment":[{"href":"https:\/\/rossymina.cat\/fr\/wp-json\/wp\/v2\/media?parent=12609"}],"wp:term":[{"taxonomy":"product_brand","embeddable":true,"href":"https:\/\/rossymina.cat\/fr\/wp-json\/wp\/v2\/product_brand?post=12609"},{"taxonomy":"product_cat","embeddable":true,"href":"https:\/\/rossymina.cat\/fr\/wp-json\/wp\/v2\/product_cat?post=12609"},{"taxonomy":"product_tag","embeddable":true,"href":"https:\/\/rossymina.cat\/fr\/wp-json\/wp\/v2\/product_tag?post=12609"}],"curies":[{"name":"wp","href":"https:\/\/api.w.org\/{rel}","templated":true}]}}