{"id":12620,"date":"2025-12-01T19:08:06","date_gmt":"2025-12-01T19:08:06","guid":{"rendered":"https:\/\/rossymina.cat\/producto\/bossa-rodona-petita-amb-plomes-de-pao\/"},"modified":"2026-05-05T13:22:07","modified_gmt":"2026-05-05T13:22:07","slug":"bossa-rodona-petita-amb-plomes-de-pao","status":"publish","type":"product","link":"https:\/\/rossymina.cat\/fr\/bossa-rodona-petita-amb-plomes-de-pao\/","title":{"rendered":"Petite sacoche ronde orn\u00e9e de plumes de paon"},"content":{"rendered":"<blockquote><p><span dir=\"auto\" style=\"vertical-align: inherit;\"><span dir=\"auto\" style=\"vertical-align: inherit;\">Ce petit sac rond en cuir est orn\u00e9 d&#8217;un motif de plumes de paon sur un cuir de vachette souple noir, turquoise, beige ou marron. Son design en fait l&#8217;accessoire artistique id\u00e9al au quotidien. L\u00e9ger, ludique et d\u00e9contract\u00e9, il constitue un cadeau parfait pour les jeunes filles et les femmes. Accessoire original et pratique, ce sac bandouli\u00e8re vous accompagnera partout. Son design d\u00e9licat vous offre une agr\u00e9able sensation de libert\u00e9 et vous permet de l&#8217;assortir \u00e0 toutes vos tenues et occasions. Assez spacieux pour contenir votre t\u00e9l\u00e9phone, vos cl\u00e9s et votre portefeuille, il vous permettra de partir en balade, de danser ou de voyager en toute s\u00e9r\u00e9nit\u00e9.<\/span><\/span><\/p>\n<p><span dir=\"auto\" style=\"vertical-align: inherit;\"><span dir=\"auto\" style=\"vertical-align: inherit;\">Con\u00e7u comme un sac minimaliste.<\/span><\/span><\/p>\n<p><span dir=\"auto\" style=\"vertical-align: inherit;\"><span dir=\"auto\" style=\"vertical-align: inherit;\">La bandouli\u00e8re est r\u00e9glable, permettant de porter le sac \u00e0 main ou en bandouli\u00e8re. On peut le porter haut ou bas. On peut m\u00eame l&#8217;enlever et le transformer en pochette courte, par exemple pour un mariage.<\/span><\/span><\/p>\n<p><span dir=\"auto\" style=\"vertical-align: inherit;\"><span dir=\"auto\" style=\"vertical-align: inherit;\">Dimensions : 20 cm x 15 cm<\/span><\/span><\/p>\n<p><span dir=\"auto\" style=\"vertical-align: inherit;\"><span dir=\"auto\" style=\"vertical-align: inherit;\">Largeur de la fermeture \u00e9clair : 15 cm<\/span><\/span><\/p>\n<p><span dir=\"auto\" style=\"vertical-align: inherit;\"><span dir=\"auto\" style=\"vertical-align: inherit;\">Longueur de la sangle : r\u00e9glable de 60 \u00e0 125 cm<\/span><\/span><\/p><\/blockquote>","protected":false},"excerpt":{"rendered":"<p>Ce petit sac rond en cuir est orn\u00e9 d&#8217;un motif de plumes de paon sur un cuir de vachette souple noir, turquoise, beige ou marron. Son design en fait l&#8217;accessoire artistique id\u00e9al au quotidien. L\u00e9ger, ludique et d\u00e9contract\u00e9, il constitue un cadeau parfait pour les jeunes filles et les femmes. Accessoire original et pratique, ce [&hellip;]<\/p>\n","protected":false},"featured_media":3409,"template":"","meta":[],"product_brand":[],"product_cat":[246,247],"product_tag":[255,249],"class_list":{"0":"post-12620","1":"product","2":"type-product","3":"status-publish","4":"has-post-thumbnail","6":"product_cat-bosses-de-pell","7":"product_cat-bosses-pintats","8":"product_tag-cuir-pintat-a-ma","9":"product_tag-plomes-de-pao","10":"pa_color-blanc","11":"pa_color-bronzejat","12":"pa_color-marro","13":"pa_color-mostassa","14":"pa_color-negre","15":"pa_color-turquesa","17":"first","18":"instock","19":"shipping-taxable","20":"purchasable","21":"product-type-variable"},"booking_location":null,"booking_location_type":null,"booking_duration":null,"booking_duration_unit":null,"booking_buffer":null,"booking_cost":null,"booking_resources":null,"_links":{"self":[{"href":"https:\/\/rossymina.cat\/fr\/wp-json\/wp\/v2\/product\/12620","targetHints":{"allow":["GET"]}}],"collection":[{"href":"https:\/\/rossymina.cat\/fr\/wp-json\/wp\/v2\/product"}],"about":[{"href":"https:\/\/rossymina.cat\/fr\/wp-json\/wp\/v2\/types\/product"}],"wp:featuredmedia":[{"embeddable":true,"href":"https:\/\/rossymina.cat\/fr\/wp-json\/wp\/v2\/media\/3409"}],"wp:attachment":[{"href":"https:\/\/rossymina.cat\/fr\/wp-json\/wp\/v2\/media?parent=12620"}],"wp:term":[{"taxonomy":"product_brand","embeddable":true,"href":"https:\/\/rossymina.cat\/fr\/wp-json\/wp\/v2\/product_brand?post=12620"},{"taxonomy":"product_cat","embeddable":true,"href":"https:\/\/rossymina.cat\/fr\/wp-json\/wp\/v2\/product_cat?post=12620"},{"taxonomy":"product_tag","embeddable":true,"href":"https:\/\/rossymina.cat\/fr\/wp-json\/wp\/v2\/product_tag?post=12620"}],"curies":[{"name":"wp","href":"https:\/\/api.w.org\/{rel}","templated":true}]}}