{"id":12627,"date":"2025-12-01T19:08:31","date_gmt":"2025-12-01T19:08:31","guid":{"rendered":"https:\/\/rossymina.cat\/producto\/bossa-rodona-petita-amb-libel%c2%b7lules\/"},"modified":"2026-05-05T13:17:54","modified_gmt":"2026-05-05T13:17:54","slug":"bossa-rodona-petita-amb-libel%c2%b7lules","status":"publish","type":"product","link":"https:\/\/rossymina.cat\/fr\/bossa-rodona-petita-amb-libel%c2%b7lules\/","title":{"rendered":"Petite sacoche ronde avec des libellules"},"content":{"rendered":"<blockquote><p>Aquesta petita bossa rodona de cuir est\u00e0 pintada amb un disseny de lib\u00e8l\u00b7lula sobre pell suau de vaca negra, turquesa o marr\u00f3. El seu disseny la converteix en l&#8217;accessori art\u00edstic perfecte per portar cada dia. \u00c9s lleugera, divertida i informal, cosa que la converteix en un regal ideal per a nenes o dones. \u00c9s un accessori original, per\u00f2 tamb\u00e9 una bossa creuada pr\u00e0ctica. El seu disseny dol\u00e7 li d\u00f3na una agradable sensaci\u00f3 de llibertat i la pots portar amb qualsevol combinaci\u00f3 de colors o ocasi\u00f3. La bossa de m\u00e0 \u00e9s prou gran per portar el tel\u00e8fon, les claus i la cartera, de manera que pots anar a passejar, ballar o viatjar feli\u00e7 amb la teva bossa diferent i \u00fanica.<\/p>\n<p>Dissenyada com una bossa minimalista.<\/p>\n<p>La corretja s&#8217;ajusta de bandolera a bandolera. La pots portar alta i baixa. O fins i tot treure-te-la i tenir-la com a m\u00e0niga curta i portar-la com a bossa de casament.<\/p>\n<p>Dimensions: 20 cm x 15 cm<\/p>\n<p>Ample de la cremallera: 15 cm<\/p>\n<p>Longitud de la corretja: escur\u00e7ada i s&#8217;allarga de: 60 a 125 cm<\/p><\/blockquote>","protected":false},"excerpt":{"rendered":"<p>Aquesta petita bossa rodona de cuir est\u00e0 pintada amb un disseny de lib\u00e8l\u00b7lula sobre pell suau de vaca negra, turquesa o marr\u00f3. El seu disseny la converteix en l&#8217;accessori art\u00edstic perfecte per portar cada dia. \u00c9s lleugera, divertida i informal, cosa que la converteix en un regal ideal per a nenes o dones. \u00c9s un [&hellip;]<\/p>\n","protected":false},"featured_media":8785,"template":"","meta":[],"product_brand":[],"product_cat":[246,247],"product_tag":[],"class_list":{"0":"post-12627","1":"product","2":"type-product","3":"status-publish","4":"has-post-thumbnail","6":"product_cat-bosses-de-pell","7":"product_cat-bosses-pintats","8":"pa_color-marro","9":"pa_color-negre","10":"pa_color-turquesa","12":"first","13":"instock","14":"shipping-taxable","15":"purchasable","16":"product-type-variable"},"booking_location":null,"booking_location_type":null,"booking_duration":null,"booking_duration_unit":null,"booking_buffer":null,"booking_cost":null,"booking_resources":null,"_links":{"self":[{"href":"https:\/\/rossymina.cat\/fr\/wp-json\/wp\/v2\/product\/12627","targetHints":{"allow":["GET"]}}],"collection":[{"href":"https:\/\/rossymina.cat\/fr\/wp-json\/wp\/v2\/product"}],"about":[{"href":"https:\/\/rossymina.cat\/fr\/wp-json\/wp\/v2\/types\/product"}],"wp:featuredmedia":[{"embeddable":true,"href":"https:\/\/rossymina.cat\/fr\/wp-json\/wp\/v2\/media\/8785"}],"wp:attachment":[{"href":"https:\/\/rossymina.cat\/fr\/wp-json\/wp\/v2\/media?parent=12627"}],"wp:term":[{"taxonomy":"product_brand","embeddable":true,"href":"https:\/\/rossymina.cat\/fr\/wp-json\/wp\/v2\/product_brand?post=12627"},{"taxonomy":"product_cat","embeddable":true,"href":"https:\/\/rossymina.cat\/fr\/wp-json\/wp\/v2\/product_cat?post=12627"},{"taxonomy":"product_tag","embeddable":true,"href":"https:\/\/rossymina.cat\/fr\/wp-json\/wp\/v2\/product_tag?post=12627"}],"curies":[{"name":"wp","href":"https:\/\/api.w.org\/{rel}","templated":true}]}}