{"id":12631,"date":"2025-12-01T19:08:31","date_gmt":"2025-12-01T19:08:31","guid":{"rendered":"https:\/\/rossymina.cat\/producto\/bossa-de-pell-negra\/"},"modified":"2026-01-13T21:14:45","modified_gmt":"2026-01-13T21:14:45","slug":"bossa-de-pell-negra","status":"publish","type":"product","link":"https:\/\/rossymina.cat\/fr\/bossa-de-pell-negra\/","title":{"rendered":"Sac en cuir noir"},"content":{"rendered":"<p><iframe title=\"black crossbody flap\" width=\"800\" height=\"450\" data-src=\"https:\/\/www.youtube.com\/embed\/PdPMeQwqB5Y?feature=oembed\" frameborder=\"0\" allow=\"accelerometer; autoplay; clipboard-write; encrypted-media; gyroscope; picture-in-picture; web-share\" referrerpolicy=\"strict-origin-when-cross-origin\" allowfullscreen src=\"data:image\/svg+xml;base64,PHN2ZyB3aWR0aD0iMSIgaGVpZ2h0PSIxIiB4bWxucz0iaHR0cDovL3d3dy53My5vcmcvMjAwMC9zdmciPjwvc3ZnPg==\" class=\"lazyload\" data-load-mode=\"1\"><\/iframe> <\/p>\n<h1>Sac en cuir noir<\/h1>\n<div>Amb o sense solapa<\/div>\n<p>Aquesta bossa bandolera de pell negra est\u00e0 feta a m\u00e0 amb pell de vaca de la millor qualitat. La bossa est\u00e0 elaborada amb pell suau i llisa. \u00c9s lleugera i prima, per\u00f2 prou gran per caber-hi tots els elements essencials. Aquesta c\u00f2moda bossa cl\u00e0ssica t\u00e9 una solapa i tancament amb cremallera per a m\u00e9s seguretat.<\/p>\n<p>La bossa de dona de pell negra fina tamb\u00e9 \u00e9s molt vers\u00e0til, pot ser elegant o m\u00e9s esportiva. La corretja de pell resistent \u00e9s ajustable, de manera que es pot utilitzar com a bossa bandolera o com a bossa de m\u00e0.<\/p>\n<p>T\u00e9 un folre 100% cot\u00f3 i inclou una butxaca interior<\/p>\n<p>&nbsp;<\/p>\n<p>CAPACITAT:<\/p>\n<p>Hi caben el tel\u00e8fon, la cartera, les claus, el maquillatge, etc.<\/p>\n<p>La pell \u00e9s robusta, per\u00f2 suau, resistent i vibrant; l&#8217;atenci\u00f3 al detall \u00e9s fant\u00e0stica.<\/p>\n<p>DETALLS<\/p>\n<p>\u2022 Pell espanyola i italiana de la millor qualitat<br \/>\n\u2022 Seguretat amb cremallera<br \/>\n\u2022 Corretja ajustable de pell duradora amb ferramentes de llaut\u00f3 d&#8217;alta qualitat<br \/>\n\u2022 Butxaca interior<\/p>\n<p>&nbsp;<\/p>","protected":false},"excerpt":{"rendered":"<p>La bossa de dona de pell fina negra tamb\u00e9 \u00e9s molt vers\u00e0til, pot ser elegant o m\u00e9s esportiva. La corretja de pell resistent \u00e9s ajustable, de manera que es pot portar com a bossa creuada o com a bossa de m\u00e0.<\/p>","protected":false},"featured_media":5802,"template":"","meta":[],"product_brand":[],"product_cat":[273,246],"product_tag":[304,256],"class_list":{"0":"post-12631","1":"product","2":"type-product","3":"status-publish","4":"has-post-thumbnail","6":"product_cat-bosses-llises-pell","7":"product_cat-bosses-de-pell","8":"product_tag-bossa-de-cuir-de-color-negre","9":"product_tag-bossa-de-cuir-negre","11":"first","12":"instock","13":"shipping-taxable","14":"purchasable","15":"product-type-simple"},"booking_location":null,"booking_location_type":null,"booking_duration":null,"booking_duration_unit":null,"booking_buffer":null,"booking_cost":null,"booking_resources":null,"_links":{"self":[{"href":"https:\/\/rossymina.cat\/fr\/wp-json\/wp\/v2\/product\/12631","targetHints":{"allow":["GET"]}}],"collection":[{"href":"https:\/\/rossymina.cat\/fr\/wp-json\/wp\/v2\/product"}],"about":[{"href":"https:\/\/rossymina.cat\/fr\/wp-json\/wp\/v2\/types\/product"}],"wp:featuredmedia":[{"embeddable":true,"href":"https:\/\/rossymina.cat\/fr\/wp-json\/wp\/v2\/media\/5802"}],"wp:attachment":[{"href":"https:\/\/rossymina.cat\/fr\/wp-json\/wp\/v2\/media?parent=12631"}],"wp:term":[{"taxonomy":"product_brand","embeddable":true,"href":"https:\/\/rossymina.cat\/fr\/wp-json\/wp\/v2\/product_brand?post=12631"},{"taxonomy":"product_cat","embeddable":true,"href":"https:\/\/rossymina.cat\/fr\/wp-json\/wp\/v2\/product_cat?post=12631"},{"taxonomy":"product_tag","embeddable":true,"href":"https:\/\/rossymina.cat\/fr\/wp-json\/wp\/v2\/product_tag?post=12631"}],"curies":[{"name":"wp","href":"https:\/\/api.w.org\/{rel}","templated":true}]}}