{"id":12632,"date":"2025-12-01T19:08:31","date_gmt":"2025-12-01T19:08:31","guid":{"rendered":"https:\/\/rossymina.cat\/producto\/corretja-de-camera-de-cuir-suau\/"},"modified":"2026-01-13T21:14:45","modified_gmt":"2026-01-13T21:14:45","slug":"corretja-de-camera-de-cuir-suau","status":"publish","type":"product","link":"https:\/\/rossymina.cat\/fr\/corretja-de-camera-de-cuir-suau\/","title":{"rendered":"bandouli\u00e8re en cuir souple pour appareil photo"},"content":{"rendered":"<p>Dissenyada especialment pel fot\u00f2graf @julianmarinov, aquesta corretja ajustable per a la c\u00e0mera \u00e9s perfecta per a una sessi\u00f3 fotogr\u00e0fica llarga o per als vostres viatges.<\/p>\n<p>Pell suau de doble cara disponible en dues variacions d&#8217;amplada i combinacions de colors.<\/p>\n<ul>\n<li>2 cm negre<\/li>\n<li>3 cm marr\u00f3 i bronzejat<\/li>\n<\/ul>\n<p>&nbsp;<\/p>","protected":false},"excerpt":{"rendered":"<p>Corretja de c\u00e0mera de cuir ampla i suau per a la teva c\u00e0mera r\u00e8flex<\/p>","protected":false},"featured_media":5435,"template":"","meta":[],"product_brand":[],"product_cat":[23],"product_tag":[],"class_list":{"0":"post-12632","1":"product","2":"type-product","3":"status-publish","4":"has-post-thumbnail","6":"product_cat-sin-categorizar","8":"first","9":"instock","10":"shipping-taxable","11":"purchasable","12":"product-type-simple"},"booking_location":null,"booking_location_type":null,"booking_duration":null,"booking_duration_unit":null,"booking_buffer":null,"booking_cost":null,"booking_resources":null,"_links":{"self":[{"href":"https:\/\/rossymina.cat\/fr\/wp-json\/wp\/v2\/product\/12632","targetHints":{"allow":["GET"]}}],"collection":[{"href":"https:\/\/rossymina.cat\/fr\/wp-json\/wp\/v2\/product"}],"about":[{"href":"https:\/\/rossymina.cat\/fr\/wp-json\/wp\/v2\/types\/product"}],"wp:featuredmedia":[{"embeddable":true,"href":"https:\/\/rossymina.cat\/fr\/wp-json\/wp\/v2\/media\/5435"}],"wp:attachment":[{"href":"https:\/\/rossymina.cat\/fr\/wp-json\/wp\/v2\/media?parent=12632"}],"wp:term":[{"taxonomy":"product_brand","embeddable":true,"href":"https:\/\/rossymina.cat\/fr\/wp-json\/wp\/v2\/product_brand?post=12632"},{"taxonomy":"product_cat","embeddable":true,"href":"https:\/\/rossymina.cat\/fr\/wp-json\/wp\/v2\/product_cat?post=12632"},{"taxonomy":"product_tag","embeddable":true,"href":"https:\/\/rossymina.cat\/fr\/wp-json\/wp\/v2\/product_tag?post=12632"}],"curies":[{"name":"wp","href":"https:\/\/api.w.org\/{rel}","templated":true}]}}