{"id":12665,"date":"2025-12-01T19:09:03","date_gmt":"2025-12-01T19:09:03","guid":{"rendered":"https:\/\/rossymina.cat\/producto\/cinturo-de-pell-marro-amb-sivella-metal%c2%b7lica\/"},"modified":"2026-05-05T15:43:48","modified_gmt":"2026-05-05T15:43:48","slug":"ceinture-en-cuir-marron-avec-boucle-en-metal","status":"publish","type":"product","link":"https:\/\/rossymina.cat\/fr\/ceinture-en-cuir-marron-avec-boucle-en-metal\/","title":{"rendered":"Ceinture en cuir marron avec boucle en m\u00e9tal"},"content":{"rendered":"<blockquote>\n<h1>Ceinture en cuir marron pour femme ou homme<\/h1>\n<p>Ceinture en cuir unisexe ou adapt\u00e9e au genre avec <strong>boucle solide<\/strong> Couleur argent ou laiton.<\/p>\n<p>Chez Rossymina, nous fabriquons nos ceintures en cuir \u00e0 la main avec du cuir de vachette espagnol de la meilleure qualit\u00e9. D\u00e9couvrez le m\u00eame motif disponible en diff\u00e9rentes couleurs. <a href=\"https:\/\/rossymina.com\/product-category\/belts\/\" target=\"_blank\" rel=\"noopener\">Ceintures peintes \u00e0 la main<\/a><br \/>\nCette ceinture est l&#039;accessoire id\u00e9al pour votre costume ou votre pantalon. Elle maintiendra votre jean en place et donnera du style \u00e0 votre tenue.<\/p>\n<p>Un accessoire INDISPENSABLE.<br \/>\nElle s&#039;adapte \u00e0 toutes les personnes et \u00e0 tous les styles. Convient \u00e0 toutes les garde-robes.<br \/>\nCeinture en cuir magnifique, moderne et \u00e9l\u00e9gante.<br \/>\nUne ceinture en cuir pour femme qui s&#039;accorde parfaitement avec vos jeans et vos robes.<br \/>\nNous r\u00e9alisons 6 trous dans toutes nos ceintures en cuir sur mesure.<\/p>\n<p>\u2014\u2014-TAILLES\u2014\u2014-<\/p>\n<p>Nous proposons trois largeurs diff\u00e9rentes\u00a0:<\/p>\n<p>2 cm 3\/4\u201d ou 0,75\u201d<br \/>\n3 cm 1-1\/4\u201d ou 1,25\u201d<br \/>\n4 cm 1-1\/2\u201d ou 1,5\u2033<\/p>\n<p>Pour choisir la LONGUEUR correcte\u00a0:<\/p>\n<p>Mesurez votre TOUR DE TAILLE exactement \u00e0 l&#039;endroit o\u00f9 vous souhaitez porter la ceinture.<\/p>\n<p>Vous pouvez aussi mesurer une vieille ceinture, de la boucle jusqu&#039;au trou que vous utilisez le plus.<\/p>\n<p>Choisissez parmi les tailles disponibles, de 60 cm (24 pouces) \u00e0 110 cm (42 pouces).\u201d<\/p>\n<p>Votre ceinture peut \u00e9galement \u00eatre *ajust\u00e9e* pr\u00e9cis\u00e9ment \u00e0 vos mensurations personnelles.<\/p>\n<p>Si vous avez des questions, n&#039;h\u00e9sitez pas \u00e0 nous envoyer un message, nous serons ravis de vous aider \ud83d\ude42<\/p>\n<p>Nous pouvons vous garantir que votre produit vous apportera bonheur et satisfaction pendant des ann\u00e9es !<\/p><\/blockquote>","protected":false},"excerpt":{"rendered":"<p>Ceintures en cuir peintes \u00e0 la main avec boucle solide<\/p>","protected":false},"featured_media":4576,"template":"","meta":[],"product_brand":[],"product_cat":[253],"product_tag":[254,255],"class_list":{"0":"post-12665","1":"product","2":"type-product","3":"status-publish","4":"has-post-thumbnail","6":"product_cat-cinturons-de-cuir","7":"product_tag-cinturo-de-cuir-fet-a-ma","8":"product_tag-cuir-pintat-a-ma","10":"first","11":"instock","12":"shipping-taxable","13":"purchasable","14":"product-type-simple"},"booking_location":null,"booking_location_type":null,"booking_duration":null,"booking_duration_unit":null,"booking_buffer":null,"booking_cost":null,"booking_resources":null,"_links":{"self":[{"href":"https:\/\/rossymina.cat\/fr\/wp-json\/wp\/v2\/product\/12665","targetHints":{"allow":["GET"]}}],"collection":[{"href":"https:\/\/rossymina.cat\/fr\/wp-json\/wp\/v2\/product"}],"about":[{"href":"https:\/\/rossymina.cat\/fr\/wp-json\/wp\/v2\/types\/product"}],"wp:featuredmedia":[{"embeddable":true,"href":"https:\/\/rossymina.cat\/fr\/wp-json\/wp\/v2\/media\/4576"}],"wp:attachment":[{"href":"https:\/\/rossymina.cat\/fr\/wp-json\/wp\/v2\/media?parent=12665"}],"wp:term":[{"taxonomy":"product_brand","embeddable":true,"href":"https:\/\/rossymina.cat\/fr\/wp-json\/wp\/v2\/product_brand?post=12665"},{"taxonomy":"product_cat","embeddable":true,"href":"https:\/\/rossymina.cat\/fr\/wp-json\/wp\/v2\/product_cat?post=12665"},{"taxonomy":"product_tag","embeddable":true,"href":"https:\/\/rossymina.cat\/fr\/wp-json\/wp\/v2\/product_tag?post=12665"}],"curies":[{"name":"wp","href":"https:\/\/api.w.org\/{rel}","templated":true}]}}