{"id":12674,"date":"2025-12-01T19:09:03","date_gmt":"2025-12-01T19:09:03","guid":{"rendered":"https:\/\/rossymina.cat\/producto\/cinturo-negre-amb-disseny-geometric\/"},"modified":"2026-05-05T15:27:20","modified_gmt":"2026-05-05T15:27:20","slug":"cinturo-negre-amb-disseny-geometric","status":"publish","type":"product","link":"https:\/\/rossymina.cat\/fr\/cinturo-negre-amb-disseny-geometric\/","title":{"rendered":"Ceinture noire \u00e0 motif g\u00e9om\u00e9trique"},"content":{"rendered":"<blockquote>\n<h1>Cintur\u00f3 de cuir negre per a dona o home<\/h1>\n<h1>pintat a m\u00e0 amb disseny geom\u00e8tric.<\/h1>\n<p>Ceinture en cuir unisexe ou adapt\u00e9e au genre avec <strong>boucle solide<\/strong> de color platejat.<\/p>\n<p>Chez Rossymina, nous fabriquons nos ceintures en cuir \u00e0 la main avec du cuir de vachette espagnol de la meilleure qualit\u00e9. D\u00e9couvrez le m\u00eame motif disponible en diff\u00e9rentes couleurs. <a href=\"https:\/\/rossymina.com\/es\/product-category\/cinturones-es\/\" target=\"_blank\" rel=\"noopener\">Ceintures peintes \u00e0 la main<\/a><br \/>\nCette ceinture est l&#039;accessoire id\u00e9al pour votre costume ou votre pantalon. Elle maintiendra votre jean en place et donnera du style \u00e0 votre tenue.<br \/>\nEls colors que utilitzem s\u00f3n especials i resistents, i estan especialment fets per a cuir. Utilitzem una sivella met\u00e0l\u00b7lica robusta en color or vell\/llaut\u00f3, que es mant\u00e9 fermament al seu lloc mitjan\u00e7ant un bot\u00f3 de cargol. L&#8217;\u00fas d&#8217;un cargol us permet canviar la sivella f\u00e0cilment per una altra de la vostra elecci\u00f3. Les sivelles platejades estan disponibles a petici\u00f3.<\/p>\n<p>Accessori destacat.<br \/>\nUn imprescindible per a qualsevol armari. Cintur\u00f3 de cuir preci\u00f3s, modern i elegant.<br \/>\nUn cintur\u00f3 de cuir per a dona que combina perfectament amb els teus texans i vestits.<br \/>\nNous r\u00e9alisons 6 trous dans toutes nos ceintures en cuir sur mesure.<\/p>\n<p>\u2014\u2014-TAILLES\u2014\u2014-<\/p>\n<p>Nous proposons trois largeurs diff\u00e9rentes\u00a0:<\/p>\n<p>2 cm o 0,8&#8221;<br \/>\n3 cm o 1,2&#8221;<br \/>\n3,5 cm o 1,4&#8221;<br \/>\n4 cm o 1,6&#8243;<\/p>\n<p>Pour choisir la LONGUEUR correcte\u00a0:<\/p>\n<p>Mesurez votre TOUR DE TAILLE exactement \u00e0 l&#039;endroit o\u00f9 vous souhaitez porter la ceinture.<\/p>\n<p>Vous pouvez aussi mesurer une vieille ceinture, de la boucle jusqu&#039;au trou que vous utilisez le plus.<\/p>\n<p>Tria entre les mides disponibles de 60 cm (24 polzades) a 110 cm (42 polzades)<\/p>\n<p>El teu cintur\u00f3 tamb\u00e9 es pot ajustar exactament a les teves mesures personals.<\/p>\n<p>Si vous avez des questions, n&#039;h\u00e9sitez pas \u00e0 nous envoyer un message, nous serons ravis de vous aider \ud83d\ude42<\/p>\n<p>Cada pe\u00e7a del nostre taller \u00e9s \u00fanica, pintada a m\u00e0 i feta per enc\u00e0rrec, per la qual cosa no hi ha dos cinturons exactament iguals. igual.<\/p>\n<p>Podem garantir que el vostre producte us mantindr\u00e0 feli\u00e7os i satisfets durant anys!<\/p><\/blockquote>","protected":false},"excerpt":{"rendered":"<p>Ceintures en cuir peintes \u00e0 la main avec boucle solide<\/p>","protected":false},"featured_media":4353,"template":"","meta":[],"product_brand":[],"product_cat":[253],"product_tag":[254,255],"class_list":{"0":"post-12674","1":"product","2":"type-product","3":"status-publish","4":"has-post-thumbnail","6":"product_cat-cinturons-de-cuir","7":"product_tag-cinturo-de-cuir-fet-a-ma","8":"product_tag-cuir-pintat-a-ma","10":"first","11":"instock","12":"shipping-taxable","13":"purchasable","14":"product-type-simple"},"booking_location":null,"booking_location_type":null,"booking_duration":null,"booking_duration_unit":null,"booking_buffer":null,"booking_cost":null,"booking_resources":null,"_links":{"self":[{"href":"https:\/\/rossymina.cat\/fr\/wp-json\/wp\/v2\/product\/12674","targetHints":{"allow":["GET"]}}],"collection":[{"href":"https:\/\/rossymina.cat\/fr\/wp-json\/wp\/v2\/product"}],"about":[{"href":"https:\/\/rossymina.cat\/fr\/wp-json\/wp\/v2\/types\/product"}],"wp:featuredmedia":[{"embeddable":true,"href":"https:\/\/rossymina.cat\/fr\/wp-json\/wp\/v2\/media\/4353"}],"wp:attachment":[{"href":"https:\/\/rossymina.cat\/fr\/wp-json\/wp\/v2\/media?parent=12674"}],"wp:term":[{"taxonomy":"product_brand","embeddable":true,"href":"https:\/\/rossymina.cat\/fr\/wp-json\/wp\/v2\/product_brand?post=12674"},{"taxonomy":"product_cat","embeddable":true,"href":"https:\/\/rossymina.cat\/fr\/wp-json\/wp\/v2\/product_cat?post=12674"},{"taxonomy":"product_tag","embeddable":true,"href":"https:\/\/rossymina.cat\/fr\/wp-json\/wp\/v2\/product_tag?post=12674"}],"curies":[{"name":"wp","href":"https:\/\/api.w.org\/{rel}","templated":true}]}}