{"id":12677,"date":"2025-12-01T19:09:03","date_gmt":"2025-12-01T19:09:03","guid":{"rendered":"https:\/\/rossymina.cat\/producto\/cinturo-blanc-amb-flors-2\/"},"modified":"2026-05-05T15:34:59","modified_gmt":"2026-05-05T15:34:59","slug":"cinturo-blanc-amb-flors-2","status":"publish","type":"product","link":"https:\/\/rossymina.cat\/fr\/cinturo-blanc-amb-flors-2\/","title":{"rendered":"Ceinture blanche \u00e0 fleurs"},"content":{"rendered":"<blockquote><p>Cintur\u00f3 de cuir modern per a dona amb un disseny de flors de colors i un toc daurat. A Rossymina, fem els cinturons de cuir a m\u00e0 amb la millor qualitat de pell de vaca espanyola.<br \/>\nAquests cinturons pintats a m\u00e0 s\u00f3n l&#8217;accessori perfecte per al teu vestit o pantalons. No nom\u00e9s subjectaran els teus texans, sin\u00f3 que tamb\u00e9 faran que el teu conjunt destaqui.<br \/>\nEls colors que fem servir s\u00f3n especials i resistents, i estan fets especialment per a cuir. Fem servir una sivella met\u00e0l\u00b7lica robusta en color or vell\/llaut\u00f3, que es mant\u00e9 fermament al seu lloc mitjan\u00e7ant un bot\u00f3 de cargol. L&#8217;\u00fas d&#8217;un cargol et permet canviar la sivella f\u00e0cilment per una altra de la teva elecci\u00f3. Les sivelles platejades estan disponibles a petici\u00f3.<\/p>\n<p>Disponible en negre, blanc, turquesa i vermell.<\/p>\n<p>Accessori destacat.<br \/>\nUn imprescindible per a qualsevol armari.<br \/>\nCintur\u00f3 de cuir modern, elegant i preci\u00f3s.<br \/>\nUn cintur\u00f3 de cuir per a dona que combina perfectament amb els teus texans i vestits.<br \/>\nNous r\u00e9alisons 6 trous dans toutes nos ceintures en cuir sur mesure.<\/p>\n<p>&#8212;&#8212;-MIDES&#8212;&#8212;-<\/p>\n<p>Nous proposons trois largeurs diff\u00e9rentes\u00a0:<\/p>\n<p>2 cm 3\/4\u201d ou 0,75\u201d<br \/>\n3 cm 1-1\/4\u201d ou 1,25\u201d<br \/>\n4 cm 1-1\/2\u201d ou 1,5\u2033<\/p>\n<p>Pour choisir la LONGUEUR correcte\u00a0:<\/p>\n<p>Mesura la mida de la teva cintura exactament on vols portar el cintur\u00f3.<\/p>\n<p>Tamb\u00e9 pots mesurar un cintur\u00f3 vell, des de la passadora de la sivella fins al forat que m\u00e9s utilitzes.<\/p>\n<p>Tria entre les mides disponibles des de XXXS 60 cm 24 polzades fins a XXXL 110 cm 42&#8221;<\/p>\n<p>El teu cintur\u00f3 tamb\u00e9 es pot ajustar exactament a les teves mesures personals.<\/p>\n<p>Si vous avez des questions, n&#039;h\u00e9sitez pas \u00e0 nous envoyer un message, nous serons ravis de vous aider \ud83d\ude42<\/p>\n<p>Cada pe\u00e7a del nostre taller \u00e9s \u00fanica, pintada a m\u00e0 i feta a mida, per la qual cosa no hi ha dos cinturons exactament iguals.<\/p>\n<p>Podem garantir que el teu producte es mantindr\u00e0 Ets feli\u00e7 i satisfet durant anys!<\/p><\/blockquote>","protected":false},"excerpt":{"rendered":"<p>Ceintures en cuir peintes \u00e0 la main avec boucle solide<\/p>","protected":false},"featured_media":8895,"template":"","meta":[],"product_brand":[],"product_cat":[253],"product_tag":[314,255,315],"class_list":{"0":"post-12677","1":"product","2":"type-product","3":"status-publish","4":"has-post-thumbnail","6":"product_cat-cinturons-de-cuir","7":"product_tag-cinturo-de-pell-fet-a-ma","8":"product_tag-cuir-pintat-a-ma","9":"product_tag-flors-mejicanos","11":"first","12":"instock","13":"shipping-taxable","14":"purchasable","15":"product-type-variable"},"booking_location":null,"booking_location_type":null,"booking_duration":null,"booking_duration_unit":null,"booking_buffer":null,"booking_cost":null,"booking_resources":null,"_links":{"self":[{"href":"https:\/\/rossymina.cat\/fr\/wp-json\/wp\/v2\/product\/12677","targetHints":{"allow":["GET"]}}],"collection":[{"href":"https:\/\/rossymina.cat\/fr\/wp-json\/wp\/v2\/product"}],"about":[{"href":"https:\/\/rossymina.cat\/fr\/wp-json\/wp\/v2\/types\/product"}],"wp:featuredmedia":[{"embeddable":true,"href":"https:\/\/rossymina.cat\/fr\/wp-json\/wp\/v2\/media\/8895"}],"wp:attachment":[{"href":"https:\/\/rossymina.cat\/fr\/wp-json\/wp\/v2\/media?parent=12677"}],"wp:term":[{"taxonomy":"product_brand","embeddable":true,"href":"https:\/\/rossymina.cat\/fr\/wp-json\/wp\/v2\/product_brand?post=12677"},{"taxonomy":"product_cat","embeddable":true,"href":"https:\/\/rossymina.cat\/fr\/wp-json\/wp\/v2\/product_cat?post=12677"},{"taxonomy":"product_tag","embeddable":true,"href":"https:\/\/rossymina.cat\/fr\/wp-json\/wp\/v2\/product_tag?post=12677"}],"curies":[{"name":"wp","href":"https:\/\/api.w.org\/{rel}","templated":true}]}}