{"id":12678,"date":"2025-12-01T19:09:03","date_gmt":"2025-12-01T19:09:03","guid":{"rendered":"https:\/\/rossymina.cat\/producto\/bolsito-rodo-de-pell\/"},"modified":"2026-01-13T21:15:12","modified_gmt":"2026-01-13T21:15:12","slug":"bolsito-rodo-de-pell","status":"publish","type":"product","link":"https:\/\/rossymina.cat\/fr\/bolsito-rodo-de-pell\/","title":{"rendered":"Bolsito rod\u00f3 de pell"},"content":{"rendered":"<p>Bolso redondo petit de pell, mida perfecte per sortir. Mini moneder de pell negra. Fem aquests bolsos en diferents colors com el color camel natural, el mostaza o els colors de cuir verd blau. Hi ha espai suficient per a una billetera petita, un tel\u00e8fon, les claus i tot el que necessiti per a l&#8217;\u00fas diari. Esta borsa de color uniforme tamb\u00e9 \u00e9s ultraligera. La correa \u00e9s lo suficientment llarga com per usar-la com a bandolera, bandolera o al voltant de les caderes com a ri\u00f1onera si ho desitja. En una ocasi\u00f3 especial, pot deixar la correa i portar-la com a bols de m\u00e0.<\/p>\n<p>Mides: 8 &#8220;x 6&#8221; (20 cm x 15 cm)<\/p>\n<p>Abertura de la cremallera: 6 &#8220;(15 cm)<\/p>\n<p>La longitud de la correa se acorta y se extiende de 24 &#8220;a 47&#8221; (60 a 125 cm)<\/p>","protected":false},"excerpt":{"rendered":"<p>bossa petita i rodona<\/p>","protected":false},"featured_media":8688,"template":"","meta":[],"product_brand":[],"product_cat":[251],"product_tag":[],"class_list":{"0":"post-12678","1":"product","2":"type-product","3":"status-publish","4":"has-post-thumbnail","6":"product_cat-joieria","7":"pa_color-cuir","8":"pa_color-marro","9":"pa_color-morado","10":"pa_color-mostasa","11":"pa_color-negre","12":"pa_color-roig","13":"pa_color-turquesa","15":"first","16":"instock","17":"shipping-taxable","18":"purchasable","19":"product-type-variable"},"booking_location":null,"booking_location_type":null,"booking_duration":null,"booking_duration_unit":null,"booking_buffer":null,"booking_cost":null,"booking_resources":null,"_links":{"self":[{"href":"https:\/\/rossymina.cat\/fr\/wp-json\/wp\/v2\/product\/12678","targetHints":{"allow":["GET"]}}],"collection":[{"href":"https:\/\/rossymina.cat\/fr\/wp-json\/wp\/v2\/product"}],"about":[{"href":"https:\/\/rossymina.cat\/fr\/wp-json\/wp\/v2\/types\/product"}],"wp:featuredmedia":[{"embeddable":true,"href":"https:\/\/rossymina.cat\/fr\/wp-json\/wp\/v2\/media\/8688"}],"wp:attachment":[{"href":"https:\/\/rossymina.cat\/fr\/wp-json\/wp\/v2\/media?parent=12678"}],"wp:term":[{"taxonomy":"product_brand","embeddable":true,"href":"https:\/\/rossymina.cat\/fr\/wp-json\/wp\/v2\/product_brand?post=12678"},{"taxonomy":"product_cat","embeddable":true,"href":"https:\/\/rossymina.cat\/fr\/wp-json\/wp\/v2\/product_cat?post=12678"},{"taxonomy":"product_tag","embeddable":true,"href":"https:\/\/rossymina.cat\/fr\/wp-json\/wp\/v2\/product_tag?post=12678"}],"curies":[{"name":"wp","href":"https:\/\/api.w.org\/{rel}","templated":true}]}}