{"id":12702,"date":"2025-12-01T19:09:09","date_gmt":"2025-12-01T19:09:09","guid":{"rendered":"https:\/\/rossymina.cat\/producto\/motxilla-de-pell-convertible-a-bossa-de-ma\/"},"modified":"2026-01-13T21:15:25","modified_gmt":"2026-01-13T21:15:25","slug":"motxilla-de-pell-convertible-a-bossa-de-ma","status":"publish","type":"product","link":"https:\/\/rossymina.cat\/fr\/motxilla-de-pell-convertible-a-bossa-de-ma\/","title":{"rendered":"Sac \u00e0 dos en cuir transformable en sac \u00e0 main"},"content":{"rendered":"<h1><a href=\"https:\/\/youtu.be\/CBCUvWmb9C4\" target=\"_blank\" rel=\"noopener\">Motxilla tote f\u00e0cilment convertible<\/a><\/h1>\n<h1>Bossa tote convertible de pell negra a motxilla<\/h1>\n<p>Motxilla de pell convertible feta a m\u00e0 per a home o dona amb folre de cot\u00f3 i cremallera met\u00e0l\u00b7lica.<\/p>\n<p>Aquest disseny intel\u00b7ligent de la nostra motxilla es pot convertir f\u00e0cilment en una bossa tote amb nom\u00e9s un gest de la m\u00e0. Nom\u00e9s cal que estireu la corretja cap amunt per portar-la com a bossa de compra. No cal que porteu corretges addicionals ni canvieu de posici\u00f3. Podeu ajustar la longitud de les corretges per a m\u00e9s comoditat.<br \/>\nAquesta bossa tote i motxilla negra est\u00e0 feta a m\u00e0 i est\u00e0 feta de pell de vaca 100% d&#8217;alta qualitat. Hem dissenyat aquesta bossa minimalista amb un compartiment gran i una gran butxaca frontal amb cremallera. Ho guarda tot a dins de manera segura i es tanca amb una cremallera met\u00e0l\u00b7lica. Est\u00e0 folrada amb tela de cot\u00f3.<\/p>\n<p>Oferim aquesta motxilla en pell negra, bronzejada, marr\u00f3, verda, blava i groga.<\/p>\n<p>Organitzeu les vostres pertinences personals utilitzant els dos compartiments amb cremallera. Podr\u00e0s portar un ordinador port\u00e0til de 17 polzades, documents o un quadern i una carpeta A4. La butxaca \u00e9s perfecta per a m\u00f2bils, la cartera o cosm\u00e8tics i claus.<\/p>\n<p>Aquesta bossa convertible \u00e9s lleugera i t\u00e9 un tacte molt suau.<\/p>\n<p>Tamb\u00e9 pots demanar aquesta bossa amb cremallera platejada.<br \/>\nLes nostres bosses estan fetes completament a m\u00e0 i la pell \u00e9s un material viu. Cada pe\u00e7a de pell t\u00e9 el seu color i textura individuals; la qualitat de la pell canvia cont\u00ednuament.<\/p>","protected":false},"excerpt":{"rendered":"<p>Motxilla de cuir convertible en bossa tote per a dona o home.<\/p>\n<p>Motxilla de cuir unisex feta a m\u00e0 amb folre de cot\u00f3 i cremallera met\u00e0l\u00b7lica.<\/p>","protected":false},"featured_media":8880,"template":"","meta":[],"product_brand":[],"product_cat":[318],"product_tag":[310,330,331,326,327,328,329],"class_list":{"0":"post-12702","1":"product","2":"type-product","3":"status-publish","4":"has-post-thumbnail","6":"product_cat-motxilles","7":"product_tag-pell-groc-mostassa","8":"product_tag-bossa-convertible-feta-a-ma","9":"product_tag-bossa-tote-convertible-de-pell","10":"product_tag-motxilla-convertible-negra","11":"product_tag-motxilla-de-pell-blava","12":"product_tag-motxilla-de-pell-marro","13":"product_tag-pell-verda","15":"first","16":"instock","17":"shipping-taxable","18":"purchasable","19":"product-type-simple"},"booking_location":null,"booking_location_type":null,"booking_duration":null,"booking_duration_unit":null,"booking_buffer":null,"booking_cost":null,"booking_resources":null,"_links":{"self":[{"href":"https:\/\/rossymina.cat\/fr\/wp-json\/wp\/v2\/product\/12702","targetHints":{"allow":["GET"]}}],"collection":[{"href":"https:\/\/rossymina.cat\/fr\/wp-json\/wp\/v2\/product"}],"about":[{"href":"https:\/\/rossymina.cat\/fr\/wp-json\/wp\/v2\/types\/product"}],"wp:featuredmedia":[{"embeddable":true,"href":"https:\/\/rossymina.cat\/fr\/wp-json\/wp\/v2\/media\/8880"}],"wp:attachment":[{"href":"https:\/\/rossymina.cat\/fr\/wp-json\/wp\/v2\/media?parent=12702"}],"wp:term":[{"taxonomy":"product_brand","embeddable":true,"href":"https:\/\/rossymina.cat\/fr\/wp-json\/wp\/v2\/product_brand?post=12702"},{"taxonomy":"product_cat","embeddable":true,"href":"https:\/\/rossymina.cat\/fr\/wp-json\/wp\/v2\/product_cat?post=12702"},{"taxonomy":"product_tag","embeddable":true,"href":"https:\/\/rossymina.cat\/fr\/wp-json\/wp\/v2\/product_tag?post=12702"}],"curies":[{"name":"wp","href":"https:\/\/api.w.org\/{rel}","templated":true}]}}