{"id":12706,"date":"2025-12-01T19:09:18","date_gmt":"2025-12-01T19:09:18","guid":{"rendered":"https:\/\/rossymina.cat\/producto\/motxilla-elegant-de-pell-convertible-a-bossa-de-ma\/"},"modified":"2026-01-13T21:16:10","modified_gmt":"2026-01-13T21:16:10","slug":"motxilla-elegant-de-pell-convertible-a-bossa-de-ma","status":"publish","type":"product","link":"https:\/\/rossymina.cat\/fr\/motxilla-elegant-de-pell-convertible-a-bossa-de-ma\/","title":{"rendered":"Sac \u00e0 dos \u00e9l\u00e9gant en cuir transformable en sac \u00e0 main"},"content":{"rendered":"<h1><a href=\"https:\/\/studio.youtube.com\/video\/ALk4MWzbiZ4\" target=\"_blank\" rel=\"noopener\">Motxilla tote f\u00e0cilment convertible<\/a><\/h1>\n<h1>Bossa convertible fina de pell negra<\/h1>\n<p>Motxilla convertible de pell marr\u00f3 a bossa tote. Motxilla convertible de pell marr\u00f3 a bossa de compra.<br \/>\nAquest disseny intel\u00b7ligent de la nostra motxilla es pot convertir f\u00e0cilment en una bossa tote amb un sol gest de la m\u00e0. Nom\u00e9s cal que estireu la corretja cap amunt per portar-la com a bossa de compra. No cal que porteu corretges addicionals ni canvieu de posici\u00f3. Podeu ajustar la longitud de les corretges per a m\u00e9s comoditat. Organitzeu les vostres pertinences personals i el vostre port\u00e0til mitjan\u00e7ant els dos compartiments amb cremallera. La bossa de motxilla de pell \u00e9s prou gran per a un ordinador. La nostra pell suau d&#8217;alta qualitat prov\u00e9 d&#8217;empreses locals espanyoles o italianes.<br \/>\nAquesta bossa convertible \u00e9s lleugera i t\u00e9 un tacte molt suau.<br \/>\nConsulteu les altres opcions de color disponibles. <\/p>\n<p>DIMENSIONS:<\/p>\n<p>30 cm x 41 cm<\/p>\n<p>Butxaca frontal:<\/p>\n<p>30 cm x 30 cm<\/p>","protected":false},"excerpt":{"rendered":"<p>Motxilla tote f\u00e0cilment convertible Bossa convertible fina de pell negra Motxilla convertible de pell marr\u00f3 a bossa tote. Motxilla convertible de pell marr\u00f3 a bossa de compra. Aquest disseny intel\u00b7ligent de la nostra motxilla es pot convertir f\u00e0cilment en una bossa tote amb un sol gest de la m\u00e0. Nom\u00e9s cal que estireu la corretja [&hellip;]<\/p>\n","protected":false},"featured_media":5875,"template":"","meta":[],"product_brand":[],"product_cat":[318],"product_tag":[],"class_list":{"0":"post-12706","1":"product","2":"type-product","3":"status-publish","4":"has-post-thumbnail","6":"product_cat-motxilles","8":"first","9":"instock","10":"shipping-taxable","11":"purchasable","12":"product-type-simple"},"booking_location":null,"booking_location_type":null,"booking_duration":null,"booking_duration_unit":null,"booking_buffer":null,"booking_cost":null,"booking_resources":null,"_links":{"self":[{"href":"https:\/\/rossymina.cat\/fr\/wp-json\/wp\/v2\/product\/12706","targetHints":{"allow":["GET"]}}],"collection":[{"href":"https:\/\/rossymina.cat\/fr\/wp-json\/wp\/v2\/product"}],"about":[{"href":"https:\/\/rossymina.cat\/fr\/wp-json\/wp\/v2\/types\/product"}],"wp:featuredmedia":[{"embeddable":true,"href":"https:\/\/rossymina.cat\/fr\/wp-json\/wp\/v2\/media\/5875"}],"wp:attachment":[{"href":"https:\/\/rossymina.cat\/fr\/wp-json\/wp\/v2\/media?parent=12706"}],"wp:term":[{"taxonomy":"product_brand","embeddable":true,"href":"https:\/\/rossymina.cat\/fr\/wp-json\/wp\/v2\/product_brand?post=12706"},{"taxonomy":"product_cat","embeddable":true,"href":"https:\/\/rossymina.cat\/fr\/wp-json\/wp\/v2\/product_cat?post=12706"},{"taxonomy":"product_tag","embeddable":true,"href":"https:\/\/rossymina.cat\/fr\/wp-json\/wp\/v2\/product_tag?post=12706"}],"curies":[{"name":"wp","href":"https:\/\/api.w.org\/{rel}","templated":true}]}}