{"id":12723,"date":"2025-12-01T19:09:18","date_gmt":"2025-12-01T19:09:18","guid":{"rendered":"https:\/\/rossymina.cat\/producto\/polsera-suau-i-ampla-pintada-a-ma\/"},"modified":"2026-01-13T21:15:06","modified_gmt":"2026-01-13T21:15:06","slug":"polsera-suau-i-ampla-pintada-a-ma","status":"publish","type":"product","link":"https:\/\/rossymina.cat\/fr\/polsera-suau-i-ampla-pintada-a-ma\/","title":{"rendered":"Polsera suau i ampla pintada a m\u00e0"},"content":{"rendered":"<p>Polseres de cuir suau amb formes corbes.<\/p>\n<p>S&#8217;ajusten amb un petit bot\u00f3 de rosca.<\/p>\n<p>Pintades a m\u00e0 amb dissenys inspirats en el Parc G\u00fcell i els mosaics de Gaud\u00ed.<\/p>","protected":false},"excerpt":{"rendered":"<p>Polsera de cuir suau feta a m\u00e0.<br \/>\nPolsera ampla per a ella.<\/p>","protected":false},"featured_media":6459,"template":"","meta":[],"product_brand":[],"product_cat":[251],"product_tag":[],"class_list":{"0":"post-12723","1":"product","2":"type-product","3":"status-publish","4":"has-post-thumbnail","6":"product_cat-joieria","7":"pa_design-black-lotus","8":"pa_design-brown-concentric","9":"pa_design-brown-paisley","10":"pa_design-colorful-mosaic","11":"pa_design-mosaic","12":"pa_design-orange","13":"pa_design-white-mosaic","15":"first","16":"instock","17":"shipping-taxable","18":"purchasable","19":"product-type-variable"},"booking_location":null,"booking_location_type":null,"booking_duration":null,"booking_duration_unit":null,"booking_buffer":null,"booking_cost":null,"booking_resources":null,"_links":{"self":[{"href":"https:\/\/rossymina.cat\/fr\/wp-json\/wp\/v2\/product\/12723","targetHints":{"allow":["GET"]}}],"collection":[{"href":"https:\/\/rossymina.cat\/fr\/wp-json\/wp\/v2\/product"}],"about":[{"href":"https:\/\/rossymina.cat\/fr\/wp-json\/wp\/v2\/types\/product"}],"wp:featuredmedia":[{"embeddable":true,"href":"https:\/\/rossymina.cat\/fr\/wp-json\/wp\/v2\/media\/6459"}],"wp:attachment":[{"href":"https:\/\/rossymina.cat\/fr\/wp-json\/wp\/v2\/media?parent=12723"}],"wp:term":[{"taxonomy":"product_brand","embeddable":true,"href":"https:\/\/rossymina.cat\/fr\/wp-json\/wp\/v2\/product_brand?post=12723"},{"taxonomy":"product_cat","embeddable":true,"href":"https:\/\/rossymina.cat\/fr\/wp-json\/wp\/v2\/product_cat?post=12723"},{"taxonomy":"product_tag","embeddable":true,"href":"https:\/\/rossymina.cat\/fr\/wp-json\/wp\/v2\/product_tag?post=12723"}],"curies":[{"name":"wp","href":"https:\/\/api.w.org\/{rel}","templated":true}]}}