{"id":12738,"date":"2025-12-01T19:09:22","date_gmt":"2025-12-01T19:09:22","guid":{"rendered":"https:\/\/rossymina.cat\/producto\/bossa-bandolera-petita-de-pell\/"},"modified":"2025-12-01T19:09:33","modified_gmt":"2025-12-01T19:09:33","slug":"bossa-bandolera-petita-de-pell","status":"publish","type":"product","link":"https:\/\/rossymina.cat\/fr\/bossa-bandolera-petita-de-pell\/","title":{"rendered":"Petit sac bandouli\u00e8re en cuir"},"content":{"rendered":"<h1>Bossa petita de pell amb solapa<\/h1>\n<p>Mida 21 x 17 cm<\/p>\n<p>Bossa petita de pell llisa amb solapa i un disseny elegant amb una solapa de pell negra, marr\u00f3 clar o groga.<\/p>\n<p>Hem creat aquesta bossa de pell lleugera i c\u00f2moda per portar-la en qualsevol ocasi\u00f3 i estil.<\/p>\n<p>Emporta&#8217;t els teus imprescindibles a qualsevol lloc amb aquesta bossa minimalista i mai passar\u00e0 de moda!<\/p>\n<p>La bossa de mida perfecta per a cada dia.<\/p>\n<p>Tamb\u00e9 \u00e9s molt vers\u00e0til, pot ser elegant o m\u00e9s esportiva, depenent del teu conjunt.<\/p>","protected":false},"excerpt":{"rendered":"<h1>Bossa bandolera de pell negra o marr\u00f3 clar amb<\/h1>\n<h1>Cremallera<\/h1>\n<p>Bossa cl\u00e0ssica de pell amb tancament de cremallera i butxaca interior. Bossa petita i minimalista per a cada dia.<\/p>\n<p>Bossa de m\u00e0 de disseny<br \/>\nBosses i moneders de dona<br \/>\nBosses de casament<br \/>\nBosses de m\u00e0 \u00faniques fetes a m\u00e0<br \/>\nFabriqu\u00e9 \u00e0 la main \u00e0 Barcelone<\/p>","protected":false},"featured_media":5837,"template":"","meta":[],"product_brand":[],"product_cat":[273,246],"product_tag":[333,334,337,336,256,335,338],"class_list":{"0":"post-12738","1":"product","2":"type-product","3":"status-publish","4":"has-post-thumbnail","6":"product_cat-bosses-llises-pell","7":"product_cat-bosses-de-pell","8":"product_tag-bossa-de-cuir-feta-a-ma","9":"product_tag-cuir-de-color-marro-clar","10":"product_tag-bossa-de-cuir-groc-mostassa","11":"product_tag-bossa-de-cuir-marro-clar","12":"product_tag-bossa-de-cuir-negre","13":"product_tag-bosses-creuades","14":"product_tag-cuir-vermell-llis","16":"first","17":"instock","18":"shipping-taxable","19":"purchasable","20":"product-type-simple"},"booking_location":null,"booking_location_type":null,"booking_duration":null,"booking_duration_unit":null,"booking_buffer":null,"booking_cost":null,"booking_resources":null,"_links":{"self":[{"href":"https:\/\/rossymina.cat\/fr\/wp-json\/wp\/v2\/product\/12738","targetHints":{"allow":["GET"]}}],"collection":[{"href":"https:\/\/rossymina.cat\/fr\/wp-json\/wp\/v2\/product"}],"about":[{"href":"https:\/\/rossymina.cat\/fr\/wp-json\/wp\/v2\/types\/product"}],"wp:featuredmedia":[{"embeddable":true,"href":"https:\/\/rossymina.cat\/fr\/wp-json\/wp\/v2\/media\/5837"}],"wp:attachment":[{"href":"https:\/\/rossymina.cat\/fr\/wp-json\/wp\/v2\/media?parent=12738"}],"wp:term":[{"taxonomy":"product_brand","embeddable":true,"href":"https:\/\/rossymina.cat\/fr\/wp-json\/wp\/v2\/product_brand?post=12738"},{"taxonomy":"product_cat","embeddable":true,"href":"https:\/\/rossymina.cat\/fr\/wp-json\/wp\/v2\/product_cat?post=12738"},{"taxonomy":"product_tag","embeddable":true,"href":"https:\/\/rossymina.cat\/fr\/wp-json\/wp\/v2\/product_tag?post=12738"}],"curies":[{"name":"wp","href":"https:\/\/api.w.org\/{rel}","templated":true}]}}