{"id":12741,"date":"2025-12-01T19:09:22","date_gmt":"2025-12-01T19:09:22","guid":{"rendered":"https:\/\/rossymina.cat\/producto\/bossa-de-pell-amb-libel%c2%b7lules\/"},"modified":"2026-05-05T13:07:28","modified_gmt":"2026-05-05T13:07:28","slug":"bossa-de-pell-amb-libel%c2%b7lules","status":"publish","type":"product","link":"https:\/\/rossymina.cat\/fr\/bossa-de-pell-amb-libel%c2%b7lules\/","title":{"rendered":"Sac en cuir Marron avec des libellules"},"content":{"rendered":"<p>Aquesta bossa bandolera \u00fanica en un intens color marr\u00f3 xocolata amb disseny de lib\u00e8l\u00b7lula est\u00e0 feta completament a m\u00e0 amb la pell de vaca espanyola de la millor qualitat. \u00c9s molt lleugera i suau i llisa al tacte.<br \/>\nDissenyem i pintem a m\u00e0 els nostres productes seleccionant acuradament la pell i cada pe\u00e7a \u00e9s \u00fanica i especial. Utilitzem colors de pell vibrants i resistents i decorada amb pedres naturals com ara ull de tigre, ametista i corals.<br \/>\n\u00c9s la bossa de la mida perfecta, prou gran per a tots els vostres elements essencials (hi cap un quadern A5, tel\u00e8fon, cartera, diners, claus i m\u00e9s) i \u00e9s una gran opci\u00f3 per a qualsevol ocasi\u00f3, elegant o informal. La corretja \u00e9s ajustable, prou llarga per portar la bossa creuada o curta com a bossa de m\u00e0.<br \/>\nEl folre \u00e9s 100% cot\u00f3 i t\u00e9 una butxaca interior amb cremallera, prou gran per cabre el tel\u00e8fon o la cartera.<br \/>\nEs presenta en diversos colors que coincideixen amb els gustos i les tend\u00e8ncies m\u00e9s exigents.<\/p>\n<p>DETALLS<\/p>\n<p>\u2022 Pintat a m\u00e0 amb colors resistents especials<br \/>\n\u2022 Pell espanyola i italiana de la millor qualitat<br \/>\n\u2022 F\u00e0cil de netejar i Resistent a l&#8217;aigua<br \/>\n\u2022 Segur amb cremallera<br \/>\n\u2022 Corretja de cuir duradora amb ferramentes de llaut\u00f3 d&#8217;alta qualitat<br \/>\n\u2022 Butxaca interior<\/p>\n<p>DIMENSIONS<\/p>\n<p>30 cm d&#8217;amplada \/ 21 cm d&#8217;al\u00e7ada<\/p>\n<p>Butxaca interior:<br \/>\n15 cm d&#8217;amplada \/ 11 cm d&#8217;al\u00e7ada<\/p>","protected":false},"excerpt":{"rendered":"<p>Aquesta bossa bandolera \u00fanica en un intens color marr\u00f3 xocolata amb disseny de lib\u00e8l\u00b7lula est\u00e0 feta completament a m\u00e0 amb la pell de vaca espanyola de la millor qualitat. \u00c9s molt lleugera i suau i llisa al tacte. Dissenyem i pintem a m\u00e0 els nostres productes seleccionant acuradament la pell i cada pe\u00e7a \u00e9s \u00fanica [&hellip;]<\/p>\n","protected":false},"featured_media":8827,"template":"","meta":[],"product_brand":[],"product_cat":[246,247],"product_tag":[333,282],"class_list":{"0":"post-12741","1":"product","2":"type-product","3":"status-publish","4":"has-post-thumbnail","6":"product_cat-bosses-de-pell","7":"product_cat-bosses-pintats","8":"product_tag-bossa-de-cuir-feta-a-ma","9":"product_tag-libellules-pintades-a-ma","11":"first","12":"instock","13":"shipping-taxable","14":"purchasable","15":"product-type-simple"},"booking_location":null,"booking_location_type":null,"booking_duration":null,"booking_duration_unit":null,"booking_buffer":null,"booking_cost":null,"booking_resources":null,"_links":{"self":[{"href":"https:\/\/rossymina.cat\/fr\/wp-json\/wp\/v2\/product\/12741","targetHints":{"allow":["GET"]}}],"collection":[{"href":"https:\/\/rossymina.cat\/fr\/wp-json\/wp\/v2\/product"}],"about":[{"href":"https:\/\/rossymina.cat\/fr\/wp-json\/wp\/v2\/types\/product"}],"wp:featuredmedia":[{"embeddable":true,"href":"https:\/\/rossymina.cat\/fr\/wp-json\/wp\/v2\/media\/8827"}],"wp:attachment":[{"href":"https:\/\/rossymina.cat\/fr\/wp-json\/wp\/v2\/media?parent=12741"}],"wp:term":[{"taxonomy":"product_brand","embeddable":true,"href":"https:\/\/rossymina.cat\/fr\/wp-json\/wp\/v2\/product_brand?post=12741"},{"taxonomy":"product_cat","embeddable":true,"href":"https:\/\/rossymina.cat\/fr\/wp-json\/wp\/v2\/product_cat?post=12741"},{"taxonomy":"product_tag","embeddable":true,"href":"https:\/\/rossymina.cat\/fr\/wp-json\/wp\/v2\/product_tag?post=12741"}],"curies":[{"name":"wp","href":"https:\/\/api.w.org\/{rel}","templated":true}]}}