{"id":12753,"date":"2025-12-01T19:09:28","date_gmt":"2025-12-01T19:09:28","guid":{"rendered":"https:\/\/rossymina.cat\/producto\/bossa-de-pell-per-a-cada-dia-amb-plomes-de-pao\/"},"modified":"2026-01-13T21:15:09","modified_gmt":"2026-01-13T21:15:09","slug":"bossa-de-pell-per-a-cada-dia-amb-plomes-de-pao","status":"publish","type":"product","link":"https:\/\/rossymina.cat\/fr\/bossa-de-pell-per-a-cada-dia-amb-plomes-de-pao\/","title":{"rendered":"Sacoche en cuir pour tous les jours orn\u00e9 de plumes de paon"},"content":{"rendered":"<h1>Sacoche en cuir pour tous les jours orn\u00e9 de plumes de paon<\/h1>\n<p>Aquesta bossa bandolera \u00fanica est\u00e0 pintada a m\u00e0 amb un disseny de plomes de pa\u00f3 i est\u00e0 feta completament a m\u00e0 amb la millor qualitat de pell de vaca espanyola. \u00c9s molt lleugera i la pell \u00e9s suau i llisa.<\/p>\n<p>Dissenyem i pintem a m\u00e0 els nostres productes seleccionant acuradament la pell i cada pe\u00e7a \u00e9s \u00fanica i especial. Utilitzem colors de pell vibrants i resistents i decorada amb penjolls de pedres naturals.<\/p>\n<p>\u00c9s la bossa de la MIDA perfecta de 30 cm d&#8217;amplada \/ 20 cm d&#8217;al\u00e7ada (30 cm \/ 21 cm), prou gran per a tots els teus objectes essencials (hi cap un port\u00e0til, tel\u00e8fon, cartera, diners, claus). \u00c9s una gran opci\u00f3 per a qualsevol ocasi\u00f3, elegant o informal. La corretja \u00e9s ajustable, prou llarga per portar la bossa creuada o curta com a bossa de m\u00e0.<\/p>\n<p>El folre \u00e9s 100% cot\u00f3 i t\u00e9 una butxaca interior de 15 cm d&#8217;amplada \/ 11 cm d&#8217;al\u00e7ada (15 cm \/ 11 cm) amb cremallera, prou gran per al teu tel\u00e8fon o cartera.<br \/>\nEst\u00e0 disponible en diversos colors<\/p>\n<ul>\n<li>en <span style=\"color: #993300;\">marr\u00f3 xocolata intens<\/span>color\u00a0<\/span><\/span><\/li>\n<li>Negre aut\u00e8ntic<\/strong><\/li>\n<li><span style=\"color: #339966;\">turquesa o verd blav\u00f3s<\/span> <\/li>\n<li>Blanc de casament<\/li>\n<\/ul>\n<p>i s&#8217;adapta als gustos i tend\u00e8ncies m\u00e9s exigents. <\/p>\n<p>\u2022 Pintat a m\u00e0 amb colors especials resistents<br \/>\n\u2022 Pell espanyola i italiana de la millor qualitat<br \/>\n\u2022 F\u00e0cil de netejar i Resistent a l&#8217;aigua<br \/>\n\u2022 Segur amb cremallera<br \/>\n\u2022 Corretja de cuir duradora amb ferramentes de llaut\u00f3 d&#8217;alta qualitat<br \/>\n\u2022 Butxaca interior<\/p>\n<p>Tamb\u00e9 disponible en una mida <a href=\"https:\/\/rossymina.com\/shop\/bags\/handpainted-bags\/casual-leather-bag-with-dragonflies\/\" target=\"_blank\" rel=\"noopener\">M\u00c9S PETITA<\/a> de 25 cm d&#8217;amplada \/ 19 cm d&#8217;al\u00e7ada (25 cm \/ 19 cm)<\/p>","protected":false},"excerpt":{"rendered":"<p>Aquesta bossa bandolera \u00fanica est\u00e0 pintada a m\u00e0 amb un disseny de lib\u00e8l\u00b7lules i est\u00e0 feta completament a m\u00e0 amb pell de vaca espanyola de la millor qualitat.<\/p>","protected":false},"featured_media":370,"template":"","meta":[],"product_brand":[],"product_cat":[246,247],"product_tag":[333,341,343,278,342],"class_list":{"0":"post-12753","1":"product","2":"type-product","3":"status-publish","4":"has-post-thumbnail","6":"product_cat-bosses-de-pell","7":"product_cat-bosses-pintats","8":"product_tag-bossa-de-cuir-feta-a-ma","9":"product_tag-cuir-pintada-a-ma","10":"product_tag-bossa-de-cuir-turquesa","11":"product_tag-bossa-de-nuvia","12":"product_tag-plomes-de-pao-pintades","14":"first","15":"instock","16":"shipping-taxable","17":"purchasable","18":"product-type-simple"},"booking_location":null,"booking_location_type":null,"booking_duration":null,"booking_duration_unit":null,"booking_buffer":null,"booking_cost":null,"booking_resources":null,"_links":{"self":[{"href":"https:\/\/rossymina.cat\/fr\/wp-json\/wp\/v2\/product\/12753","targetHints":{"allow":["GET"]}}],"collection":[{"href":"https:\/\/rossymina.cat\/fr\/wp-json\/wp\/v2\/product"}],"about":[{"href":"https:\/\/rossymina.cat\/fr\/wp-json\/wp\/v2\/types\/product"}],"wp:featuredmedia":[{"embeddable":true,"href":"https:\/\/rossymina.cat\/fr\/wp-json\/wp\/v2\/media\/370"}],"wp:attachment":[{"href":"https:\/\/rossymina.cat\/fr\/wp-json\/wp\/v2\/media?parent=12753"}],"wp:term":[{"taxonomy":"product_brand","embeddable":true,"href":"https:\/\/rossymina.cat\/fr\/wp-json\/wp\/v2\/product_brand?post=12753"},{"taxonomy":"product_cat","embeddable":true,"href":"https:\/\/rossymina.cat\/fr\/wp-json\/wp\/v2\/product_cat?post=12753"},{"taxonomy":"product_tag","embeddable":true,"href":"https:\/\/rossymina.cat\/fr\/wp-json\/wp\/v2\/product_tag?post=12753"}],"curies":[{"name":"wp","href":"https:\/\/api.w.org\/{rel}","templated":true}]}}