{"id":12766,"date":"2025-12-01T19:09:32","date_gmt":"2025-12-01T19:09:32","guid":{"rendered":"https:\/\/rossymina.cat\/producto\/bossa-de-disseny-de-pell-amb-disseny-geometric\/"},"modified":"2026-01-13T21:15:25","modified_gmt":"2026-01-13T21:15:25","slug":"bossa-de-disseny-de-pell-amb-disseny-geometric","status":"publish","type":"product","link":"https:\/\/rossymina.cat\/fr\/bossa-de-disseny-de-pell-amb-disseny-geometric\/","title":{"rendered":"Sac en cuir en cuir marron motif ''Melon\""},"content":{"rendered":"<h1>Bossa de pell informal amb disseny geom\u00e8tric<\/h1>\n<p>Bossa petita \u00fanica per a dona, aquesta mini bossa multifuncional s&#8217;adapta a qualsevol ocasi\u00f3. Pintada a m\u00e0 amb colors neutres, aquesta bossa bandolera rodona de pell de vaca suau de color negre \u00e9s l&#8217;accessori imprescindible per al dia o la nit. Est\u00e0 disponible en pell negra o marr\u00f3 xocolata. Porta una moneder, el tel\u00e8fon i les claus, i tens la bossa perfecta per a una passejada d&#8217;un dia o una discoteca. Pintem acuradament aquestes bosses, una per una, sobre la pell de la millor qualitat, perqu\u00e8 tinguis el mini regal perfecte per a una amiga o per a tu mateixa. Bossa de festa o bossa de nit per sortir.<\/p>\n<p>La longitud de la corretja s&#8217;escur\u00e7a i s&#8217;allarga de 60 a 125 cm (24&#8243; a 47&#8243;)<\/p>\n<p>Fem aquesta bossa en 3 mides<\/p>\n<p>\u00c9s la bossa de la MIDA perfecta de 25 cm d&#8217;amplada \/ 19 cm d&#8217;al\u00e7ada (25 cm), prou gran per a tots els teus objectes essencials (hi cap un port\u00e0til, tel\u00e8fon, cartera, diners, claus). \u00c9s una gran opci\u00f3 per a qualsevol ocasi\u00f3, elegant o informal. La corretja \u00e9s ajustable, prou llarga per portar la bossa creuada o curta com a bossa de m\u00e0.<\/p>\n<p>El folre \u00e9s 100% cot\u00f3 i t\u00e9 una butxaca interior de 15 cm d&#8217;amplada \/ 11 cm d&#8217;al\u00e7ada (15 cm) amb cremallera, prou gran per cabre el tel\u00e8fon o la cartera.<\/p>\n<p>Est\u00e0 disponible en diversos colors<\/p>\n<ul>\n<li>en <span style=\"color: #993300;\">marr\u00f3 xocolata intens\u00a0<\/span><\/span><\/li>\n<li>Negre aut\u00e8ntic<\/strong><\/li>\n<\/ul>\n<p>i s&#8217;adapta als gustos i tend\u00e8ncies m\u00e9s exigents.<\/p>\n<p>\u2022 Pintat a m\u00e0 amb colors especials resistents<br \/>\n\u2022 Pell espanyola i italiana de la millor qualitat<br \/>\n\u2022 F\u00e0cil de netejar i resistent a l&#8217;aigua<br \/>\n\u2022 Segur amb cremallera<br \/>\n\u2022 Corretja de pell duradora amb ferramentes de llaut\u00f3 d&#8217;alta qualitat<br \/>\n\u2022 Butxaca interior<\/p>\n<p>Tamb\u00e9 disponible en una mida <a href=\"https:\/\/rossymina.com\/shop\/bags\/handpainted-bags\/crossbody-leather-bag-with-geometrical-design\" target=\"_blank\" rel=\"noopener\">M\u00c9S GRAN<\/a> de 12\u2033 d&#8217;amplada \/ 8\u2033 d&#8217;al\u00e7ada (30 cm \/ 21 cm)<\/p>","protected":false},"excerpt":{"rendered":"<p>Aquesta bossa bandolera \u00fanica est\u00e0 pintada a m\u00e0 amb un disseny geom\u00e8tric i est\u00e0 feta completament a m\u00e0 amb pell de vaca espanyola de la millor qualitat.<\/p>","protected":false},"featured_media":3433,"template":"","meta":[],"product_brand":[],"product_cat":[246,247],"product_tag":[333,341,281,256],"class_list":{"0":"post-12766","1":"product","2":"type-product","3":"status-publish","4":"has-post-thumbnail","6":"product_cat-bosses-de-pell","7":"product_cat-bosses-pintats","8":"product_tag-bossa-de-cuir-feta-a-ma","9":"product_tag-cuir-pintada-a-ma","10":"product_tag-bossa-de-cuir-marro","11":"product_tag-bossa-de-cuir-negre","12":"pa_size-small","14":"first","15":"instock","16":"shipping-taxable","17":"purchasable","18":"product-type-variable"},"booking_location":null,"booking_location_type":null,"booking_duration":null,"booking_duration_unit":null,"booking_buffer":null,"booking_cost":null,"booking_resources":null,"_links":{"self":[{"href":"https:\/\/rossymina.cat\/fr\/wp-json\/wp\/v2\/product\/12766","targetHints":{"allow":["GET"]}}],"collection":[{"href":"https:\/\/rossymina.cat\/fr\/wp-json\/wp\/v2\/product"}],"about":[{"href":"https:\/\/rossymina.cat\/fr\/wp-json\/wp\/v2\/types\/product"}],"wp:featuredmedia":[{"embeddable":true,"href":"https:\/\/rossymina.cat\/fr\/wp-json\/wp\/v2\/media\/3433"}],"wp:attachment":[{"href":"https:\/\/rossymina.cat\/fr\/wp-json\/wp\/v2\/media?parent=12766"}],"wp:term":[{"taxonomy":"product_brand","embeddable":true,"href":"https:\/\/rossymina.cat\/fr\/wp-json\/wp\/v2\/product_brand?post=12766"},{"taxonomy":"product_cat","embeddable":true,"href":"https:\/\/rossymina.cat\/fr\/wp-json\/wp\/v2\/product_cat?post=12766"},{"taxonomy":"product_tag","embeddable":true,"href":"https:\/\/rossymina.cat\/fr\/wp-json\/wp\/v2\/product_tag?post=12766"}],"curies":[{"name":"wp","href":"https:\/\/api.w.org\/{rel}","templated":true}]}}