{"id":12775,"date":"2025-12-01T19:09:32","date_gmt":"2025-12-01T19:09:32","guid":{"rendered":"https:\/\/rossymina.cat\/producto\/cinturo-de-disseny-amb-libel%c2%b7lules-pintades\/"},"modified":"2026-05-05T15:27:20","modified_gmt":"2026-05-05T15:27:20","slug":"cinturo-de-disseny-amb-libel%c2%b7lules-pintades","status":"publish","type":"product","link":"https:\/\/rossymina.cat\/fr\/cinturo-de-disseny-amb-libel%c2%b7lules-pintades\/","title":{"rendered":"Ceinture de cr\u00e9ateur orn\u00e9e de libellules peintes"},"content":{"rendered":"<h1>Cintur\u00f3 de cuir fet a m\u00e0 per a dona amb disseny de lib\u00e8l\u00b7lules pintades<\/h1>\n<h1>A Rossymina, fem els cinturons de cuir a m\u00e0 amb la millor qualitat de pell de vaca espanyola.<br \/>\nAquest cintur\u00f3 pintat a m\u00e0 \u00e9s l&#8217;accessori perfecte per al teu vestit o pantalons. No nom\u00e9s subjectar\u00e0 els teus texans, sin\u00f3 que tamb\u00e9 far\u00e0 que el teu conjunt destaqui.<br \/>\nEls colors que fem servir s\u00f3n especials i resistents, i estan fets especialment per a cuir. Fem servir una sivella met\u00e0l\u00b7lica robusta en color or vell\/llaut\u00f3, que es mant\u00e9 fermament al seu lloc mitjan\u00e7ant un bot\u00f3 de cargol. L&#8217;\u00fas d&#8217;un cargol et permet canviar la sivella f\u00e0cilment per una altra de la teva elecci\u00f3.\u00a0 Hi ha sivelles platejades disponibles a petici\u00f3. Fem 6 forats a tots els cinturons de cuir personalitzats.<\/p>\n<p>Pour choisir la LONGUEUR correcte\u00a0:<\/p>\n<p>Mesura la mida de la teva cintura exactament on vols portar el cintur\u00f3.<\/p>\n<p>Tamb\u00e9 pots mesurar un cintur\u00f3 antic, des del passador de la sivella fins al forat que m\u00e9s utilitzes.<\/p>\n<p>Tria entre les mides disponibles de 60 a 110 cm (de 24&#8221; a 42&#8221; polzades)<\/p>","protected":false},"excerpt":{"rendered":"<p>Ceintures en cuir peintes \u00e0 la main avec boucle solide<\/p>","protected":false},"featured_media":5099,"template":"","meta":[],"product_brand":[],"product_cat":[253],"product_tag":[314,255,349,125],"class_list":{"0":"post-12775","1":"product","2":"type-product","3":"status-publish","4":"has-post-thumbnail","6":"product_cat-cinturons-de-cuir","7":"product_tag-cinturo-de-pell-fet-a-ma","8":"product_tag-cuir-pintat-a-ma","9":"product_tag-cinturo-de-pell-de-disseny","10":"product_tag-libelulas-pitnadas","12":"first","13":"instock","14":"shipping-taxable","15":"purchasable","16":"product-type-simple"},"booking_location":null,"booking_location_type":null,"booking_duration":null,"booking_duration_unit":null,"booking_buffer":null,"booking_cost":null,"booking_resources":null,"_links":{"self":[{"href":"https:\/\/rossymina.cat\/fr\/wp-json\/wp\/v2\/product\/12775","targetHints":{"allow":["GET"]}}],"collection":[{"href":"https:\/\/rossymina.cat\/fr\/wp-json\/wp\/v2\/product"}],"about":[{"href":"https:\/\/rossymina.cat\/fr\/wp-json\/wp\/v2\/types\/product"}],"wp:featuredmedia":[{"embeddable":true,"href":"https:\/\/rossymina.cat\/fr\/wp-json\/wp\/v2\/media\/5099"}],"wp:attachment":[{"href":"https:\/\/rossymina.cat\/fr\/wp-json\/wp\/v2\/media?parent=12775"}],"wp:term":[{"taxonomy":"product_brand","embeddable":true,"href":"https:\/\/rossymina.cat\/fr\/wp-json\/wp\/v2\/product_brand?post=12775"},{"taxonomy":"product_cat","embeddable":true,"href":"https:\/\/rossymina.cat\/fr\/wp-json\/wp\/v2\/product_cat?post=12775"},{"taxonomy":"product_tag","embeddable":true,"href":"https:\/\/rossymina.cat\/fr\/wp-json\/wp\/v2\/product_tag?post=12775"}],"curies":[{"name":"wp","href":"https:\/\/api.w.org\/{rel}","templated":true}]}}