{"id":12780,"date":"2025-12-01T19:09:32","date_gmt":"2025-12-01T19:09:32","guid":{"rendered":"https:\/\/rossymina.cat\/producto\/ronyonera-de-pell-suau\/"},"modified":"2026-01-13T21:15:24","modified_gmt":"2026-01-13T21:15:24","slug":"ronyonera-de-pell-suau","status":"publish","type":"product","link":"https:\/\/rossymina.cat\/fr\/ronyonera-de-pell-suau\/","title":{"rendered":"Ronyonera de pell suau"},"content":{"rendered":"<h1>Ronyera de pell amb dues butxaques<\/h1>\n<p>El compartiment principal est\u00e0 tancat amb una cremallera met\u00e0l\u00b7lica ykk i la butxaca frontal t\u00e9 una solapa que es tanca amb un tancament magn\u00e8tic. La manera perfecta de portar el tel\u00e8fon m\u00f2bil. Pots portar aquesta ronyonera tant a la cintura com com a bandolera, ja que t\u00e9 un cintur\u00f3 ample ajustable, suau i c\u00f2mode. La ronyonera t\u00e9 prou espai a l&#8217;interior per a petits objectes essencials com ara claus, tel\u00e8fon m\u00f2bil, cartera i cosm\u00e8tics.<br \/>\nCada pe\u00e7a est\u00e0 feta a m\u00e0 per garantir l&#8217;eleg\u00e0ncia i la durabilitat.<br \/>\nLa pell aut\u00e8ntica de vaca pot presentar petites imperfeccions i variacions de color a causa de la naturalesa del material. Aix\u00f2 afegeix singularitat a cada article.<br \/>\nLa pell \u00e9s un material noble, flexible, transpirable i resistent. Madura de meravella.<\/p>\n<p>DIMENSIONS:<\/p>\n<p>Longitud: 23 cm o 9&#8243;<br \/>\nAl\u00e7ada: 14 cm o 5&#8243; 1\/2<br \/>\nAmplada: 4 cm o 1&#8243; 1\/2<br \/>\nCintur\u00f3: 4 cm d&#8217;amplada, la longitud s&#8217;ajusta a la mida del maluc des de 70 cm o 27&#8243; 1\/2 (la part m\u00e9s curta) fins a 110 cm o 43&#8243; (la m\u00e9s llarga)<\/p>","protected":false},"excerpt":{"rendered":"<p>Ronyonera de pell suau i c\u00f2moda amb cremallera i cintur\u00f3 ajustable. Es pot portar als malucs, a la cintura i com a bossa creuada. La butxaca frontal cap al tel\u00e8fon. Trieu entre els colors groc, marr\u00f3, negre o bronzejat.<\/p>","protected":false},"featured_media":8702,"template":"","meta":[],"product_brand":[],"product_cat":[260],"product_tag":[333,350,347,311,297,295,265,313,351],"class_list":{"0":"post-12780","1":"product","2":"type-product","3":"status-publish","4":"has-post-thumbnail","6":"product_cat-ronyoneres","7":"product_tag-bossa-de-cuir-feta-a-ma","8":"product_tag-cuir-groc-mostassa","9":"product_tag-bossa-de-cuir-de-color-marro-clar","10":"product_tag-ronyonera","11":"product_tag-ronyonera-de-cuir","12":"product_tag-ronyonera-de-cuir-negre","13":"product_tag-ronyonera-feta-a-ma","14":"product_tag-ronyonera-groga","15":"product_tag-ronyonera-marro","16":"pa_color-bronzejat","17":"pa_color-groc-mostassa","18":"pa_color-marro","19":"pa_color-negre","20":"pa_color-verd-turquesa","21":"pa_color-vi","23":"first","24":"instock","25":"shipping-taxable","26":"purchasable","27":"product-type-variable"},"booking_location":null,"booking_location_type":null,"booking_duration":null,"booking_duration_unit":null,"booking_buffer":null,"booking_cost":null,"booking_resources":null,"_links":{"self":[{"href":"https:\/\/rossymina.cat\/fr\/wp-json\/wp\/v2\/product\/12780","targetHints":{"allow":["GET"]}}],"collection":[{"href":"https:\/\/rossymina.cat\/fr\/wp-json\/wp\/v2\/product"}],"about":[{"href":"https:\/\/rossymina.cat\/fr\/wp-json\/wp\/v2\/types\/product"}],"wp:featuredmedia":[{"embeddable":true,"href":"https:\/\/rossymina.cat\/fr\/wp-json\/wp\/v2\/media\/8702"}],"wp:attachment":[{"href":"https:\/\/rossymina.cat\/fr\/wp-json\/wp\/v2\/media?parent=12780"}],"wp:term":[{"taxonomy":"product_brand","embeddable":true,"href":"https:\/\/rossymina.cat\/fr\/wp-json\/wp\/v2\/product_brand?post=12780"},{"taxonomy":"product_cat","embeddable":true,"href":"https:\/\/rossymina.cat\/fr\/wp-json\/wp\/v2\/product_cat?post=12780"},{"taxonomy":"product_tag","embeddable":true,"href":"https:\/\/rossymina.cat\/fr\/wp-json\/wp\/v2\/product_tag?post=12780"}],"curies":[{"name":"wp","href":"https:\/\/api.w.org\/{rel}","templated":true}]}}