{"id":12785,"date":"2025-12-01T19:09:32","date_gmt":"2025-12-01T19:09:32","guid":{"rendered":"https:\/\/rossymina.cat\/producto\/arracades-de-dissenyador-turquesa\/"},"modified":"2026-01-13T21:15:21","modified_gmt":"2026-01-13T21:15:21","slug":"arracades-de-dissenyador-turquesa","status":"publish","type":"product","link":"https:\/\/rossymina.cat\/fr\/arracades-de-dissenyador-turquesa\/","title":{"rendered":"Arracades de dissenyador turquesa"},"content":{"rendered":"<h1>Arracades de disseny de cuir verd blav\u00f3s<\/h1>\n<p>Aquestes arracades lleugeres i penjants estan dissenyades amb cuir fi tallat a m\u00e0 per a una sensaci\u00f3 de serrells molt suaus i fluids. Aquestes arracades destacades s\u00f3n originals i atrevides, i un complement per a la versatilitat m\u00e9s gran! Rebr\u00e0s elogis all\u00e0 on les portis!<\/p>\n<p>Aquestes arracades de serrells d&#8217;esperit lliure s\u00f3n perfectes per a qualsevol ocasi\u00f3, ja sigui vestida de manera elegant o combinades amb una samarreta i uns texans.<\/p>\n<p>Les arracades de cuir s\u00f3n molt lleugeres a les orelles, aix\u00ed que porta-les amb les parts posteriors de silicona per evitar perdre-les.<\/p>\n<p>Precioses arracades de pa\u00f3<\/p>\n<div data-appears-component-name=\"listing_page_policy_shipping_variant\">\n<div id=\"shipping-variant-div\" class=\"wt-mb-xs-6 appears-ready\" data-shipping-variant-div=\"\">\n<div class=\"wt-position-relative\">\n<div class=\"wt-grid wt-mb-xs-3\" data-delivery-data=\"\">\n<p>Mida aproximada: 7 cm x 2 cm (2 3\/4&#8243; x 3\/4&#8243;). <\/p>\n<p>Aquestes arracades fetes a m\u00e0 de color turquesa estan disponibles per a orelles perforades amb esferes de llaut\u00f3 o ganxos de filferro sense n\u00edquel o platejats, a petici\u00f3. <\/p>\n<p>Tamb\u00e9 disponibles en TARONJA, VERMELL, Groc i Purpurina. <\/p>\n<\/div>\n<\/div>\n<\/div>\n<\/div>\n<div data-appears-component-name=\"listing_page_policy_shipping_variant\">\n<div id=\"shipping-variant-div\" class=\"wt-mb-xs-6 appears-ready\" data-shipping-variant-div=\"\">\n<div class=\"wt-position-relative\">\n<div class=\"wt-grid wt-mb-xs-3\" data-delivery-data=\"\">\n<div class=\"wt-grid__item-xs-12 wt-text-gray\" data-calculate-shipping-cost=\"\"><\/div>\n<\/div>\n<\/div>\n<\/div>\n<\/div>\n<\/div>","protected":false},"excerpt":{"rendered":"<p>Lleugeres i penjants, les arracades estan fetes amb ganxo o botons en quatre variants.<\/p>","protected":false},"featured_media":4720,"template":"","meta":[],"product_brand":[],"product_cat":[251],"product_tag":[255,249,355,356,354,357,352,353,268,267],"class_list":{"0":"post-12785","1":"product","2":"type-product","3":"status-publish","4":"has-post-thumbnail","6":"product_cat-joieria","7":"product_tag-cuir-pintat-a-ma","8":"product_tag-plomes-de-pao","9":"product_tag-arracades-de-boto","10":"product_tag-arracades-de-color-turquesa","11":"product_tag-arracades-fetes-a-ma","12":"product_tag-arracades-turquesa","13":"product_tag-arracades-xules","14":"product_tag-cadena-darracades","15":"product_tag-joieria-casolana","16":"product_tag-joieria-feta-a-ma","17":"pa_shape-almond","18":"pa_shape-chain","19":"pa_shape-feather","20":"pa_shape-fringe","22":"first","23":"instock","24":"shipping-taxable","25":"purchasable","26":"product-type-variable"},"booking_location":null,"booking_location_type":null,"booking_duration":null,"booking_duration_unit":null,"booking_buffer":null,"booking_cost":null,"booking_resources":null,"_links":{"self":[{"href":"https:\/\/rossymina.cat\/fr\/wp-json\/wp\/v2\/product\/12785","targetHints":{"allow":["GET"]}}],"collection":[{"href":"https:\/\/rossymina.cat\/fr\/wp-json\/wp\/v2\/product"}],"about":[{"href":"https:\/\/rossymina.cat\/fr\/wp-json\/wp\/v2\/types\/product"}],"wp:featuredmedia":[{"embeddable":true,"href":"https:\/\/rossymina.cat\/fr\/wp-json\/wp\/v2\/media\/4720"}],"wp:attachment":[{"href":"https:\/\/rossymina.cat\/fr\/wp-json\/wp\/v2\/media?parent=12785"}],"wp:term":[{"taxonomy":"product_brand","embeddable":true,"href":"https:\/\/rossymina.cat\/fr\/wp-json\/wp\/v2\/product_brand?post=12785"},{"taxonomy":"product_cat","embeddable":true,"href":"https:\/\/rossymina.cat\/fr\/wp-json\/wp\/v2\/product_cat?post=12785"},{"taxonomy":"product_tag","embeddable":true,"href":"https:\/\/rossymina.cat\/fr\/wp-json\/wp\/v2\/product_tag?post=12785"}],"curies":[{"name":"wp","href":"https:\/\/api.w.org\/{rel}","templated":true}]}}