{"id":12795,"date":"2025-12-01T19:09:37","date_gmt":"2025-12-01T19:09:37","guid":{"rendered":"https:\/\/rossymina.cat\/producto\/arracades-de-dissenyador-vermelles-2\/"},"modified":"2025-12-01T19:09:40","modified_gmt":"2025-12-01T19:09:40","slug":"arracades-de-dissenyador-vermelles-2","status":"publish","type":"product","link":"https:\/\/rossymina.cat\/fr\/arracades-de-dissenyador-vermelles-2\/","title":{"rendered":"Arracades de dissenyador vermelles"},"content":{"rendered":"<h1>Arracades de disseny de cuir vermell<\/h1>\n<p>Aquestes arracades lleugeres i penjants estan dissenyades amb cuir fi tallat a m\u00e0 per a una sensaci\u00f3 de serrells molt suaus i fluids. Aquestes arracades destacades s\u00f3n originals i atrevides, i un complement per a la versatilitat m\u00e9s gran! Rebr\u00e0s elogis all\u00e0 on les portis!<\/p>\n<p>Aquestes arracades de serrells d&#8217;esperit lliure s\u00f3n perfectes per a qualsevol ocasi\u00f3, ja sigui vestida de manera elegant o combinades amb una samarreta i uns texans.<\/p>\n<p>Les arracades de cuir s\u00f3n molt lleugeres a les orelles, aix\u00ed que porta-les amb les parts posteriors de silicona per evitar perdre-les.<\/p>\n<p>Precioses arracades de pa\u00f3<\/p>\n<div data-appears-component-name=\"listing_page_policy_shipping_variant\">\n<div id=\"shipping-variant-div\" class=\"wt-mb-xs-6 appears-ready\" data-shipping-variant-div=\"\">\n<div class=\"wt-position-relative\">\n<div class=\"wt-grid wt-mb-xs-3\" data-delivery-data=\"\">\n<p>Mida aproximada: 7 cm x 2 cm (2 3\/4&#8243; x 3\/4&#8243;). <\/p>\n<p>Les arracades fetes a m\u00e0 de color turquesa estan disponibles per a orelles perforades amb esferes de llaut\u00f3 o ganxos de filferro sense n\u00edquel o platejats, a petici\u00f3. <\/p>\n<p>Tamb\u00e9 disponibles en TARONJA, <a href=\"https:\/\/rossymina.com\/shop\/bisuteria-es\/teal-earrings\/\" target=\"_blank\" rel=\"noopener\">TURQUESA<\/a>, GROC i purpurina. <\/p>\n<\/div>\n<\/div>\n<\/div>\n<\/div>\n<div data-appears-component-name=\"listing_page_policy_shipping_variant\">\n<div id=\"shipping-variant-div\" class=\"wt-mb-xs-6 appears-ready\" data-shipping-variant-div=\"\">\n<div class=\"wt-position-relative\">\n<div class=\"wt-grid wt-mb-xs-3\" data-delivery-data=\"\">\n<div class=\"wt-grid__item-xs-12 wt-text-gray\" data-calculate-shipping-cost=\"\"><\/div>\n<\/div>\n<\/div>\n<\/div>\n<\/div>\n<\/div>","protected":false},"excerpt":{"rendered":"<p>Lleugeres i penjants, les arracades estan fetes amb ganxo o botons en quatre variants.<\/p>","protected":false},"featured_media":3141,"template":"","meta":[],"product_brand":[],"product_cat":[251],"product_tag":[255,249,355,354,359,352,353,268,267,358],"class_list":{"0":"post-12795","1":"product","2":"type-product","3":"status-publish","4":"has-post-thumbnail","6":"product_cat-joieria","7":"product_tag-cuir-pintat-a-ma","8":"product_tag-plomes-de-pao","9":"product_tag-arracades-de-boto","10":"product_tag-arracades-fetes-a-ma","11":"product_tag-arracades-vermelles","12":"product_tag-arracades-xules","13":"product_tag-cadena-darracades","14":"product_tag-joieria-casolana","15":"product_tag-joieria-feta-a-ma","16":"product_tag-joieria-vermella-i-negra","18":"first","19":"instock","20":"shipping-taxable","21":"purchasable","22":"product-type-variable"},"booking_location":null,"booking_location_type":null,"booking_duration":null,"booking_duration_unit":null,"booking_buffer":null,"booking_cost":null,"booking_resources":null,"_links":{"self":[{"href":"https:\/\/rossymina.cat\/fr\/wp-json\/wp\/v2\/product\/12795","targetHints":{"allow":["GET"]}}],"collection":[{"href":"https:\/\/rossymina.cat\/fr\/wp-json\/wp\/v2\/product"}],"about":[{"href":"https:\/\/rossymina.cat\/fr\/wp-json\/wp\/v2\/types\/product"}],"wp:featuredmedia":[{"embeddable":true,"href":"https:\/\/rossymina.cat\/fr\/wp-json\/wp\/v2\/media\/3141"}],"wp:attachment":[{"href":"https:\/\/rossymina.cat\/fr\/wp-json\/wp\/v2\/media?parent=12795"}],"wp:term":[{"taxonomy":"product_brand","embeddable":true,"href":"https:\/\/rossymina.cat\/fr\/wp-json\/wp\/v2\/product_brand?post=12795"},{"taxonomy":"product_cat","embeddable":true,"href":"https:\/\/rossymina.cat\/fr\/wp-json\/wp\/v2\/product_cat?post=12795"},{"taxonomy":"product_tag","embeddable":true,"href":"https:\/\/rossymina.cat\/fr\/wp-json\/wp\/v2\/product_tag?post=12795"}],"curies":[{"name":"wp","href":"https:\/\/api.w.org\/{rel}","templated":true}]}}