{"id":12809,"date":"2025-12-01T19:09:42","date_gmt":"2025-12-01T19:09:42","guid":{"rendered":"https:\/\/rossymina.cat\/producto\/motxilla-de-pell-convertible-extra-gran-en-bossa-tote\/"},"modified":"2026-01-13T21:16:10","modified_gmt":"2026-01-13T21:16:10","slug":"motxilla-de-pell-convertible-extra-gran-en-bossa-tote","status":"publish","type":"product","link":"https:\/\/rossymina.cat\/fr\/motxilla-de-pell-convertible-extra-gran-en-bossa-tote\/","title":{"rendered":"Sac \u00e0 dos convertible en cuir extra large, transformable en sac fourre-tout"},"content":{"rendered":"<h1>Motxilla gran de cuir negre convertible en bossa tote amb cremallera. Motxilla per a port\u00e0til \/ bossa de compra minimalista. Motxilla extragrande.<\/h1>\n<p>Bossa extragrande \u00fanica.<br \/>\nBossa motxilla de cuir negre convertible en bossa tote per a dona o home.<br \/>\nAquest disseny intel\u00b7ligent de la nostra motxilla es pot convertir f\u00e0cilment en una bossa tote amb un sol gest de la m\u00e0. Nom\u00e9s cal estirar la corretja cap amunt per portar-la com a bossa de compra. No cal portar corretges addicionals ni canviar de posici\u00f3. Podeu ajustar la longitud de les corretges per a m\u00e9s comoditat.<br \/>\nLa motxilla est\u00e0 feta a m\u00e0 i est\u00e0 feta de cuir de vaca 100% nubuck d&#8217;alta qualitat. Hem dissenyat aquesta bossa minimalista amb un compartiment gran i una gran butxaca frontal amb cremallera. Ho guarda tot a dins de manera segura i es tanca amb una cremallera met\u00e0l\u00b7lica. Est\u00e0 folrada amb cot\u00f3 100% lleuger.<br \/>\nPodreu portar un port\u00e0til de 17 polzades, documents o un quadern i una carpeta A4. La butxaca \u00e9s perfecta per a m\u00f2bils, la cartera o els cosm\u00e8tics i les claus.<\/p>\n<p>Aquest disseny intel\u00b7ligent i convertible de la nostra motxilla es pot convertir f\u00e0cilment en una bossa tote amb un sol gest de la m\u00e0. Nom\u00e9s cal estirar la corretja per portar-la com a bossa de compra. No cal portar corretges addicionals ni canviar de posici\u00f3. Podeu ajustar la longitud de les corretges per a m\u00e9s comoditat.<\/p>\n<p>Aquesta vers\u00e0til bossa tote i motxilla negra est\u00e0 feta a m\u00e0 i est\u00e0 feta de pell de vaca 100% d&#8217;alta qualitat. Hem dissenyat aquesta bossa minimalista amb un compartiment gran i una gran butxaca frontal amb cremallera. Ho guarda tot a dins de manera segura i es tanca amb una cremallera met\u00e0l\u00b7lica. Est\u00e0 folrada amb cot\u00f3 100% de color clar.<\/p>\n<p>Organitzeu les vostres pertinences personals amb els dos compartiments amb cremallera. Podreu portar un ordinador port\u00e0til de 16 polzades, documents, una ampolla d&#8217;aigua, un quadern, una carpeta A4 i molt m\u00e9s. Les butxaques seran perfectes per a m\u00f2bils, la cartera o cosm\u00e8tics i claus.<\/p>\n<p>Aquesta bossa convertible \u00e9s lleugera i t\u00e9 un tacte molt suau.<br \/>\nLa nostra motxilla de pell Rossymina \u00e9s una gran opci\u00f3 per a un dia a dia per a l&#8217;escola, la feina, els viatges i molt m\u00e9s&#8230; Tamb\u00e9 ser\u00e0 un regal meravell\u00f3s per a alg\u00fa que estimes<br \/>\nTamb\u00e9 pots demanar aquesta bossa amb cremallera platejada.<br \/>\nNo dubtis a demanar m\u00e9s colors. La farem per enc\u00e0rrec en pocs dies.<\/p>\n<p>\u2726Dimensions:\u2726<br \/>\n40 x 38 x 14 cm<br \/>\nButxaca frontal:<br \/>\n36 x 26 cm<\/p>\n<p>Aquesta bossa convertible \u00e9s lleugera i t\u00e9 un tacte molt suau.<br \/>\nLa nostra motxilla de pell ser\u00e0 una bossa ideal per a un dia a dia per a l&#8217;escola, la feina, els viatges i molt m\u00e9s&#8230; Tamb\u00e9 ser\u00e0 un regal meravell\u00f3s per a alg\u00fa que estimes<\/p>","protected":false},"excerpt":{"rendered":"<p>Motxilla gran de cuir negre convertible en bossa tote amb cremallera. Motxilla per a port\u00e0til \/ bossa de compra minimalista. Motxilla extragrande. Bossa extragrande \u00fanica. Bossa motxilla de cuir negre convertible en bossa tote per a dona o home. Aquest disseny intel\u00b7ligent de la nostra motxilla es pot convertir f\u00e0cilment en una bossa tote amb [&hellip;]<\/p>\n","protected":false},"featured_media":10844,"template":"","meta":[],"product_brand":[],"product_cat":[318],"product_tag":[369,241,370,331],"class_list":{"0":"post-12809","1":"product","2":"type-product","3":"status-publish","4":"has-post-thumbnail","6":"product_cat-motxilles","7":"product_tag-motxilla-de-pell-feta-a-ma","8":"product_tag-pell-de-color-marro-clar","9":"product_tag-bossa-de-color-marro-clar","10":"product_tag-bossa-tote-convertible-de-pell","12":"first","13":"instock","14":"shipping-taxable","15":"purchasable","16":"product-type-simple"},"booking_location":null,"booking_location_type":null,"booking_duration":null,"booking_duration_unit":null,"booking_buffer":null,"booking_cost":null,"booking_resources":null,"_links":{"self":[{"href":"https:\/\/rossymina.cat\/fr\/wp-json\/wp\/v2\/product\/12809","targetHints":{"allow":["GET"]}}],"collection":[{"href":"https:\/\/rossymina.cat\/fr\/wp-json\/wp\/v2\/product"}],"about":[{"href":"https:\/\/rossymina.cat\/fr\/wp-json\/wp\/v2\/types\/product"}],"wp:featuredmedia":[{"embeddable":true,"href":"https:\/\/rossymina.cat\/fr\/wp-json\/wp\/v2\/media\/10844"}],"wp:attachment":[{"href":"https:\/\/rossymina.cat\/fr\/wp-json\/wp\/v2\/media?parent=12809"}],"wp:term":[{"taxonomy":"product_brand","embeddable":true,"href":"https:\/\/rossymina.cat\/fr\/wp-json\/wp\/v2\/product_brand?post=12809"},{"taxonomy":"product_cat","embeddable":true,"href":"https:\/\/rossymina.cat\/fr\/wp-json\/wp\/v2\/product_cat?post=12809"},{"taxonomy":"product_tag","embeddable":true,"href":"https:\/\/rossymina.cat\/fr\/wp-json\/wp\/v2\/product_tag?post=12809"}],"curies":[{"name":"wp","href":"https:\/\/api.w.org\/{rel}","templated":true}]}}