{"id":12810,"date":"2025-12-01T19:09:42","date_gmt":"2025-12-01T19:09:42","guid":{"rendered":"https:\/\/rossymina.cat\/producto\/bossa-de-pell-negra-de-mitja-lluna\/"},"modified":"2026-01-13T21:15:21","modified_gmt":"2026-01-13T21:15:21","slug":"bossa-de-pell-negra-de-mitja-lluna","status":"publish","type":"product","link":"https:\/\/rossymina.cat\/fr\/bossa-de-pell-negra-de-mitja-lluna\/","title":{"rendered":"Sacoche en cuir noir en forme de demi-lune"},"content":{"rendered":"<h1>Bossa rodona de pell<\/h1>\n<p>La bossa de la mida perfecta per al dia a dia. Mini bossa de pell negra. Fem aquestes bosses en diferents colors, com ara color camel natural, mostassa o color turquesa. Hi ha prou espai per a una cartera petita, un tel\u00e8fon, les claus i tot el que necessiteu per a l&#8217;\u00fas diari. Aquesta bossa de color uniforme tamb\u00e9 \u00e9s ultralleugera. La corretja \u00e9s prou llarga per portar-la com a bossa creuada, bossa de m\u00e0 o al voltant dels malucs com a ronyonera si voleu. En una ocasi\u00f3 especial, podeu treure-la i portar-la com a m\u00e0niga de m\u00e0.<\/p>\n<p>La longitud de la corretja s&#8217;escur\u00e7a i s&#8217;allarga de 24&#8243; a 50&#8243; (60 a 130 cm)<\/p>","protected":false},"excerpt":{"rendered":"<p>bossa rodona petita<\/p>","protected":false},"featured_media":8482,"template":"","meta":[],"product_brand":[],"product_cat":[273,246],"product_tag":[376,374,372,371,377,375,373],"class_list":{"0":"post-12810","1":"product","2":"type-product","3":"status-publish","4":"has-post-thumbnail","6":"product_cat-bosses-llises-pell","7":"product_cat-bosses-de-pell","8":"product_tag-bossa-de-color-bronzejat","9":"product_tag-bossa-de-pell-groc-mostassa","10":"product_tag-bossa-de-pell-marro","11":"product_tag-bossa-de-pell-negra","12":"product_tag-bossa-de-pell-turquesa","13":"product_tag-bossa-petita","14":"product_tag-moneder-minimalista","16":"first","17":"instock","18":"shipping-taxable","19":"purchasable","20":"product-type-simple"},"booking_location":null,"booking_location_type":null,"booking_duration":null,"booking_duration_unit":null,"booking_buffer":null,"booking_cost":null,"booking_resources":null,"_links":{"self":[{"href":"https:\/\/rossymina.cat\/fr\/wp-json\/wp\/v2\/product\/12810","targetHints":{"allow":["GET"]}}],"collection":[{"href":"https:\/\/rossymina.cat\/fr\/wp-json\/wp\/v2\/product"}],"about":[{"href":"https:\/\/rossymina.cat\/fr\/wp-json\/wp\/v2\/types\/product"}],"wp:featuredmedia":[{"embeddable":true,"href":"https:\/\/rossymina.cat\/fr\/wp-json\/wp\/v2\/media\/8482"}],"wp:attachment":[{"href":"https:\/\/rossymina.cat\/fr\/wp-json\/wp\/v2\/media?parent=12810"}],"wp:term":[{"taxonomy":"product_brand","embeddable":true,"href":"https:\/\/rossymina.cat\/fr\/wp-json\/wp\/v2\/product_brand?post=12810"},{"taxonomy":"product_cat","embeddable":true,"href":"https:\/\/rossymina.cat\/fr\/wp-json\/wp\/v2\/product_cat?post=12810"},{"taxonomy":"product_tag","embeddable":true,"href":"https:\/\/rossymina.cat\/fr\/wp-json\/wp\/v2\/product_tag?post=12810"}],"curies":[{"name":"wp","href":"https:\/\/api.w.org\/{rel}","templated":true}]}}