{"id":12825,"date":"2025-12-01T19:09:42","date_gmt":"2025-12-01T19:09:42","guid":{"rendered":"https:\/\/rossymina.cat\/producto\/bossa-de-cinturo-de-cuir-de-disseny\/"},"modified":"2026-01-13T21:15:22","modified_gmt":"2026-01-13T21:15:22","slug":"bossa-de-cinturo-de-cuir-de-disseny","status":"publish","type":"product","link":"https:\/\/rossymina.cat\/fr\/bossa-de-cinturo-de-cuir-de-disseny\/","title":{"rendered":"Bossa de cintur\u00f3 de cuir de disseny"},"content":{"rendered":"<h1>Ronyiola de cuir de disseny amb dos compartiments<\/h1>\n<p>Aquesta petita ronyonera est\u00e0 feta de cuir negre suau i t\u00e9 una fina sivella doblegada. El compartiment principal est\u00e0 tancat amb una cremallera YKK met\u00e0l\u00b7lica i hi ha una butxaca frontal que es tanca amb un bot\u00f3.<\/p>\n<p>La manera perfecta de portar el tel\u00e8fon m\u00f2bil. Pots portar aquesta ronyonera tant a la cintura com a bandolera. La ronyonera t\u00e9 prou espai a l&#8217;interior per a petits objectes essencials com ara claus, tel\u00e8fon m\u00f2bil o cartera.<br \/>\nSi us plau, deixa una nota amb les mesures de la talla m\u00e9s curta amb qu\u00e8 la portar\u00e0s.<\/p>","protected":false},"excerpt":{"rendered":"<p>Ronyonera petita de cuir negre minimalista amb cremallera i cintur\u00f3 ajustable. Es pot portar als malucs, a la cintura i com a bandolera.<\/p>","protected":false},"featured_media":10866,"template":"","meta":[],"product_brand":[],"product_cat":[260],"product_tag":[309,311],"class_list":{"0":"post-12825","1":"product","2":"type-product","3":"status-publish","4":"has-post-thumbnail","6":"product_cat-ronyoneres","7":"product_tag-bossa-de-pell-feta-a-ma","8":"product_tag-ronyonera","10":"first","11":"instock","12":"shipping-taxable","13":"purchasable","14":"product-type-simple"},"booking_location":null,"booking_location_type":null,"booking_duration":null,"booking_duration_unit":null,"booking_buffer":null,"booking_cost":null,"booking_resources":null,"_links":{"self":[{"href":"https:\/\/rossymina.cat\/fr\/wp-json\/wp\/v2\/product\/12825","targetHints":{"allow":["GET"]}}],"collection":[{"href":"https:\/\/rossymina.cat\/fr\/wp-json\/wp\/v2\/product"}],"about":[{"href":"https:\/\/rossymina.cat\/fr\/wp-json\/wp\/v2\/types\/product"}],"wp:featuredmedia":[{"embeddable":true,"href":"https:\/\/rossymina.cat\/fr\/wp-json\/wp\/v2\/media\/10866"}],"wp:attachment":[{"href":"https:\/\/rossymina.cat\/fr\/wp-json\/wp\/v2\/media?parent=12825"}],"wp:term":[{"taxonomy":"product_brand","embeddable":true,"href":"https:\/\/rossymina.cat\/fr\/wp-json\/wp\/v2\/product_brand?post=12825"},{"taxonomy":"product_cat","embeddable":true,"href":"https:\/\/rossymina.cat\/fr\/wp-json\/wp\/v2\/product_cat?post=12825"},{"taxonomy":"product_tag","embeddable":true,"href":"https:\/\/rossymina.cat\/fr\/wp-json\/wp\/v2\/product_tag?post=12825"}],"curies":[{"name":"wp","href":"https:\/\/api.w.org\/{rel}","templated":true}]}}